{"id":2070,"date":"2024-09-02T21:38:59","date_gmt":"2024-09-02T13:38:59","guid":{"rendered":"https:\/\/www.powerforevercharger.com\/?post_type=product&#038;p=2070"},"modified":"2026-04-16T15:22:35","modified_gmt":"2026-04-16T07:22:35","slug":"semi-electric-forklift-truck-special-charger12v-10a-aluminum-housing-black-ip45-charger-12-8volt-for-lithium-battery","status":"publish","type":"product","link":"https:\/\/www.powerforevercharger.com\/es\/producto\/semi-electric-forklift-truck-special-charger12v-10a-aluminum-housing-black-ip45-charger-12-8volt-for-lithium-battery\/","title":{"rendered":"180W 12V 10A Lithium Onboard Battery Charge"},"content":{"rendered":"<p>Los productos de la serie QA180A son cargadores semisellados con bajo rendimiento de estanqueidad IP45. El aspecto es de moldeo por extrusi\u00f3n de aluminio, de color negro. El producto no tiene asa, pero es de tama\u00f1o peque\u00f1o, ligero y f\u00e1cil de transportar.<\/p>\n<p>T\u00e9cnicamente, se adopta la arquitectura de circuito flyback. Este producto no es adecuado para productos de salida de alta tensi\u00f3n. Los productos de la serie QA180A no tienen funci\u00f3n de correcci\u00f3n del factor de potencia, ni fuente de alimentaci\u00f3n auxiliar, y la tensi\u00f3n m\u00ednima de arranque es de 12 V. La l\u00ednea de entrada externa reemplazable es conveniente para reemplazar cables de alimentaci\u00f3n con diferentes enchufes. El cargador est\u00e1 dise\u00f1ado con m\u00faltiples caracter\u00edsticas de seguridad, tales como protecci\u00f3n contra sobrecarga, protecci\u00f3n contra cortocircuitos y protecci\u00f3n contra polaridad inversa.<\/p>\n<p>Este producto se utiliza ampliamente en peque\u00f1as fregadoras de suelos, plataformas elevadoras de tijera m\u00f3viles el\u00e9ctricas, carritos para el polvo, scooters para personas mayores, carretillas elevadoras el\u00e9ctricas de peque\u00f1a potencia y otros campos de aplicaci\u00f3n.<\/p>\n<table>\n<tbody>\n<tr>\n<td width=\"255\">Modelo\uff1a<\/td>\n<td width=\"420\">QD180A-12V10A<\/td>\n<td width=\"313\">Shell:<\/td>\n<td width=\"418\">Alumiunim<\/td>\n<\/tr>\n<tr>\n<td width=\"255\">Entrada de CA:<\/td>\n<td width=\"420\">180-264VAC;45-65Hz<\/td>\n<td width=\"313\">Tama\u00f1o:<\/td>\n<td width=\"418\">151*84*50 mm 5,94*3,31*1,97 pulgadas<\/td>\n<\/tr>\n<tr>\n<td width=\"255\">Corriente de entrada m\u00e1xima:<\/td>\n<td>\u22642,4A@110VAC\/ \u22641,2A220VAC<\/td>\n<td width=\"313\">Peso\uff1a<\/td>\n<td width=\"418\">0,9 kg<\/td>\n<\/tr>\n<tr>\n<td width=\"255\">Eficiencia m\u00e1xima:<\/td>\n<td width=\"420\">\u226589.0%<\/td>\n<td width=\"313\">Impermeable:<\/td>\n<td width=\"418\">IP45<\/td>\n<\/tr>\n<tr>\n<td width=\"255\">Ruido:<\/td>\n<td width=\"420\">\u226445dB<\/td>\n<td width=\"313\">Temperatura de funcionamiento\uff1a<\/td>\n<td width=\"418\">-30\u2103~65\u2103<\/td>\n<\/tr>\n<tr>\n<td width=\"255\">Color disponible<\/td>\n<td width=\"420\">Full en negro;<br \/>\nOtros personalizados en MOQ:500Sets<\/td>\n<td width=\"313\">Temperatura de almacenamiento:<\/td>\n<td width=\"418\">-40\u2103~95\u2103<\/td>\n<\/tr>\n<tr>\n<td width=\"255\">Modo de control<\/td>\n<td width=\"420\">Chip de control digital independiente e inteligente<\/td>\n<td width=\"313\">Garant\u00eda<\/td>\n<td width=\"418\">2 a\u00f1os<\/td>\n<\/tr>\n<tr>\n<td width=\"255\">Factor de potencia<\/td>\n<td width=\"420\">\u22650.99<\/td>\n<td width=\"313\">MOQ:<\/td>\n<td width=\"418\">6 juegos<\/td>\n<\/tr>\n<tr>\n<td width=\"255\">Indicador LED Tipo1<\/p>\n<p><img decoding=\"async\" class=\"alignnone wp-image-2036\" src=\"https:\/\/www.powerforevercharger.com\/wp-content\/uploads\/2024\/09\/\u56fe\u72471-6.png\" alt=\"\" width=\"70\" height=\"67\" srcset=\"https:\/\/www.powerforevercharger.com\/wp-content\/uploads\/2024\/09\/\u56fe\u72471-6.png 271w, https:\/\/www.powerforevercharger.com\/wp-content\/uploads\/2024\/09\/\u56fe\u72471-6-13x12.png 13w\" sizes=\"(max-width: 70px) 100vw, 70px\" \/><\/td>\n<td width=\"420\">Luz roja intermitente: \u226490%<br \/>\nLuz verde intermitente: \u226590%<br \/>\nLa luz verde est\u00e1 siempre encendida: 100%<\/td>\n<td width=\"313\">Indicador LED Tipo2<br \/>\n<img decoding=\"async\" class=\"alignnone wp-image-2037\" src=\"https:\/\/www.powerforevercharger.com\/wp-content\/uploads\/2024\/09\/\u56fe\u72471-7.png\" alt=\"\" width=\"70\" height=\"69\" srcset=\"https:\/\/www.powerforevercharger.com\/wp-content\/uploads\/2024\/09\/\u56fe\u72471-7.png 196w, https:\/\/www.powerforevercharger.com\/wp-content\/uploads\/2024\/09\/\u56fe\u72471-7-150x150.png 150w, https:\/\/www.powerforevercharger.com\/wp-content\/uploads\/2024\/09\/\u56fe\u72471-7-12x12.png 12w, https:\/\/www.powerforevercharger.com\/wp-content\/uploads\/2024\/09\/\u56fe\u72471-7-100x100.png 100w, https:\/\/www.powerforevercharger.com\/wp-content\/uploads\/2024\/09\/\u56fe\u72471-7-50x50.png 50w\" sizes=\"(max-width: 70px) 100vw, 70px\" \/><\/td>\n<td width=\"418\">Luz roja intermitente: \u226480%<br \/>\nLuz amarilla intermitente: \u226580%<br \/>\nLuz verde intermitente: \u2248100%<br \/>\nLa luz verde est\u00e1 siempre encendida: 100%<\/td>\n<\/tr>\n<tr>\n<td width=\"255\">Curva de carga Personalizada<\/td>\n<td>S\u00ed (precarga, apagado autom\u00e1tico, protecci\u00f3n contra sobrecarga, etc.).<\/td>\n<td><\/td>\n<td><\/td>\n<\/tr>\n<tr>\n<td width=\"255\">Protecci\u00f3n:<\/td>\n<td colspan=\"3\" width=\"1152\">1.Protecci\u00f3n contra quemaduras,<br \/>\n2.Protecci\u00f3n contra la conexi\u00f3n inversa de las bater\u00edas<br \/>\n3.Protecci\u00f3n sin carga<br \/>\n4.Protecci\u00f3n contra cortocircuitos<br \/>\n5.Apagado autom\u00e1tico cuando est\u00e1 completamente cargada<\/td>\n<\/tr>\n<tr>\n<td width=\"255\">Paquete<\/td>\n<td colspan=\"3\" width=\"1152\">20 unidades por caja; Tama\u00f1o de la caja interior: 240*155*65 mm<br \/>\nTama\u00f1o exterior de la caja:550*420*280mm;0.065CBM\/Cart\u00f3n; GW:24KG<\/td>\n<\/tr>\n<tr>\n<td width=\"255\">Aplicaci\u00f3n<\/td>\n<td colspan=\"3\" width=\"1152\">Es adecuado para bater\u00edas de plomo-\u00e1cido inundadas, bater\u00edas de plomo-\u00e1cido selladas, bater\u00edas de litio, bater\u00edas NI-MH, bater\u00edas de n\u00edquel-cadmio, etc.<\/td>\n<\/tr>\n<\/tbody>\n<\/table>\n<p><img fetchpriority=\"high\" decoding=\"async\" class=\"alignnone size-full wp-image-2091\" src=\"https:\/\/www.powerforevercharger.com\/wp-content\/uploads\/2024\/09\/7-Overview-\u6587\u5b57\u4e0b\u9762\u7684\u56fe-1.jpg\" alt=\"\" width=\"2000\" height=\"2000\" srcset=\"https:\/\/www.powerforevercharger.com\/wp-content\/uploads\/2024\/09\/7-Overview-\u6587\u5b57\u4e0b\u9762\u7684\u56fe-1.jpg 2000w, https:\/\/www.powerforevercharger.com\/wp-content\/uploads\/2024\/09\/7-Overview-\u6587\u5b57\u4e0b\u9762\u7684\u56fe-1-300x300.jpg 300w, https:\/\/www.powerforevercharger.com\/wp-content\/uploads\/2024\/09\/7-Overview-\u6587\u5b57\u4e0b\u9762\u7684\u56fe-1-1024x1024.jpg 1024w, https:\/\/www.powerforevercharger.com\/wp-content\/uploads\/2024\/09\/7-Overview-\u6587\u5b57\u4e0b\u9762\u7684\u56fe-1-150x150.jpg 150w, https:\/\/www.powerforevercharger.com\/wp-content\/uploads\/2024\/09\/7-Overview-\u6587\u5b57\u4e0b\u9762\u7684\u56fe-1-768x768.jpg 768w, https:\/\/www.powerforevercharger.com\/wp-content\/uploads\/2024\/09\/7-Overview-\u6587\u5b57\u4e0b\u9762\u7684\u56fe-1-1536x1536.jpg 1536w, https:\/\/www.powerforevercharger.com\/wp-content\/uploads\/2024\/09\/7-Overview-\u6587\u5b57\u4e0b\u9762\u7684\u56fe-1-12x12.jpg 12w, https:\/\/www.powerforevercharger.com\/wp-content\/uploads\/2024\/09\/7-Overview-\u6587\u5b57\u4e0b\u9762\u7684\u56fe-1-600x600.jpg 600w, https:\/\/www.powerforevercharger.com\/wp-content\/uploads\/2024\/09\/7-Overview-\u6587\u5b57\u4e0b\u9762\u7684\u56fe-1-100x100.jpg 100w, https:\/\/www.powerforevercharger.com\/wp-content\/uploads\/2024\/09\/7-Overview-\u6587\u5b57\u4e0b\u9762\u7684\u56fe-1-50x50.jpg 50w\" sizes=\"(max-width: 2000px) 100vw, 2000px\" \/><\/p>","protected":false},"excerpt":{"rendered":"<p>The QA180A series products are semi-sealed chargers with low waterproof performance IP45. The appearance is aluminum extrusion molding, black. The product has no handle but is small in size, light in weight, and easy to carry. Technically, the flyback circuit architecture is adopted. This product is not suitable for high-voltage output products. The QA180A series [&hellip;]<\/p>","protected":false},"featured_media":2075,"comment_status":"open","ping_status":"closed","template":"","meta":{"_acf_changed":false},"product_cat":[18],"product_tag":[],"class_list":{"0":"post-2070","1":"product","2":"type-product","3":"status-publish","4":"has-post-thumbnail","6":"product_cat-12v-charger","8":"first","9":"instock","10":"shipping-taxable","11":"product-type-simple"},"acf":[],"yoast_head":"<!-- This site is optimized with the Yoast SEO plugin v20.11 - https:\/\/yoast.com\/wordpress\/plugins\/seo\/ -->\n<title>180W 12V 10A Lithium Onboard Battery Charge - HEIFEI POWER<\/title>\n<meta name=\"robots\" content=\"index, follow, max-snippet:-1, max-image-preview:large, max-video-preview:-1\" \/>\n<link rel=\"canonical\" href=\"https:\/\/www.powerforevercharger.com\/es\/producto\/semi-electric-forklift-truck-special-charger12v-10a-aluminum-housing-black-ip45-charger-12-8volt-for-lithium-battery\/\" \/>\n<meta property=\"og:locale\" content=\"es_ES\" \/>\n<meta property=\"og:type\" content=\"article\" \/>\n<meta property=\"og:title\" content=\"180W 12V 10A Lithium Onboard Battery Charge - HEIFEI POWER\" \/>\n<meta property=\"og:description\" content=\"The QA180A series products are semi-sealed chargers with low waterproof performance IP45. The appearance is aluminum extrusion molding, black. The product has no handle but is small in size, light in weight, and easy to carry. Technically, the flyback circuit architecture is adopted. This product is not suitable for high-voltage output products. The QA180A series [&hellip;]\" \/>\n<meta property=\"og:url\" content=\"https:\/\/www.powerforevercharger.com\/es\/producto\/semi-electric-forklift-truck-special-charger12v-10a-aluminum-housing-black-ip45-charger-12-8volt-for-lithium-battery\/\" \/>\n<meta property=\"og:site_name\" content=\"HEIFEI POWER\" \/>\n<meta property=\"article:modified_time\" content=\"2026-04-16T07:22:35+00:00\" \/>\n<meta property=\"og:image\" content=\"https:\/\/www.powerforevercharger.com\/wp-content\/uploads\/2024\/09\/1\u4e3b\u56fe-2.jpg\" \/>\n\t<meta property=\"og:image:width\" content=\"2000\" \/>\n\t<meta property=\"og:image:height\" content=\"2000\" \/>\n\t<meta property=\"og:image:type\" content=\"image\/jpeg\" \/>\n<meta name=\"twitter:card\" content=\"summary_large_image\" \/>\n<meta name=\"twitter:label1\" content=\"Tiempo de lectura\" \/>\n\t<meta name=\"twitter:data1\" content=\"2 minutos\" \/>\n<script type=\"application\/ld+json\" class=\"yoast-schema-graph\">{\"@context\":\"https:\/\/schema.org\",\"@graph\":[{\"@type\":\"WebPage\",\"@id\":\"https:\/\/www.powerforevercharger.com\/product\/semi-electric-forklift-truck-special-charger12v-10a-aluminum-housing-black-ip45-charger-12-8volt-for-lithium-battery\/\",\"url\":\"https:\/\/www.powerforevercharger.com\/product\/semi-electric-forklift-truck-special-charger12v-10a-aluminum-housing-black-ip45-charger-12-8volt-for-lithium-battery\/\",\"name\":\"180W 12V 10A Lithium Onboard Battery Charge - HEIFEI POWER\",\"isPartOf\":{\"@id\":\"https:\/\/www.powerforevercharger.com\/es\/#website\"},\"datePublished\":\"2024-09-02T13:38:59+00:00\",\"dateModified\":\"2026-04-16T07:22:35+00:00\",\"breadcrumb\":{\"@id\":\"https:\/\/www.powerforevercharger.com\/product\/semi-electric-forklift-truck-special-charger12v-10a-aluminum-housing-black-ip45-charger-12-8volt-for-lithium-battery\/#breadcrumb\"},\"inLanguage\":\"es\",\"potentialAction\":[{\"@type\":\"ReadAction\",\"target\":[\"https:\/\/www.powerforevercharger.com\/product\/semi-electric-forklift-truck-special-charger12v-10a-aluminum-housing-black-ip45-charger-12-8volt-for-lithium-battery\/\"]}]},{\"@type\":\"BreadcrumbList\",\"@id\":\"https:\/\/www.powerforevercharger.com\/product\/semi-electric-forklift-truck-special-charger12v-10a-aluminum-housing-black-ip45-charger-12-8volt-for-lithium-battery\/#breadcrumb\",\"itemListElement\":[{\"@type\":\"ListItem\",\"position\":1,\"name\":\"\u9996\u9875\",\"item\":\"https:\/\/www.powerforevercharger.com\/\"},{\"@type\":\"ListItem\",\"position\":2,\"name\":\"Shop\",\"item\":\"https:\/\/www.powerforevercharger.com\/es\/shop\/\"},{\"@type\":\"ListItem\",\"position\":3,\"name\":\"180W 12V 10A Lithium Onboard Battery Charge\"}]},{\"@type\":\"WebSite\",\"@id\":\"https:\/\/www.powerforevercharger.com\/es\/#website\",\"url\":\"https:\/\/www.powerforevercharger.com\/es\/\",\"name\":\"HEIFEI POWER\",\"description\":\"\",\"publisher\":{\"@id\":\"https:\/\/www.powerforevercharger.com\/es\/#organization\"},\"potentialAction\":[{\"@type\":\"SearchAction\",\"target\":{\"@type\":\"EntryPoint\",\"urlTemplate\":\"https:\/\/www.powerforevercharger.com\/es\/?s={search_term_string}\"},\"query-input\":\"required name=search_term_string\"}],\"inLanguage\":\"es\"},{\"@type\":\"Organization\",\"@id\":\"https:\/\/www.powerforevercharger.com\/es\/#organization\",\"name\":\"HEIFEI POWER\",\"url\":\"https:\/\/www.powerforevercharger.com\/es\/\",\"logo\":{\"@type\":\"ImageObject\",\"inLanguage\":\"es\",\"@id\":\"https:\/\/www.powerforevercharger.com\/es\/#\/schema\/logo\/image\/\",\"url\":\"https:\/\/www.powerforevercharger.com\/wp-content\/uploads\/2024\/05\/logoNws2.png\",\"contentUrl\":\"https:\/\/www.powerforevercharger.com\/wp-content\/uploads\/2024\/05\/logoNws2.png\",\"width\":258,\"height\":100,\"caption\":\"HEIFEI POWER\"},\"image\":{\"@id\":\"https:\/\/www.powerforevercharger.com\/es\/#\/schema\/logo\/image\/\"}}]}<\/script>\n<!-- \/ Yoast SEO plugin. -->","yoast_head_json":{"title":"180W 12V 10A Lithium Onboard Battery Charge - HEIFEI POWER","robots":{"index":"index","follow":"follow","max-snippet":"max-snippet:-1","max-image-preview":"max-image-preview:large","max-video-preview":"max-video-preview:-1"},"canonical":"https:\/\/www.powerforevercharger.com\/es\/producto\/semi-electric-forklift-truck-special-charger12v-10a-aluminum-housing-black-ip45-charger-12-8volt-for-lithium-battery\/","og_locale":"es_ES","og_type":"article","og_title":"180W 12V 10A Lithium Onboard Battery Charge - HEIFEI POWER","og_description":"The QA180A series products are semi-sealed chargers with low waterproof performance IP45. The appearance is aluminum extrusion molding, black. The product has no handle but is small in size, light in weight, and easy to carry. Technically, the flyback circuit architecture is adopted. This product is not suitable for high-voltage output products. The QA180A series [&hellip;]","og_url":"https:\/\/www.powerforevercharger.com\/es\/producto\/semi-electric-forklift-truck-special-charger12v-10a-aluminum-housing-black-ip45-charger-12-8volt-for-lithium-battery\/","og_site_name":"HEIFEI POWER","article_modified_time":"2026-04-16T07:22:35+00:00","og_image":[{"width":2000,"height":2000,"url":"https:\/\/www.powerforevercharger.com\/wp-content\/uploads\/2024\/09\/1\u4e3b\u56fe-2.jpg","type":"image\/jpeg"}],"twitter_card":"summary_large_image","twitter_misc":{"Tiempo de lectura":"2 minutos"},"schema":{"@context":"https:\/\/schema.org","@graph":[{"@type":"WebPage","@id":"https:\/\/www.powerforevercharger.com\/product\/semi-electric-forklift-truck-special-charger12v-10a-aluminum-housing-black-ip45-charger-12-8volt-for-lithium-battery\/","url":"https:\/\/www.powerforevercharger.com\/product\/semi-electric-forklift-truck-special-charger12v-10a-aluminum-housing-black-ip45-charger-12-8volt-for-lithium-battery\/","name":"180W 12V 10A Lithium Onboard Battery Charge - HEIFEI POWER","isPartOf":{"@id":"https:\/\/www.powerforevercharger.com\/es\/#website"},"datePublished":"2024-09-02T13:38:59+00:00","dateModified":"2026-04-16T07:22:35+00:00","breadcrumb":{"@id":"https:\/\/www.powerforevercharger.com\/product\/semi-electric-forklift-truck-special-charger12v-10a-aluminum-housing-black-ip45-charger-12-8volt-for-lithium-battery\/#breadcrumb"},"inLanguage":"es","potentialAction":[{"@type":"ReadAction","target":["https:\/\/www.powerforevercharger.com\/product\/semi-electric-forklift-truck-special-charger12v-10a-aluminum-housing-black-ip45-charger-12-8volt-for-lithium-battery\/"]}]},{"@type":"BreadcrumbList","@id":"https:\/\/www.powerforevercharger.com\/product\/semi-electric-forklift-truck-special-charger12v-10a-aluminum-housing-black-ip45-charger-12-8volt-for-lithium-battery\/#breadcrumb","itemListElement":[{"@type":"ListItem","position":1,"name":"\u9996\u9875","item":"https:\/\/www.powerforevercharger.com\/"},{"@type":"ListItem","position":2,"name":"Shop","item":"https:\/\/www.powerforevercharger.com\/es\/shop\/"},{"@type":"ListItem","position":3,"name":"180W 12V 10A Lithium Onboard Battery Charge"}]},{"@type":"WebSite","@id":"https:\/\/www.powerforevercharger.com\/es\/#website","url":"https:\/\/www.powerforevercharger.com\/es\/","name":"HEIFEI POWER","description":"","publisher":{"@id":"https:\/\/www.powerforevercharger.com\/es\/#organization"},"potentialAction":[{"@type":"SearchAction","target":{"@type":"EntryPoint","urlTemplate":"https:\/\/www.powerforevercharger.com\/es\/?s={search_term_string}"},"query-input":"required name=search_term_string"}],"inLanguage":"es"},{"@type":"Organization","@id":"https:\/\/www.powerforevercharger.com\/es\/#organization","name":"HEIFEI POWER","url":"https:\/\/www.powerforevercharger.com\/es\/","logo":{"@type":"ImageObject","inLanguage":"es","@id":"https:\/\/www.powerforevercharger.com\/es\/#\/schema\/logo\/image\/","url":"https:\/\/www.powerforevercharger.com\/wp-content\/uploads\/2024\/05\/logoNws2.png","contentUrl":"https:\/\/www.powerforevercharger.com\/wp-content\/uploads\/2024\/05\/logoNws2.png","width":258,"height":100,"caption":"HEIFEI POWER"},"image":{"@id":"https:\/\/www.powerforevercharger.com\/es\/#\/schema\/logo\/image\/"}}]}},"_links":{"self":[{"href":"https:\/\/www.powerforevercharger.com\/es\/wp-json\/wp\/v2\/product\/2070","targetHints":{"allow":["GET"]}}],"collection":[{"href":"https:\/\/www.powerforevercharger.com\/es\/wp-json\/wp\/v2\/product"}],"about":[{"href":"https:\/\/www.powerforevercharger.com\/es\/wp-json\/wp\/v2\/types\/product"}],"replies":[{"embeddable":true,"href":"https:\/\/www.powerforevercharger.com\/es\/wp-json\/wp\/v2\/comments?post=2070"}],"version-history":[{"count":9,"href":"https:\/\/www.powerforevercharger.com\/es\/wp-json\/wp\/v2\/product\/2070\/revisions"}],"predecessor-version":[{"id":5201,"href":"https:\/\/www.powerforevercharger.com\/es\/wp-json\/wp\/v2\/product\/2070\/revisions\/5201"}],"wp:featuredmedia":[{"embeddable":true,"href":"https:\/\/www.powerforevercharger.com\/es\/wp-json\/wp\/v2\/media\/2075"}],"wp:attachment":[{"href":"https:\/\/www.powerforevercharger.com\/es\/wp-json\/wp\/v2\/media?parent=2070"}],"wp:term":[{"taxonomy":"product_cat","embeddable":true,"href":"https:\/\/www.powerforevercharger.com\/es\/wp-json\/wp\/v2\/product_cat?post=2070"},{"taxonomy":"product_tag","embeddable":true,"href":"https:\/\/www.powerforevercharger.com\/es\/wp-json\/wp\/v2\/product_tag?post=2070"}],"curies":[{"name":"wp","href":"https:\/\/api.w.org\/{rel}","templated":true}]}}