{"id":2183,"date":"2024-09-02T22:35:08","date_gmt":"2024-09-02T14:35:08","guid":{"rendered":"https:\/\/www.powerforevercharger.com\/?post_type=product&#038;p=2183"},"modified":"2026-04-16T15:18:27","modified_gmt":"2026-04-16T07:18:27","slug":"12v-20ah-batteries-electric-scooter-charger-24v-14-6v-2s-lithiun-ion-battery-lifepo4-battery-charger-for-electric-floor-scrubber-2","status":"publish","type":"product","link":"https:\/\/www.powerforevercharger.com\/es\/producto\/12v-20ah-batteries-electric-scooter-charger-24v-14-6v-2s-lithiun-ion-battery-lifepo4-battery-charger-for-electric-floor-scrubber-2\/","title":{"rendered":"450W 12v 24v Onboard Battery Charger"},"content":{"rendered":"<p>Esta serie de cargadores QD450A son modelos no resistentes al agua.Utiliza un circuito de avance de doble tubo, con un circuito de alimentaci\u00f3n auxiliar en su interior, y una baja tensi\u00f3n de arranque de salida.<\/p>\n<p>La apariencia est\u00e1 ensamblada a partir de una carcasa de aluminio extruido y una placa inferior met\u00e1lica, y no es impermeable. Los cables de PVC de entrada y salida son cables moldeados por inyecci\u00f3n de una sola pieza, lo que dificulta la sustituci\u00f3n del cable de alimentaci\u00f3n.<\/p>\n<p>Protecci\u00f3n m\u00faltiple: Protecci\u00f3n contra sobrecalentamiento; Protecci\u00f3n contra sobrecorriente; Protecci\u00f3n contra sobretensi\u00f3n; Protecci\u00f3n contra cortocircuito; Protecci\u00f3n contra conexi\u00f3n inversa; Protecci\u00f3n contra sobrecarga. Para la bater\u00eda de litio, hay funci\u00f3n de activaci\u00f3n de carga.<\/p>\n<p>Esta serie de cargadores QD450A est\u00e1 dise\u00f1ada con una estructura no sellada. Es adecuado para bater\u00edas de plomo-\u00e1cido inundadas, bater\u00edas de plomo-\u00e1cido selladas, bater\u00edas de litio, bater\u00edas NI-MH, bater\u00edas de n\u00edquel-cadmio, etc. Se utilizan para la carga c\u00edclica o flotante de bater\u00edas en coches el\u00e9ctricos, cortac\u00e9spedes, carretillas elevadoras, fregadoras de suelos, AGV, barcos, plataformas a\u00e9reas de trabajo, cortac\u00e9spedes, motos acu\u00e1ticas.<\/p>\n<table width=\"1333\">\n<tbody>\n<tr>\n<td width=\"291\">Modelo\uff1a<\/td>\n<td width=\"381\">QD450A-12V20A<\/td>\n<td width=\"288\">Shell:<\/td>\n<td width=\"373\">Alumiunim<\/td>\n<\/tr>\n<tr>\n<td width=\"291\">Entrada de CA:<\/td>\n<td width=\"381\">90-132V CA;45-65Hz<br \/>\nO 180-264VAC;45-65Hz<\/td>\n<td width=\"288\">Tama\u00f1o del cargador:<\/td>\n<td width=\"373\">\u00a0167*102*67mm<br \/>\n6,57*4,02*2,64 pulgadas<\/td>\n<\/tr>\n<tr>\n<td width=\"291\">Corriente de entrada m\u00e1xima:<\/td>\n<td>\u22643.0A@110VAC\/ \u22643.0A220VAC<\/td>\n<td width=\"288\">Peso\uff1a<\/td>\n<td width=\"373\">1,05 kg<\/td>\n<\/tr>\n<tr>\n<td width=\"291\">Eficiencia m\u00e1xima:<\/td>\n<td width=\"381\">\u226588.0%<\/td>\n<td width=\"288\">Impermeable:<\/td>\n<td width=\"373\">IP45<\/td>\n<\/tr>\n<tr>\n<td width=\"291\">Ruido:<\/td>\n<td width=\"381\">\u226445dB<\/td>\n<td width=\"288\">Temperatura de funcionamiento\uff1a<\/td>\n<td width=\"373\">-30\u2103~65\u2103<\/td>\n<\/tr>\n<tr>\n<td width=\"291\">Color disponible<\/td>\n<td width=\"381\">Full en negro;<br \/>\nOtros personalizados en MOQ:500Sets<\/td>\n<td width=\"288\">Temperatura de almacenamiento:<\/td>\n<td width=\"373\">-40\u2103~95\u2103<\/td>\n<\/tr>\n<tr>\n<td width=\"291\">Modo de control<\/td>\n<td width=\"381\">Chip de control digital independiente e inteligente<\/td>\n<td width=\"288\">Garant\u00eda<\/td>\n<td width=\"373\">2 a\u00f1os<\/td>\n<\/tr>\n<tr>\n<td width=\"291\">Factor de potencia<\/td>\n<td width=\"381\">\u22650.99<\/td>\n<td width=\"288\">MOQ:<\/td>\n<td width=\"373\">4 juegos<\/td>\n<\/tr>\n<tr>\n<td width=\"291\">Indicador LED Tipo1<br \/>\n<img decoding=\"async\" class=\"alignnone wp-image-2345\" src=\"https:\/\/www.powerforevercharger.com\/wp-content\/uploads\/2024\/09\/\u56fe\u72471-8.png\" alt=\"\" width=\"71\" height=\"68\" srcset=\"https:\/\/www.powerforevercharger.com\/wp-content\/uploads\/2024\/09\/\u56fe\u72471-8.png 271w, https:\/\/www.powerforevercharger.com\/wp-content\/uploads\/2024\/09\/\u56fe\u72471-8-13x12.png 13w\" sizes=\"(max-width: 71px) 100vw, 71px\" \/><\/td>\n<td width=\"381\">Luz roja intermitente: \u226490%<br \/>\nLuz verde intermitente: \u226590%<br \/>\nLa luz verde est\u00e1 siempre encendida: 100%<\/td>\n<td width=\"288\">Indicador LED Tipo2<br \/>\n<img decoding=\"async\" class=\"alignnone wp-image-2346\" src=\"https:\/\/www.powerforevercharger.com\/wp-content\/uploads\/2024\/09\/\u56fe\u72471-9.png\" alt=\"\" width=\"70\" height=\"69\" srcset=\"https:\/\/www.powerforevercharger.com\/wp-content\/uploads\/2024\/09\/\u56fe\u72471-9.png 196w, https:\/\/www.powerforevercharger.com\/wp-content\/uploads\/2024\/09\/\u56fe\u72471-9-150x150.png 150w, https:\/\/www.powerforevercharger.com\/wp-content\/uploads\/2024\/09\/\u56fe\u72471-9-12x12.png 12w, https:\/\/www.powerforevercharger.com\/wp-content\/uploads\/2024\/09\/\u56fe\u72471-9-100x100.png 100w, https:\/\/www.powerforevercharger.com\/wp-content\/uploads\/2024\/09\/\u56fe\u72471-9-50x50.png 50w\" sizes=\"(max-width: 70px) 100vw, 70px\" \/><\/td>\n<td width=\"373\">Luz roja intermitente: \u226480%<br \/>\nLuz amarilla intermitente: \u226580%<br \/>\nLuz verde intermitente: \u2248100%<br \/>\nLa luz verde est\u00e1 siempre encendida: 100%<\/td>\n<\/tr>\n<tr>\n<td width=\"291\">Curva de carga Personalizada<\/td>\n<td>S\u00ed (precarga, apagado autom\u00e1tico, protecci\u00f3n contra sobrecarga, etc.).<\/td>\n<td><\/td>\n<td><\/td>\n<\/tr>\n<tr>\n<td width=\"291\">Protecci\u00f3n:<\/td>\n<td colspan=\"3\" width=\"1042\">1.Protecci\u00f3n contra quemaduras,<br \/>\n2.Protecci\u00f3n contra la conexi\u00f3n inversa de las bater\u00edas<br \/>\n3.Protecci\u00f3n sin carga<br \/>\n4.Protecci\u00f3n contra cortocircuitos<br \/>\n5.Apagado autom\u00e1tico cuando est\u00e1 completamente cargada<\/td>\n<\/tr>\n<tr>\n<td width=\"291\">Paquete<\/td>\n<td colspan=\"3\" width=\"1042\">12 unidades por caja; tama\u00f1o de la caja interior: 250*140*110 mm<br \/>\nTama\u00f1o exterior de la caja:538*348*310mm\uff1b0.059CBM\/Cart\u00f3n; GW:24KG<\/td>\n<\/tr>\n<tr>\n<td width=\"291\">Aplicaci\u00f3n<\/td>\n<td colspan=\"3\" width=\"1042\">Es adecuado para bater\u00edas de plomo-\u00e1cido inundadas, bater\u00edas de plomo-\u00e1cido selladas, bater\u00edas de litio, bater\u00edas NI-MH, bater\u00edas de n\u00edquel-cadmio, etc.<\/td>\n<\/tr>\n<\/tbody>\n<\/table>\n<p><img fetchpriority=\"high\" decoding=\"async\" class=\"alignnone size-full wp-image-2204\" src=\"https:\/\/www.powerforevercharger.com\/wp-content\/uploads\/2024\/09\/Overview-\u6587\u5b57\u4e0b\u9762\u7684\u56fe7-1.jpg\" alt=\"\" width=\"2000\" height=\"2000\" srcset=\"https:\/\/www.powerforevercharger.com\/wp-content\/uploads\/2024\/09\/Overview-\u6587\u5b57\u4e0b\u9762\u7684\u56fe7-1.jpg 2000w, https:\/\/www.powerforevercharger.com\/wp-content\/uploads\/2024\/09\/Overview-\u6587\u5b57\u4e0b\u9762\u7684\u56fe7-1-300x300.jpg 300w, https:\/\/www.powerforevercharger.com\/wp-content\/uploads\/2024\/09\/Overview-\u6587\u5b57\u4e0b\u9762\u7684\u56fe7-1-1024x1024.jpg 1024w, https:\/\/www.powerforevercharger.com\/wp-content\/uploads\/2024\/09\/Overview-\u6587\u5b57\u4e0b\u9762\u7684\u56fe7-1-150x150.jpg 150w, https:\/\/www.powerforevercharger.com\/wp-content\/uploads\/2024\/09\/Overview-\u6587\u5b57\u4e0b\u9762\u7684\u56fe7-1-768x768.jpg 768w, https:\/\/www.powerforevercharger.com\/wp-content\/uploads\/2024\/09\/Overview-\u6587\u5b57\u4e0b\u9762\u7684\u56fe7-1-1536x1536.jpg 1536w, https:\/\/www.powerforevercharger.com\/wp-content\/uploads\/2024\/09\/Overview-\u6587\u5b57\u4e0b\u9762\u7684\u56fe7-1-12x12.jpg 12w, https:\/\/www.powerforevercharger.com\/wp-content\/uploads\/2024\/09\/Overview-\u6587\u5b57\u4e0b\u9762\u7684\u56fe7-1-600x600.jpg 600w, https:\/\/www.powerforevercharger.com\/wp-content\/uploads\/2024\/09\/Overview-\u6587\u5b57\u4e0b\u9762\u7684\u56fe7-1-100x100.jpg 100w, https:\/\/www.powerforevercharger.com\/wp-content\/uploads\/2024\/09\/Overview-\u6587\u5b57\u4e0b\u9762\u7684\u56fe7-1-50x50.jpg 50w\" sizes=\"(max-width: 2000px) 100vw, 2000px\" \/><\/p>","protected":false},"excerpt":{"rendered":"<p>This\u00a0QD450A series chargers\u00a0are non-waterproof models.It uses a dual-tube forward circuit, with an auxiliary power circuit inside, and a low output start-up voltage. The appearance is assembled from an aluminum extruded shell and a metal bottom plate, and is non-waterproof. The input and output PVC wires are one-piece injection-molded wires, which makes it difficult to replace [&hellip;]<\/p>","protected":false},"featured_media":2187,"comment_status":"open","ping_status":"closed","template":"","meta":{"_acf_changed":false},"product_cat":[18],"product_tag":[],"class_list":{"0":"post-2183","1":"product","2":"type-product","3":"status-publish","4":"has-post-thumbnail","6":"product_cat-12v-charger","8":"first","9":"instock","10":"shipping-taxable","11":"product-type-simple"},"acf":[],"yoast_head":"<!-- This site is optimized with the Yoast SEO plugin v20.11 - https:\/\/yoast.com\/wordpress\/plugins\/seo\/ -->\n<title>450W 12v 24v Onboard Battery Charger - HEIFEI POWER<\/title>\n<meta name=\"robots\" content=\"index, follow, max-snippet:-1, max-image-preview:large, max-video-preview:-1\" \/>\n<link rel=\"canonical\" href=\"https:\/\/www.powerforevercharger.com\/es\/producto\/12v-20ah-batteries-electric-scooter-charger-24v-14-6v-2s-lithiun-ion-battery-lifepo4-battery-charger-for-electric-floor-scrubber-2\/\" \/>\n<meta property=\"og:locale\" content=\"es_ES\" \/>\n<meta property=\"og:type\" content=\"article\" \/>\n<meta property=\"og:title\" content=\"450W 12v 24v Onboard Battery Charger - HEIFEI POWER\" \/>\n<meta property=\"og:description\" content=\"This\u00a0QD450A series chargers\u00a0are non-waterproof models.It uses a dual-tube forward circuit, with an auxiliary power circuit inside, and a low output start-up voltage. The appearance is assembled from an aluminum extruded shell and a metal bottom plate, and is non-waterproof. The input and output PVC wires are one-piece injection-molded wires, which makes it difficult to replace [&hellip;]\" \/>\n<meta property=\"og:url\" content=\"https:\/\/www.powerforevercharger.com\/es\/producto\/12v-20ah-batteries-electric-scooter-charger-24v-14-6v-2s-lithiun-ion-battery-lifepo4-battery-charger-for-electric-floor-scrubber-2\/\" \/>\n<meta property=\"og:site_name\" content=\"HEIFEI POWER\" \/>\n<meta property=\"article:modified_time\" content=\"2026-04-16T07:18:27+00:00\" \/>\n<meta property=\"og:image\" content=\"https:\/\/www.powerforevercharger.com\/wp-content\/uploads\/2024\/09\/1\u4e3b-2.jpg\" \/>\n\t<meta property=\"og:image:width\" content=\"2000\" \/>\n\t<meta property=\"og:image:height\" content=\"2000\" \/>\n\t<meta property=\"og:image:type\" content=\"image\/jpeg\" \/>\n<meta name=\"twitter:card\" content=\"summary_large_image\" \/>\n<meta name=\"twitter:label1\" content=\"Tiempo de lectura\" \/>\n\t<meta name=\"twitter:data1\" content=\"2 minutos\" \/>\n<script type=\"application\/ld+json\" class=\"yoast-schema-graph\">{\"@context\":\"https:\/\/schema.org\",\"@graph\":[{\"@type\":\"WebPage\",\"@id\":\"https:\/\/www.powerforevercharger.com\/product\/12v-20ah-batteries-electric-scooter-charger-24v-14-6v-2s-lithiun-ion-battery-lifepo4-battery-charger-for-electric-floor-scrubber-2\/\",\"url\":\"https:\/\/www.powerforevercharger.com\/product\/12v-20ah-batteries-electric-scooter-charger-24v-14-6v-2s-lithiun-ion-battery-lifepo4-battery-charger-for-electric-floor-scrubber-2\/\",\"name\":\"450W 12v 24v Onboard Battery Charger - HEIFEI POWER\",\"isPartOf\":{\"@id\":\"https:\/\/www.powerforevercharger.com\/es\/#website\"},\"datePublished\":\"2024-09-02T14:35:08+00:00\",\"dateModified\":\"2026-04-16T07:18:27+00:00\",\"breadcrumb\":{\"@id\":\"https:\/\/www.powerforevercharger.com\/product\/12v-20ah-batteries-electric-scooter-charger-24v-14-6v-2s-lithiun-ion-battery-lifepo4-battery-charger-for-electric-floor-scrubber-2\/#breadcrumb\"},\"inLanguage\":\"es\",\"potentialAction\":[{\"@type\":\"ReadAction\",\"target\":[\"https:\/\/www.powerforevercharger.com\/product\/12v-20ah-batteries-electric-scooter-charger-24v-14-6v-2s-lithiun-ion-battery-lifepo4-battery-charger-for-electric-floor-scrubber-2\/\"]}]},{\"@type\":\"BreadcrumbList\",\"@id\":\"https:\/\/www.powerforevercharger.com\/product\/12v-20ah-batteries-electric-scooter-charger-24v-14-6v-2s-lithiun-ion-battery-lifepo4-battery-charger-for-electric-floor-scrubber-2\/#breadcrumb\",\"itemListElement\":[{\"@type\":\"ListItem\",\"position\":1,\"name\":\"\u9996\u9875\",\"item\":\"https:\/\/www.powerforevercharger.com\/\"},{\"@type\":\"ListItem\",\"position\":2,\"name\":\"Shop\",\"item\":\"https:\/\/www.powerforevercharger.com\/es\/shop\/\"},{\"@type\":\"ListItem\",\"position\":3,\"name\":\"450W 12v 24v Onboard Battery Charger\"}]},{\"@type\":\"WebSite\",\"@id\":\"https:\/\/www.powerforevercharger.com\/es\/#website\",\"url\":\"https:\/\/www.powerforevercharger.com\/es\/\",\"name\":\"HEIFEI POWER\",\"description\":\"\",\"publisher\":{\"@id\":\"https:\/\/www.powerforevercharger.com\/es\/#organization\"},\"potentialAction\":[{\"@type\":\"SearchAction\",\"target\":{\"@type\":\"EntryPoint\",\"urlTemplate\":\"https:\/\/www.powerforevercharger.com\/es\/?s={search_term_string}\"},\"query-input\":\"required name=search_term_string\"}],\"inLanguage\":\"es\"},{\"@type\":\"Organization\",\"@id\":\"https:\/\/www.powerforevercharger.com\/es\/#organization\",\"name\":\"HEIFEI POWER\",\"url\":\"https:\/\/www.powerforevercharger.com\/es\/\",\"logo\":{\"@type\":\"ImageObject\",\"inLanguage\":\"es\",\"@id\":\"https:\/\/www.powerforevercharger.com\/es\/#\/schema\/logo\/image\/\",\"url\":\"https:\/\/www.powerforevercharger.com\/wp-content\/uploads\/2024\/05\/logoNws2.png\",\"contentUrl\":\"https:\/\/www.powerforevercharger.com\/wp-content\/uploads\/2024\/05\/logoNws2.png\",\"width\":258,\"height\":100,\"caption\":\"HEIFEI POWER\"},\"image\":{\"@id\":\"https:\/\/www.powerforevercharger.com\/es\/#\/schema\/logo\/image\/\"}}]}<\/script>\n<!-- \/ Yoast SEO plugin. -->","yoast_head_json":{"title":"450W 12v 24v Onboard Battery Charger - HEIFEI POWER","robots":{"index":"index","follow":"follow","max-snippet":"max-snippet:-1","max-image-preview":"max-image-preview:large","max-video-preview":"max-video-preview:-1"},"canonical":"https:\/\/www.powerforevercharger.com\/es\/producto\/12v-20ah-batteries-electric-scooter-charger-24v-14-6v-2s-lithiun-ion-battery-lifepo4-battery-charger-for-electric-floor-scrubber-2\/","og_locale":"es_ES","og_type":"article","og_title":"450W 12v 24v Onboard Battery Charger - HEIFEI POWER","og_description":"This\u00a0QD450A series chargers\u00a0are non-waterproof models.It uses a dual-tube forward circuit, with an auxiliary power circuit inside, and a low output start-up voltage. The appearance is assembled from an aluminum extruded shell and a metal bottom plate, and is non-waterproof. The input and output PVC wires are one-piece injection-molded wires, which makes it difficult to replace [&hellip;]","og_url":"https:\/\/www.powerforevercharger.com\/es\/producto\/12v-20ah-batteries-electric-scooter-charger-24v-14-6v-2s-lithiun-ion-battery-lifepo4-battery-charger-for-electric-floor-scrubber-2\/","og_site_name":"HEIFEI POWER","article_modified_time":"2026-04-16T07:18:27+00:00","og_image":[{"width":2000,"height":2000,"url":"https:\/\/www.powerforevercharger.com\/wp-content\/uploads\/2024\/09\/1\u4e3b-2.jpg","type":"image\/jpeg"}],"twitter_card":"summary_large_image","twitter_misc":{"Tiempo de lectura":"2 minutos"},"schema":{"@context":"https:\/\/schema.org","@graph":[{"@type":"WebPage","@id":"https:\/\/www.powerforevercharger.com\/product\/12v-20ah-batteries-electric-scooter-charger-24v-14-6v-2s-lithiun-ion-battery-lifepo4-battery-charger-for-electric-floor-scrubber-2\/","url":"https:\/\/www.powerforevercharger.com\/product\/12v-20ah-batteries-electric-scooter-charger-24v-14-6v-2s-lithiun-ion-battery-lifepo4-battery-charger-for-electric-floor-scrubber-2\/","name":"450W 12v 24v Onboard Battery Charger - HEIFEI POWER","isPartOf":{"@id":"https:\/\/www.powerforevercharger.com\/es\/#website"},"datePublished":"2024-09-02T14:35:08+00:00","dateModified":"2026-04-16T07:18:27+00:00","breadcrumb":{"@id":"https:\/\/www.powerforevercharger.com\/product\/12v-20ah-batteries-electric-scooter-charger-24v-14-6v-2s-lithiun-ion-battery-lifepo4-battery-charger-for-electric-floor-scrubber-2\/#breadcrumb"},"inLanguage":"es","potentialAction":[{"@type":"ReadAction","target":["https:\/\/www.powerforevercharger.com\/product\/12v-20ah-batteries-electric-scooter-charger-24v-14-6v-2s-lithiun-ion-battery-lifepo4-battery-charger-for-electric-floor-scrubber-2\/"]}]},{"@type":"BreadcrumbList","@id":"https:\/\/www.powerforevercharger.com\/product\/12v-20ah-batteries-electric-scooter-charger-24v-14-6v-2s-lithiun-ion-battery-lifepo4-battery-charger-for-electric-floor-scrubber-2\/#breadcrumb","itemListElement":[{"@type":"ListItem","position":1,"name":"\u9996\u9875","item":"https:\/\/www.powerforevercharger.com\/"},{"@type":"ListItem","position":2,"name":"Shop","item":"https:\/\/www.powerforevercharger.com\/es\/shop\/"},{"@type":"ListItem","position":3,"name":"450W 12v 24v Onboard Battery Charger"}]},{"@type":"WebSite","@id":"https:\/\/www.powerforevercharger.com\/es\/#website","url":"https:\/\/www.powerforevercharger.com\/es\/","name":"HEIFEI POWER","description":"","publisher":{"@id":"https:\/\/www.powerforevercharger.com\/es\/#organization"},"potentialAction":[{"@type":"SearchAction","target":{"@type":"EntryPoint","urlTemplate":"https:\/\/www.powerforevercharger.com\/es\/?s={search_term_string}"},"query-input":"required name=search_term_string"}],"inLanguage":"es"},{"@type":"Organization","@id":"https:\/\/www.powerforevercharger.com\/es\/#organization","name":"HEIFEI POWER","url":"https:\/\/www.powerforevercharger.com\/es\/","logo":{"@type":"ImageObject","inLanguage":"es","@id":"https:\/\/www.powerforevercharger.com\/es\/#\/schema\/logo\/image\/","url":"https:\/\/www.powerforevercharger.com\/wp-content\/uploads\/2024\/05\/logoNws2.png","contentUrl":"https:\/\/www.powerforevercharger.com\/wp-content\/uploads\/2024\/05\/logoNws2.png","width":258,"height":100,"caption":"HEIFEI POWER"},"image":{"@id":"https:\/\/www.powerforevercharger.com\/es\/#\/schema\/logo\/image\/"}}]}},"_links":{"self":[{"href":"https:\/\/www.powerforevercharger.com\/es\/wp-json\/wp\/v2\/product\/2183","targetHints":{"allow":["GET"]}}],"collection":[{"href":"https:\/\/www.powerforevercharger.com\/es\/wp-json\/wp\/v2\/product"}],"about":[{"href":"https:\/\/www.powerforevercharger.com\/es\/wp-json\/wp\/v2\/types\/product"}],"replies":[{"embeddable":true,"href":"https:\/\/www.powerforevercharger.com\/es\/wp-json\/wp\/v2\/comments?post=2183"}],"version-history":[{"count":9,"href":"https:\/\/www.powerforevercharger.com\/es\/wp-json\/wp\/v2\/product\/2183\/revisions"}],"predecessor-version":[{"id":5199,"href":"https:\/\/www.powerforevercharger.com\/es\/wp-json\/wp\/v2\/product\/2183\/revisions\/5199"}],"wp:featuredmedia":[{"embeddable":true,"href":"https:\/\/www.powerforevercharger.com\/es\/wp-json\/wp\/v2\/media\/2187"}],"wp:attachment":[{"href":"https:\/\/www.powerforevercharger.com\/es\/wp-json\/wp\/v2\/media?parent=2183"}],"wp:term":[{"taxonomy":"product_cat","embeddable":true,"href":"https:\/\/www.powerforevercharger.com\/es\/wp-json\/wp\/v2\/product_cat?post=2183"},{"taxonomy":"product_tag","embeddable":true,"href":"https:\/\/www.powerforevercharger.com\/es\/wp-json\/wp\/v2\/product_tag?post=2183"}],"curies":[{"name":"wp","href":"https:\/\/api.w.org\/{rel}","templated":true}]}}