{"id":2227,"date":"2024-09-02T22:46:23","date_gmt":"2024-09-02T14:46:23","guid":{"rendered":"https:\/\/www.powerforevercharger.com\/?post_type=product&#038;p=2227"},"modified":"2026-04-16T15:12:03","modified_gmt":"2026-04-16T07:12:03","slug":"220vac-230vac-battery-charger-12v-24v-36v-48v-60v-30a-15a-10a-8a-6a-for-floor-scrubber-floor-sweeper-scooter","status":"publish","type":"product","link":"https:\/\/www.powerforevercharger.com\/es\/producto\/220vac-230vac-battery-charger-12v-24v-36v-48v-60v-30a-15a-10a-8a-6a-for-floor-scrubber-floor-sweeper-scooter\/","title":{"rendered":"750W 12V 24V 36V 48V 60V 30A 15A 10A 8A 6A Onboard Battery Charger"},"content":{"rendered":"<p>Este cargador utiliza una carcasa de aluminio extruido con orificios de montaje. Se puede utilizar como cargador de coche y tiene un efecto a prueba de polvo, pero no se recomienda su uso en un entorno con vibraciones de alta intensidad.<\/p>\n<p>Este cargador tiene un circuito resonante LLC y una fuente de alimentaci\u00f3n auxiliar incorporada<\/p>\n<p>Este cargador utiliza un circuito de avance de doble tubo en el interior, con un circuito de alimentaci\u00f3n auxiliar en el interior Salida de arranque<\/p>\n<p>Baja tensi\u00f3n, entrada de 220 V con condensador simple, entrada de 110 V con condensador doble.<\/p>\n<p>Este cargador est\u00e1 dise\u00f1ado con m\u00faltiples funciones de seguridad, como protecci\u00f3n contra sobrecarga, protecci\u00f3n contra cortocircuitos, protecci\u00f3n contra polaridad inversa, etc., para evitar cualquier da\u00f1o a la bater\u00eda o al propio cargador. El cargador tambi\u00e9n est\u00e1 dise\u00f1ado para detectar autom\u00e1ticamente el nivel de carga de la bater\u00eda y ajustar la velocidad de carga en consecuencia para garantizar una carga segura y eficiente en todo momento.<\/p>\n<table width=\"1482\">\n<tbody>\n<tr>\n<td width=\"303\">Modelo\uff1a<\/td>\n<td width=\"501\">QA600B<\/td>\n<td width=\"304\">Shell:<\/td>\n<td width=\"373\">Alumiunim<\/td>\n<\/tr>\n<tr>\n<td width=\"303\">Entrada CA:<\/td>\n<td width=\"501\">100-120VAC;180-240VAC;45-65Hz<\/td>\n<td width=\"304\">Tama\u00f1o:<\/td>\n<td width=\"373\">190*130*73mm<br \/>\n7,48*5,12*2,87 pulgadas<\/td>\n<\/tr>\n<tr>\n<td width=\"303\">Corriente de entrada m\u00e1x:<\/td>\n<td>\u22643A@100-120VAC;<\/td>\n<td width=\"304\">Peso\uff1a<\/td>\n<td width=\"373\">1,6 kg<\/td>\n<\/tr>\n<tr>\n<td width=\"303\">Eficiencia m\u00e1xima:<\/td>\n<td width=\"501\">\u226588.0%<\/td>\n<td width=\"304\">Impermeable:<\/td>\n<td width=\"373\">No<\/td>\n<\/tr>\n<tr>\n<td width=\"303\">Ruido:<\/td>\n<td width=\"501\">\u226445dB<\/td>\n<td width=\"304\">Temperatura de funcionamiento\uff1a<\/td>\n<td width=\"373\">-30\u2103~65\u2103<\/td>\n<\/tr>\n<tr>\n<td width=\"303\">Color disponible:<\/td>\n<td width=\"501\">Negro<br \/>\notros colores personalizables<\/td>\n<td width=\"304\">Temperatura de almacenamiento:<\/td>\n<td width=\"373\">-40\u2103~95\u2103<\/td>\n<\/tr>\n<tr>\n<td width=\"303\">Modo de control:<\/td>\n<td width=\"501\">Chip de control digital independiente e inteligente<\/td>\n<td width=\"304\">Garant\u00eda:<\/td>\n<td width=\"373\">2 a\u00f1os<\/td>\n<\/tr>\n<tr>\n<td width=\"303\">Indicador LED Tipo 1:<\/p>\n<p><img decoding=\"async\" class=\"alignnone wp-image-2036\" src=\"https:\/\/www.powerforevercharger.com\/wp-content\/uploads\/2024\/09\/\u56fe\u72471-6.png\" alt=\"\" width=\"72\" height=\"69\" srcset=\"https:\/\/www.powerforevercharger.com\/wp-content\/uploads\/2024\/09\/\u56fe\u72471-6.png 271w, https:\/\/www.powerforevercharger.com\/wp-content\/uploads\/2024\/09\/\u56fe\u72471-6-13x12.png 13w\" sizes=\"(max-width: 72px) 100vw, 72px\" \/><\/td>\n<td width=\"501\">Luz roja intermitente: \u226490%<br \/>\nLuz verde intermitente: \u226590%<br \/>\nLa luz verde est\u00e1 siempre encendida: 100%<\/td>\n<td width=\"304\">Indicador LED Tipo 2:<\/p>\n<p><img decoding=\"async\" class=\"alignnone wp-image-2037\" src=\"https:\/\/www.powerforevercharger.com\/wp-content\/uploads\/2024\/09\/\u56fe\u72471-7.png\" alt=\"\" width=\"71\" height=\"70\" srcset=\"https:\/\/www.powerforevercharger.com\/wp-content\/uploads\/2024\/09\/\u56fe\u72471-7.png 196w, https:\/\/www.powerforevercharger.com\/wp-content\/uploads\/2024\/09\/\u56fe\u72471-7-150x150.png 150w, https:\/\/www.powerforevercharger.com\/wp-content\/uploads\/2024\/09\/\u56fe\u72471-7-12x12.png 12w, https:\/\/www.powerforevercharger.com\/wp-content\/uploads\/2024\/09\/\u56fe\u72471-7-100x100.png 100w, https:\/\/www.powerforevercharger.com\/wp-content\/uploads\/2024\/09\/\u56fe\u72471-7-50x50.png 50w\" sizes=\"(max-width: 71px) 100vw, 71px\" \/><\/td>\n<td width=\"373\">Luz roja intermitente: \u226480%<br \/>\nLuz amarilla intermitente: \u226580%<br \/>\nLuz verde intermitente: \u2248100%<br \/>\nLa luz verde est\u00e1 siempre encendida: 100%<\/td>\n<\/tr>\n<tr>\n<td width=\"303\">Factor de potencia:<\/td>\n<td width=\"501\">\u22650.99<\/td>\n<td width=\"304\">MOQ:<\/td>\n<td width=\"373\">8 unidades<\/td>\n<\/tr>\n<tr>\n<td width=\"303\">Curva de carga Personalizada:<\/td>\n<td>S\u00ed (precarga, apagado autom\u00e1tico, protecci\u00f3n contra sobrecarga, etc.).<\/td>\n<td><\/td>\n<td><\/td>\n<\/tr>\n<tr>\n<td width=\"303\">Protecci\u00f3n:<\/td>\n<td colspan=\"3\" width=\"1179\">1.Protecci\u00f3n contra quemaduras,<br \/>\n2.Protecci\u00f3n contra la conexi\u00f3n inversa de las bater\u00edas<br \/>\n3.Protecci\u00f3n sin carga<br \/>\n4.Protecci\u00f3n contra cortocircuitos<br \/>\n5.Apagado autom\u00e1tico cuando est\u00e1 completamente cargada<\/td>\n<\/tr>\n<tr>\n<td width=\"303\">Paquete:<\/td>\n<td colspan=\"3\" width=\"1179\">8 piezas por caja; Caja de cart\u00f3n individual interior (con espuma): 190*130*73mm<br \/>\nDimensiones exteriores de la caja:550*420*280mm<\/td>\n<\/tr>\n<tr>\n<td width=\"303\">Aplicaciones:<\/td>\n<td colspan=\"3\" width=\"1179\">Es adecuado para bater\u00edas de plomo-\u00e1cido inundadas, bater\u00edas de plomo-\u00e1cido selladas, bater\u00edas de litio, bater\u00edas NI-MH, bater\u00edas de n\u00edquel-cadmio, etc.<\/td>\n<\/tr>\n<\/tbody>\n<\/table>\n<p><img fetchpriority=\"high\" decoding=\"async\" class=\"alignnone size-full wp-image-2247\" src=\"https:\/\/www.powerforevercharger.com\/wp-content\/uploads\/2024\/09\/Over-view-\u6587\u5b57\u4e0b\u9762\u7684\u56fe\u7247-2.jpg\" alt=\"\" width=\"2000\" height=\"2000\" srcset=\"https:\/\/www.powerforevercharger.com\/wp-content\/uploads\/2024\/09\/Over-view-\u6587\u5b57\u4e0b\u9762\u7684\u56fe\u7247-2.jpg 2000w, https:\/\/www.powerforevercharger.com\/wp-content\/uploads\/2024\/09\/Over-view-\u6587\u5b57\u4e0b\u9762\u7684\u56fe\u7247-2-300x300.jpg 300w, https:\/\/www.powerforevercharger.com\/wp-content\/uploads\/2024\/09\/Over-view-\u6587\u5b57\u4e0b\u9762\u7684\u56fe\u7247-2-1024x1024.jpg 1024w, https:\/\/www.powerforevercharger.com\/wp-content\/uploads\/2024\/09\/Over-view-\u6587\u5b57\u4e0b\u9762\u7684\u56fe\u7247-2-150x150.jpg 150w, https:\/\/www.powerforevercharger.com\/wp-content\/uploads\/2024\/09\/Over-view-\u6587\u5b57\u4e0b\u9762\u7684\u56fe\u7247-2-768x768.jpg 768w, https:\/\/www.powerforevercharger.com\/wp-content\/uploads\/2024\/09\/Over-view-\u6587\u5b57\u4e0b\u9762\u7684\u56fe\u7247-2-1536x1536.jpg 1536w, https:\/\/www.powerforevercharger.com\/wp-content\/uploads\/2024\/09\/Over-view-\u6587\u5b57\u4e0b\u9762\u7684\u56fe\u7247-2-12x12.jpg 12w, https:\/\/www.powerforevercharger.com\/wp-content\/uploads\/2024\/09\/Over-view-\u6587\u5b57\u4e0b\u9762\u7684\u56fe\u7247-2-600x600.jpg 600w, https:\/\/www.powerforevercharger.com\/wp-content\/uploads\/2024\/09\/Over-view-\u6587\u5b57\u4e0b\u9762\u7684\u56fe\u7247-2-100x100.jpg 100w, https:\/\/www.powerforevercharger.com\/wp-content\/uploads\/2024\/09\/Over-view-\u6587\u5b57\u4e0b\u9762\u7684\u56fe\u7247-2-50x50.jpg 50w\" sizes=\"(max-width: 2000px) 100vw, 2000px\" \/><\/p>","protected":false},"excerpt":{"rendered":"<p>This charger uses an aluminum extruded shell with mounting holes. It can be used as a car charger and has a dust-proof effect, but it is not recommended to be used in an environment with high-intensity vibration. This charger has an LLC resonant circuit and a built-in auxiliary power supply This charger uses a dual-tube [&hellip;]<\/p>","protected":false},"featured_media":2230,"comment_status":"open","ping_status":"closed","template":"","meta":{"_acf_changed":false},"product_cat":[18],"product_tag":[],"class_list":{"0":"post-2227","1":"product","2":"type-product","3":"status-publish","4":"has-post-thumbnail","6":"product_cat-12v-charger","8":"first","9":"instock","10":"shipping-taxable","11":"product-type-simple"},"acf":[],"yoast_head":"<!-- This site is optimized with the Yoast SEO plugin v20.11 - https:\/\/yoast.com\/wordpress\/plugins\/seo\/ -->\n<title>750W 12V 24V 36V 48V 60V 30A 15A 10A 8A 6A Onboard Battery Charger - HEIFEI POWER<\/title>\n<meta name=\"robots\" content=\"index, follow, max-snippet:-1, max-image-preview:large, max-video-preview:-1\" \/>\n<link rel=\"canonical\" href=\"https:\/\/www.powerforevercharger.com\/es\/producto\/220vac-230vac-battery-charger-12v-24v-36v-48v-60v-30a-15a-10a-8a-6a-for-floor-scrubber-floor-sweeper-scooter\/\" \/>\n<meta property=\"og:locale\" content=\"es_ES\" \/>\n<meta property=\"og:type\" content=\"article\" \/>\n<meta property=\"og:title\" content=\"750W 12V 24V 36V 48V 60V 30A 15A 10A 8A 6A Onboard Battery Charger - HEIFEI POWER\" \/>\n<meta property=\"og:description\" content=\"This charger uses an aluminum extruded shell with mounting holes. It can be used as a car charger and has a dust-proof effect, but it is not recommended to be used in an environment with high-intensity vibration. This charger has an LLC resonant circuit and a built-in auxiliary power supply This charger uses a dual-tube [&hellip;]\" \/>\n<meta property=\"og:url\" content=\"https:\/\/www.powerforevercharger.com\/es\/producto\/220vac-230vac-battery-charger-12v-24v-36v-48v-60v-30a-15a-10a-8a-6a-for-floor-scrubber-floor-sweeper-scooter\/\" \/>\n<meta property=\"og:site_name\" content=\"HEIFEI POWER\" \/>\n<meta property=\"article:modified_time\" content=\"2026-04-16T07:12:03+00:00\" \/>\n<meta property=\"og:image\" content=\"https:\/\/www.powerforevercharger.com\/wp-content\/uploads\/2024\/09\/1\u4e3b\u56fe1-1.jpg\" \/>\n\t<meta property=\"og:image:width\" content=\"1600\" \/>\n\t<meta property=\"og:image:height\" content=\"1600\" \/>\n\t<meta property=\"og:image:type\" content=\"image\/jpeg\" \/>\n<meta name=\"twitter:card\" content=\"summary_large_image\" \/>\n<meta name=\"twitter:label1\" content=\"Tiempo de lectura\" \/>\n\t<meta name=\"twitter:data1\" content=\"1 minuto\" \/>\n<script type=\"application\/ld+json\" class=\"yoast-schema-graph\">{\"@context\":\"https:\/\/schema.org\",\"@graph\":[{\"@type\":\"WebPage\",\"@id\":\"https:\/\/www.powerforevercharger.com\/product\/220vac-230vac-battery-charger-12v-24v-36v-48v-60v-30a-15a-10a-8a-6a-for-floor-scrubber-floor-sweeper-scooter\/\",\"url\":\"https:\/\/www.powerforevercharger.com\/product\/220vac-230vac-battery-charger-12v-24v-36v-48v-60v-30a-15a-10a-8a-6a-for-floor-scrubber-floor-sweeper-scooter\/\",\"name\":\"750W 12V 24V 36V 48V 60V 30A 15A 10A 8A 6A Onboard Battery Charger - HEIFEI POWER\",\"isPartOf\":{\"@id\":\"https:\/\/www.powerforevercharger.com\/es\/#website\"},\"datePublished\":\"2024-09-02T14:46:23+00:00\",\"dateModified\":\"2026-04-16T07:12:03+00:00\",\"breadcrumb\":{\"@id\":\"https:\/\/www.powerforevercharger.com\/product\/220vac-230vac-battery-charger-12v-24v-36v-48v-60v-30a-15a-10a-8a-6a-for-floor-scrubber-floor-sweeper-scooter\/#breadcrumb\"},\"inLanguage\":\"es\",\"potentialAction\":[{\"@type\":\"ReadAction\",\"target\":[\"https:\/\/www.powerforevercharger.com\/product\/220vac-230vac-battery-charger-12v-24v-36v-48v-60v-30a-15a-10a-8a-6a-for-floor-scrubber-floor-sweeper-scooter\/\"]}]},{\"@type\":\"BreadcrumbList\",\"@id\":\"https:\/\/www.powerforevercharger.com\/product\/220vac-230vac-battery-charger-12v-24v-36v-48v-60v-30a-15a-10a-8a-6a-for-floor-scrubber-floor-sweeper-scooter\/#breadcrumb\",\"itemListElement\":[{\"@type\":\"ListItem\",\"position\":1,\"name\":\"\u9996\u9875\",\"item\":\"https:\/\/www.powerforevercharger.com\/\"},{\"@type\":\"ListItem\",\"position\":2,\"name\":\"Shop\",\"item\":\"https:\/\/www.powerforevercharger.com\/es\/shop\/\"},{\"@type\":\"ListItem\",\"position\":3,\"name\":\"750W 12V 24V 36V 48V 60V 30A 15A 10A 8A 6A Onboard Battery Charger\"}]},{\"@type\":\"WebSite\",\"@id\":\"https:\/\/www.powerforevercharger.com\/es\/#website\",\"url\":\"https:\/\/www.powerforevercharger.com\/es\/\",\"name\":\"HEIFEI POWER\",\"description\":\"\",\"publisher\":{\"@id\":\"https:\/\/www.powerforevercharger.com\/es\/#organization\"},\"potentialAction\":[{\"@type\":\"SearchAction\",\"target\":{\"@type\":\"EntryPoint\",\"urlTemplate\":\"https:\/\/www.powerforevercharger.com\/es\/?s={search_term_string}\"},\"query-input\":\"required name=search_term_string\"}],\"inLanguage\":\"es\"},{\"@type\":\"Organization\",\"@id\":\"https:\/\/www.powerforevercharger.com\/es\/#organization\",\"name\":\"HEIFEI POWER\",\"url\":\"https:\/\/www.powerforevercharger.com\/es\/\",\"logo\":{\"@type\":\"ImageObject\",\"inLanguage\":\"es\",\"@id\":\"https:\/\/www.powerforevercharger.com\/es\/#\/schema\/logo\/image\/\",\"url\":\"https:\/\/www.powerforevercharger.com\/wp-content\/uploads\/2024\/05\/logoNws2.png\",\"contentUrl\":\"https:\/\/www.powerforevercharger.com\/wp-content\/uploads\/2024\/05\/logoNws2.png\",\"width\":258,\"height\":100,\"caption\":\"HEIFEI POWER\"},\"image\":{\"@id\":\"https:\/\/www.powerforevercharger.com\/es\/#\/schema\/logo\/image\/\"}}]}<\/script>\n<!-- \/ Yoast SEO plugin. -->","yoast_head_json":{"title":"750W 12V 24V 36V 48V 60V 30A 15A 10A 8A 6A Onboard Battery Charger - HEIFEI POWER","robots":{"index":"index","follow":"follow","max-snippet":"max-snippet:-1","max-image-preview":"max-image-preview:large","max-video-preview":"max-video-preview:-1"},"canonical":"https:\/\/www.powerforevercharger.com\/es\/producto\/220vac-230vac-battery-charger-12v-24v-36v-48v-60v-30a-15a-10a-8a-6a-for-floor-scrubber-floor-sweeper-scooter\/","og_locale":"es_ES","og_type":"article","og_title":"750W 12V 24V 36V 48V 60V 30A 15A 10A 8A 6A Onboard Battery Charger - HEIFEI POWER","og_description":"This charger uses an aluminum extruded shell with mounting holes. It can be used as a car charger and has a dust-proof effect, but it is not recommended to be used in an environment with high-intensity vibration. This charger has an LLC resonant circuit and a built-in auxiliary power supply This charger uses a dual-tube [&hellip;]","og_url":"https:\/\/www.powerforevercharger.com\/es\/producto\/220vac-230vac-battery-charger-12v-24v-36v-48v-60v-30a-15a-10a-8a-6a-for-floor-scrubber-floor-sweeper-scooter\/","og_site_name":"HEIFEI POWER","article_modified_time":"2026-04-16T07:12:03+00:00","og_image":[{"width":1600,"height":1600,"url":"https:\/\/www.powerforevercharger.com\/wp-content\/uploads\/2024\/09\/1\u4e3b\u56fe1-1.jpg","type":"image\/jpeg"}],"twitter_card":"summary_large_image","twitter_misc":{"Tiempo de lectura":"1 minuto"},"schema":{"@context":"https:\/\/schema.org","@graph":[{"@type":"WebPage","@id":"https:\/\/www.powerforevercharger.com\/product\/220vac-230vac-battery-charger-12v-24v-36v-48v-60v-30a-15a-10a-8a-6a-for-floor-scrubber-floor-sweeper-scooter\/","url":"https:\/\/www.powerforevercharger.com\/product\/220vac-230vac-battery-charger-12v-24v-36v-48v-60v-30a-15a-10a-8a-6a-for-floor-scrubber-floor-sweeper-scooter\/","name":"750W 12V 24V 36V 48V 60V 30A 15A 10A 8A 6A Onboard Battery Charger - HEIFEI POWER","isPartOf":{"@id":"https:\/\/www.powerforevercharger.com\/es\/#website"},"datePublished":"2024-09-02T14:46:23+00:00","dateModified":"2026-04-16T07:12:03+00:00","breadcrumb":{"@id":"https:\/\/www.powerforevercharger.com\/product\/220vac-230vac-battery-charger-12v-24v-36v-48v-60v-30a-15a-10a-8a-6a-for-floor-scrubber-floor-sweeper-scooter\/#breadcrumb"},"inLanguage":"es","potentialAction":[{"@type":"ReadAction","target":["https:\/\/www.powerforevercharger.com\/product\/220vac-230vac-battery-charger-12v-24v-36v-48v-60v-30a-15a-10a-8a-6a-for-floor-scrubber-floor-sweeper-scooter\/"]}]},{"@type":"BreadcrumbList","@id":"https:\/\/www.powerforevercharger.com\/product\/220vac-230vac-battery-charger-12v-24v-36v-48v-60v-30a-15a-10a-8a-6a-for-floor-scrubber-floor-sweeper-scooter\/#breadcrumb","itemListElement":[{"@type":"ListItem","position":1,"name":"\u9996\u9875","item":"https:\/\/www.powerforevercharger.com\/"},{"@type":"ListItem","position":2,"name":"Shop","item":"https:\/\/www.powerforevercharger.com\/es\/shop\/"},{"@type":"ListItem","position":3,"name":"750W 12V 24V 36V 48V 60V 30A 15A 10A 8A 6A Onboard Battery Charger"}]},{"@type":"WebSite","@id":"https:\/\/www.powerforevercharger.com\/es\/#website","url":"https:\/\/www.powerforevercharger.com\/es\/","name":"HEIFEI POWER","description":"","publisher":{"@id":"https:\/\/www.powerforevercharger.com\/es\/#organization"},"potentialAction":[{"@type":"SearchAction","target":{"@type":"EntryPoint","urlTemplate":"https:\/\/www.powerforevercharger.com\/es\/?s={search_term_string}"},"query-input":"required name=search_term_string"}],"inLanguage":"es"},{"@type":"Organization","@id":"https:\/\/www.powerforevercharger.com\/es\/#organization","name":"HEIFEI POWER","url":"https:\/\/www.powerforevercharger.com\/es\/","logo":{"@type":"ImageObject","inLanguage":"es","@id":"https:\/\/www.powerforevercharger.com\/es\/#\/schema\/logo\/image\/","url":"https:\/\/www.powerforevercharger.com\/wp-content\/uploads\/2024\/05\/logoNws2.png","contentUrl":"https:\/\/www.powerforevercharger.com\/wp-content\/uploads\/2024\/05\/logoNws2.png","width":258,"height":100,"caption":"HEIFEI POWER"},"image":{"@id":"https:\/\/www.powerforevercharger.com\/es\/#\/schema\/logo\/image\/"}}]}},"_links":{"self":[{"href":"https:\/\/www.powerforevercharger.com\/es\/wp-json\/wp\/v2\/product\/2227","targetHints":{"allow":["GET"]}}],"collection":[{"href":"https:\/\/www.powerforevercharger.com\/es\/wp-json\/wp\/v2\/product"}],"about":[{"href":"https:\/\/www.powerforevercharger.com\/es\/wp-json\/wp\/v2\/types\/product"}],"replies":[{"embeddable":true,"href":"https:\/\/www.powerforevercharger.com\/es\/wp-json\/wp\/v2\/comments?post=2227"}],"version-history":[{"count":8,"href":"https:\/\/www.powerforevercharger.com\/es\/wp-json\/wp\/v2\/product\/2227\/revisions"}],"predecessor-version":[{"id":5197,"href":"https:\/\/www.powerforevercharger.com\/es\/wp-json\/wp\/v2\/product\/2227\/revisions\/5197"}],"wp:featuredmedia":[{"embeddable":true,"href":"https:\/\/www.powerforevercharger.com\/es\/wp-json\/wp\/v2\/media\/2230"}],"wp:attachment":[{"href":"https:\/\/www.powerforevercharger.com\/es\/wp-json\/wp\/v2\/media?parent=2227"}],"wp:term":[{"taxonomy":"product_cat","embeddable":true,"href":"https:\/\/www.powerforevercharger.com\/es\/wp-json\/wp\/v2\/product_cat?post=2227"},{"taxonomy":"product_tag","embeddable":true,"href":"https:\/\/www.powerforevercharger.com\/es\/wp-json\/wp\/v2\/product_tag?post=2227"}],"curies":[{"name":"wp","href":"https:\/\/api.w.org\/{rel}","templated":true}]}}