{"id":3139,"date":"2024-09-04T18:40:34","date_gmt":"2024-09-04T10:40:34","guid":{"rendered":"https:\/\/www.powerforevercharger.com\/?post_type=product&#038;p=3139"},"modified":"2026-04-16T16:41:58","modified_gmt":"2026-04-16T08:41:58","slug":"customized-36-volt-18amp-25amp-38-4-volt-43-8-volt-lithium-battery-fast-charger-waterproof-lead-acid-battery-charger-for-golf-cart","status":"publish","type":"product","link":"https:\/\/www.powerforevercharger.com\/es\/producto\/customized-36-volt-18amp-25amp-38-4-volt-43-8-volt-lithium-battery-fast-charger-waterproof-lead-acid-battery-charger-for-golf-cart\/","title":{"rendered":"1250W 36 Volt 18Amp 25Amp Battery Fast Charger"},"content":{"rendered":"<p>Este cargador utiliza tecnolog\u00eda de aluminio fundido a presi\u00f3n y tiene orificios de montaje. Se puede utilizar como cargador de coche. Tiene una tapa + pasamanos en la parte superior para facilitar su transporte. El interior utiliza tecnolog\u00eda de relleno de pegamento para lograr efectos impermeables, a prueba de polvo y a prueba de golpes. El nivel de impermeabilidad es IP65. Si necesita IP67, nuestro modelo tambi\u00e9n puede alcanzar el nivel IP67.<\/p>\n<p>Este cargador es un circuito resonante PFC+LLC, con una fuente de alimentaci\u00f3n auxiliar incorporada y un rel\u00e9 antipandeo para veh\u00edculos incorporado, que puede realizar la conmutaci\u00f3n de programas y la tensi\u00f3n de salida m\u00e1xima puede ser de hasta 120V. Con funci\u00f3n autom\u00e1tica de entrada de voltaje amplio, funci\u00f3n de detecci\u00f3n de voltaje de CA, funci\u00f3n de potencia constante de salida del circuito de detecci\u00f3n de temperatura, etc.<\/p>\n<p>Este cargador est\u00e1 dise\u00f1ado con m\u00faltiples funciones de seguridad, como protecci\u00f3n contra sobrecarga, protecci\u00f3n contra cortocircuitos y protecci\u00f3n contra polaridad inversa para evitar cualquier da\u00f1o a la bater\u00eda o al propio cargador. El cargador tambi\u00e9n est\u00e1 dise\u00f1ado para detectar autom\u00e1ticamente el nivel de carga de la bater\u00eda y ajustar la velocidad de carga en consecuencia para garantizar una carga segura y eficiente en todo momento.<\/p>\n<table width=\"1488\">\n<tbody>\n<tr>\n<td width=\"300\">Modelo\uff1a<\/td>\n<td width=\"501\">QA1250A<\/td>\n<td width=\"313\">Shell:<\/td>\n<td width=\"373\">Alumiunim<\/td>\n<\/tr>\n<tr>\n<td width=\"300\">Entrada CA:<\/td>\n<td width=\"501\">100-265VAC;45-65Hz<\/td>\n<td width=\"313\">Tama\u00f1o:<\/td>\n<td width=\"373\">231,9*136,5*76mm<br \/>\n9,13*5,37*2,99 pulgadas<\/td>\n<\/tr>\n<tr>\n<td width=\"300\">Corriente de entrada m\u00e1x:<\/td>\n<td>\u226412A@100-265VAC;<\/td>\n<td width=\"313\">Peso\uff1a<\/td>\n<td width=\"373\">2,5 kg<\/td>\n<\/tr>\n<tr>\n<td width=\"300\">Eficiencia m\u00e1xima:<\/td>\n<td width=\"501\">\u226593.0%<\/td>\n<td width=\"313\">Impermeable:<\/td>\n<td width=\"373\">IP65<\/td>\n<\/tr>\n<tr>\n<td width=\"300\">Ruido:<\/td>\n<td width=\"501\">\u226445dB<\/td>\n<td width=\"313\">Temperatura de funcionamiento\uff1a<\/td>\n<td width=\"373\">-30\u2103~65\u2103<\/td>\n<\/tr>\n<tr>\n<td width=\"300\">Color disponible:<\/td>\n<td width=\"501\">Plata, negro, rojo, azul.<br \/>\notros colores personalizables<\/td>\n<td width=\"313\">Temperatura de almacenamiento:<\/td>\n<td width=\"373\">-40\u2103~95\u2103<\/td>\n<\/tr>\n<tr>\n<td width=\"300\">Modo de control:<\/td>\n<td width=\"501\">Chip de control digital independiente e inteligente<\/td>\n<td width=\"313\">Garant\u00eda:<\/td>\n<td width=\"373\">2 a\u00f1os<\/td>\n<\/tr>\n<tr>\n<td width=\"300\">Indicador LED Tipo 1:<\/p>\n<p><img decoding=\"async\" class=\"alignnone  wp-image-2727\" src=\"https:\/\/www.powerforevercharger.com\/wp-content\/uploads\/2024\/09\/\u56fe\u72471-11.png\" alt=\"\" width=\"72\" height=\"69\" srcset=\"https:\/\/www.powerforevercharger.com\/wp-content\/uploads\/2024\/09\/\u56fe\u72471-11.png 271w, https:\/\/www.powerforevercharger.com\/wp-content\/uploads\/2024\/09\/\u56fe\u72471-11-13x12.png 13w\" sizes=\"(max-width: 72px) 100vw, 72px\" \/><\/td>\n<td width=\"501\">Luz roja intermitente: \u226490%<br \/>\nLuz verde intermitente: \u226590%<br \/>\nLa luz verde est\u00e1 siempre encendida: 100%<\/td>\n<td width=\"313\">Indicador LED Tipo 2:<\/p>\n<p><img decoding=\"async\" class=\"alignnone  wp-image-2726\" src=\"https:\/\/www.powerforevercharger.com\/wp-content\/uploads\/2024\/09\/\u56fe\u72471-10.png\" alt=\"\" width=\"72\" height=\"71\" srcset=\"https:\/\/www.powerforevercharger.com\/wp-content\/uploads\/2024\/09\/\u56fe\u72471-10.png 196w, https:\/\/www.powerforevercharger.com\/wp-content\/uploads\/2024\/09\/\u56fe\u72471-10-150x150.png 150w, https:\/\/www.powerforevercharger.com\/wp-content\/uploads\/2024\/09\/\u56fe\u72471-10-12x12.png 12w, https:\/\/www.powerforevercharger.com\/wp-content\/uploads\/2024\/09\/\u56fe\u72471-10-100x100.png 100w, https:\/\/www.powerforevercharger.com\/wp-content\/uploads\/2024\/09\/\u56fe\u72471-10-50x50.png 50w\" sizes=\"(max-width: 72px) 100vw, 72px\" \/><\/td>\n<td width=\"373\">Luz roja intermitente: \u226480%<br \/>\nLuz amarilla intermitente: \u226580%<br \/>\nLuz verde intermitente: \u2248100%<br \/>\nLa luz verde est\u00e1 siempre encendida: 100%<\/td>\n<\/tr>\n<tr>\n<td width=\"300\">Factor de potencia:<\/td>\n<td width=\"501\">\u22650.99<\/td>\n<td width=\"313\">MOQ:<\/td>\n<td width=\"373\">6 unidades<\/td>\n<\/tr>\n<tr>\n<td width=\"300\">Curva de carga Personalizada:<\/td>\n<td>S\u00ed (precarga, apagado autom\u00e1tico, protecci\u00f3n contra sobrecarga, etc.).<\/td>\n<td><\/td>\n<td><\/td>\n<\/tr>\n<tr>\n<td width=\"300\">Protecci\u00f3n:<\/td>\n<td colspan=\"3\" width=\"1188\">1.Protecci\u00f3n contra quemaduras,<br \/>\n2.Protecci\u00f3n contra la conexi\u00f3n inversa de las bater\u00edas<br \/>\n3.Protecci\u00f3n sin carga<br \/>\n4.Protecci\u00f3n contra cortocircuitos<br \/>\n5.Apagado autom\u00e1tico cuando est\u00e1 completamente cargada<\/td>\n<\/tr>\n<tr>\n<td width=\"300\">Paquete:<\/td>\n<td colspan=\"3\" width=\"1188\">6 unidades por caja; Caja de cart\u00f3n individual interior (con espuma): 295*190*133mm<br \/>\nDimensiones exteriores de la caja:550*420*280mm<\/td>\n<\/tr>\n<tr>\n<td width=\"300\">Aplicaciones:<\/td>\n<td colspan=\"3\" width=\"1188\">Es adecuado para bater\u00edas de plomo-\u00e1cido inundadas, bater\u00edas de plomo-\u00e1cido selladas, bater\u00edas de litio, bater\u00edas NI-MH, bater\u00edas de n\u00edquel-cadmio, etc.<\/td>\n<\/tr>\n<\/tbody>\n<\/table>\n<p><img fetchpriority=\"high\" decoding=\"async\" class=\"alignnone size-full wp-image-3159\" src=\"https:\/\/www.powerforevercharger.com\/wp-content\/uploads\/2024\/09\/Over-view-\u6587\u5b57\u4e0b\u9762\u7684\u56fe\u7247-22.jpg\" alt=\"\" width=\"2000\" height=\"2000\" srcset=\"https:\/\/www.powerforevercharger.com\/wp-content\/uploads\/2024\/09\/Over-view-\u6587\u5b57\u4e0b\u9762\u7684\u56fe\u7247-22.jpg 2000w, https:\/\/www.powerforevercharger.com\/wp-content\/uploads\/2024\/09\/Over-view-\u6587\u5b57\u4e0b\u9762\u7684\u56fe\u7247-22-300x300.jpg 300w, https:\/\/www.powerforevercharger.com\/wp-content\/uploads\/2024\/09\/Over-view-\u6587\u5b57\u4e0b\u9762\u7684\u56fe\u7247-22-1024x1024.jpg 1024w, https:\/\/www.powerforevercharger.com\/wp-content\/uploads\/2024\/09\/Over-view-\u6587\u5b57\u4e0b\u9762\u7684\u56fe\u7247-22-150x150.jpg 150w, https:\/\/www.powerforevercharger.com\/wp-content\/uploads\/2024\/09\/Over-view-\u6587\u5b57\u4e0b\u9762\u7684\u56fe\u7247-22-768x768.jpg 768w, https:\/\/www.powerforevercharger.com\/wp-content\/uploads\/2024\/09\/Over-view-\u6587\u5b57\u4e0b\u9762\u7684\u56fe\u7247-22-1536x1536.jpg 1536w, https:\/\/www.powerforevercharger.com\/wp-content\/uploads\/2024\/09\/Over-view-\u6587\u5b57\u4e0b\u9762\u7684\u56fe\u7247-22-12x12.jpg 12w, https:\/\/www.powerforevercharger.com\/wp-content\/uploads\/2024\/09\/Over-view-\u6587\u5b57\u4e0b\u9762\u7684\u56fe\u7247-22-600x600.jpg 600w, https:\/\/www.powerforevercharger.com\/wp-content\/uploads\/2024\/09\/Over-view-\u6587\u5b57\u4e0b\u9762\u7684\u56fe\u7247-22-100x100.jpg 100w, https:\/\/www.powerforevercharger.com\/wp-content\/uploads\/2024\/09\/Over-view-\u6587\u5b57\u4e0b\u9762\u7684\u56fe\u7247-22-50x50.jpg 50w\" sizes=\"(max-width: 2000px) 100vw, 2000px\" \/><\/p>","protected":false},"excerpt":{"rendered":"<p>TThis charger uses die-cast aluminum technology and has mounting holes. It can be used as a car charger. It has a cover + handrail on the top for easy carrying. The interior uses glue filling technology to achieve waterproof, dustproof and shockproof effects. The waterproof level is IP65. If you need IP67, our model can [&hellip;]<\/p>","protected":false},"featured_media":3140,"comment_status":"open","ping_status":"closed","template":"","meta":{"_acf_changed":false},"product_cat":[20],"product_tag":[],"class_list":{"0":"post-3139","1":"product","2":"type-product","3":"status-publish","4":"has-post-thumbnail","6":"product_cat-36v-charger","8":"first","9":"instock","10":"shipping-taxable","11":"product-type-simple"},"acf":[],"yoast_head":"<!-- This site is optimized with the Yoast SEO plugin v20.11 - https:\/\/yoast.com\/wordpress\/plugins\/seo\/ -->\n<title>1250W 36 Volt 18Amp 25Amp Battery Fast Charger - HEIFEI POWER<\/title>\n<meta name=\"robots\" content=\"index, follow, max-snippet:-1, max-image-preview:large, max-video-preview:-1\" \/>\n<link rel=\"canonical\" href=\"https:\/\/www.powerforevercharger.com\/es\/producto\/customized-36-volt-18amp-25amp-38-4-volt-43-8-volt-lithium-battery-fast-charger-waterproof-lead-acid-battery-charger-for-golf-cart\/\" \/>\n<meta property=\"og:locale\" content=\"es_ES\" \/>\n<meta property=\"og:type\" content=\"article\" \/>\n<meta property=\"og:title\" content=\"1250W 36 Volt 18Amp 25Amp Battery Fast Charger - HEIFEI POWER\" \/>\n<meta property=\"og:description\" content=\"TThis charger uses die-cast aluminum technology and has mounting holes. It can be used as a car charger. It has a cover + handrail on the top for easy carrying. The interior uses glue filling technology to achieve waterproof, dustproof and shockproof effects. The waterproof level is IP65. If you need IP67, our model can [&hellip;]\" \/>\n<meta property=\"og:url\" content=\"https:\/\/www.powerforevercharger.com\/es\/producto\/customized-36-volt-18amp-25amp-38-4-volt-43-8-volt-lithium-battery-fast-charger-waterproof-lead-acid-battery-charger-for-golf-cart\/\" \/>\n<meta property=\"og:site_name\" content=\"HEIFEI POWER\" \/>\n<meta property=\"article:modified_time\" content=\"2026-04-16T08:41:58+00:00\" \/>\n<meta property=\"og:image\" content=\"https:\/\/www.powerforevercharger.com\/wp-content\/uploads\/2024\/09\/1\u4e3b\u56fe1-13.jpg\" \/>\n\t<meta property=\"og:image:width\" content=\"2000\" \/>\n\t<meta property=\"og:image:height\" content=\"2000\" \/>\n\t<meta property=\"og:image:type\" content=\"image\/jpeg\" \/>\n<meta name=\"twitter:card\" content=\"summary_large_image\" \/>\n<meta name=\"twitter:label1\" content=\"Tiempo de lectura\" \/>\n\t<meta name=\"twitter:data1\" content=\"2 minutos\" \/>\n<script type=\"application\/ld+json\" class=\"yoast-schema-graph\">{\"@context\":\"https:\/\/schema.org\",\"@graph\":[{\"@type\":\"WebPage\",\"@id\":\"https:\/\/www.powerforevercharger.com\/product\/customized-36-volt-18amp-25amp-38-4-volt-43-8-volt-lithium-battery-fast-charger-waterproof-lead-acid-battery-charger-for-golf-cart\/\",\"url\":\"https:\/\/www.powerforevercharger.com\/product\/customized-36-volt-18amp-25amp-38-4-volt-43-8-volt-lithium-battery-fast-charger-waterproof-lead-acid-battery-charger-for-golf-cart\/\",\"name\":\"1250W 36 Volt 18Amp 25Amp Battery Fast Charger - HEIFEI POWER\",\"isPartOf\":{\"@id\":\"https:\/\/www.powerforevercharger.com\/es\/#website\"},\"datePublished\":\"2024-09-04T10:40:34+00:00\",\"dateModified\":\"2026-04-16T08:41:58+00:00\",\"breadcrumb\":{\"@id\":\"https:\/\/www.powerforevercharger.com\/product\/customized-36-volt-18amp-25amp-38-4-volt-43-8-volt-lithium-battery-fast-charger-waterproof-lead-acid-battery-charger-for-golf-cart\/#breadcrumb\"},\"inLanguage\":\"es\",\"potentialAction\":[{\"@type\":\"ReadAction\",\"target\":[\"https:\/\/www.powerforevercharger.com\/product\/customized-36-volt-18amp-25amp-38-4-volt-43-8-volt-lithium-battery-fast-charger-waterproof-lead-acid-battery-charger-for-golf-cart\/\"]}]},{\"@type\":\"BreadcrumbList\",\"@id\":\"https:\/\/www.powerforevercharger.com\/product\/customized-36-volt-18amp-25amp-38-4-volt-43-8-volt-lithium-battery-fast-charger-waterproof-lead-acid-battery-charger-for-golf-cart\/#breadcrumb\",\"itemListElement\":[{\"@type\":\"ListItem\",\"position\":1,\"name\":\"\u9996\u9875\",\"item\":\"https:\/\/www.powerforevercharger.com\/\"},{\"@type\":\"ListItem\",\"position\":2,\"name\":\"Shop\",\"item\":\"https:\/\/www.powerforevercharger.com\/es\/shop\/\"},{\"@type\":\"ListItem\",\"position\":3,\"name\":\"1250W 36 Volt 18Amp 25Amp Battery Fast Charger\"}]},{\"@type\":\"WebSite\",\"@id\":\"https:\/\/www.powerforevercharger.com\/es\/#website\",\"url\":\"https:\/\/www.powerforevercharger.com\/es\/\",\"name\":\"HEIFEI POWER\",\"description\":\"\",\"publisher\":{\"@id\":\"https:\/\/www.powerforevercharger.com\/es\/#organization\"},\"potentialAction\":[{\"@type\":\"SearchAction\",\"target\":{\"@type\":\"EntryPoint\",\"urlTemplate\":\"https:\/\/www.powerforevercharger.com\/es\/?s={search_term_string}\"},\"query-input\":\"required name=search_term_string\"}],\"inLanguage\":\"es\"},{\"@type\":\"Organization\",\"@id\":\"https:\/\/www.powerforevercharger.com\/es\/#organization\",\"name\":\"HEIFEI POWER\",\"url\":\"https:\/\/www.powerforevercharger.com\/es\/\",\"logo\":{\"@type\":\"ImageObject\",\"inLanguage\":\"es\",\"@id\":\"https:\/\/www.powerforevercharger.com\/es\/#\/schema\/logo\/image\/\",\"url\":\"https:\/\/www.powerforevercharger.com\/wp-content\/uploads\/2024\/05\/logoNws2.png\",\"contentUrl\":\"https:\/\/www.powerforevercharger.com\/wp-content\/uploads\/2024\/05\/logoNws2.png\",\"width\":258,\"height\":100,\"caption\":\"HEIFEI POWER\"},\"image\":{\"@id\":\"https:\/\/www.powerforevercharger.com\/es\/#\/schema\/logo\/image\/\"}}]}<\/script>\n<!-- \/ Yoast SEO plugin. -->","yoast_head_json":{"title":"1250W 36 Volt 18Amp 25Amp Battery Fast Charger - HEIFEI POWER","robots":{"index":"index","follow":"follow","max-snippet":"max-snippet:-1","max-image-preview":"max-image-preview:large","max-video-preview":"max-video-preview:-1"},"canonical":"https:\/\/www.powerforevercharger.com\/es\/producto\/customized-36-volt-18amp-25amp-38-4-volt-43-8-volt-lithium-battery-fast-charger-waterproof-lead-acid-battery-charger-for-golf-cart\/","og_locale":"es_ES","og_type":"article","og_title":"1250W 36 Volt 18Amp 25Amp Battery Fast Charger - HEIFEI POWER","og_description":"TThis charger uses die-cast aluminum technology and has mounting holes. It can be used as a car charger. It has a cover + handrail on the top for easy carrying. The interior uses glue filling technology to achieve waterproof, dustproof and shockproof effects. The waterproof level is IP65. If you need IP67, our model can [&hellip;]","og_url":"https:\/\/www.powerforevercharger.com\/es\/producto\/customized-36-volt-18amp-25amp-38-4-volt-43-8-volt-lithium-battery-fast-charger-waterproof-lead-acid-battery-charger-for-golf-cart\/","og_site_name":"HEIFEI POWER","article_modified_time":"2026-04-16T08:41:58+00:00","og_image":[{"width":2000,"height":2000,"url":"https:\/\/www.powerforevercharger.com\/wp-content\/uploads\/2024\/09\/1\u4e3b\u56fe1-13.jpg","type":"image\/jpeg"}],"twitter_card":"summary_large_image","twitter_misc":{"Tiempo de lectura":"2 minutos"},"schema":{"@context":"https:\/\/schema.org","@graph":[{"@type":"WebPage","@id":"https:\/\/www.powerforevercharger.com\/product\/customized-36-volt-18amp-25amp-38-4-volt-43-8-volt-lithium-battery-fast-charger-waterproof-lead-acid-battery-charger-for-golf-cart\/","url":"https:\/\/www.powerforevercharger.com\/product\/customized-36-volt-18amp-25amp-38-4-volt-43-8-volt-lithium-battery-fast-charger-waterproof-lead-acid-battery-charger-for-golf-cart\/","name":"1250W 36 Volt 18Amp 25Amp Battery Fast Charger - HEIFEI POWER","isPartOf":{"@id":"https:\/\/www.powerforevercharger.com\/es\/#website"},"datePublished":"2024-09-04T10:40:34+00:00","dateModified":"2026-04-16T08:41:58+00:00","breadcrumb":{"@id":"https:\/\/www.powerforevercharger.com\/product\/customized-36-volt-18amp-25amp-38-4-volt-43-8-volt-lithium-battery-fast-charger-waterproof-lead-acid-battery-charger-for-golf-cart\/#breadcrumb"},"inLanguage":"es","potentialAction":[{"@type":"ReadAction","target":["https:\/\/www.powerforevercharger.com\/product\/customized-36-volt-18amp-25amp-38-4-volt-43-8-volt-lithium-battery-fast-charger-waterproof-lead-acid-battery-charger-for-golf-cart\/"]}]},{"@type":"BreadcrumbList","@id":"https:\/\/www.powerforevercharger.com\/product\/customized-36-volt-18amp-25amp-38-4-volt-43-8-volt-lithium-battery-fast-charger-waterproof-lead-acid-battery-charger-for-golf-cart\/#breadcrumb","itemListElement":[{"@type":"ListItem","position":1,"name":"\u9996\u9875","item":"https:\/\/www.powerforevercharger.com\/"},{"@type":"ListItem","position":2,"name":"Shop","item":"https:\/\/www.powerforevercharger.com\/es\/shop\/"},{"@type":"ListItem","position":3,"name":"1250W 36 Volt 18Amp 25Amp Battery Fast Charger"}]},{"@type":"WebSite","@id":"https:\/\/www.powerforevercharger.com\/es\/#website","url":"https:\/\/www.powerforevercharger.com\/es\/","name":"HEIFEI POWER","description":"","publisher":{"@id":"https:\/\/www.powerforevercharger.com\/es\/#organization"},"potentialAction":[{"@type":"SearchAction","target":{"@type":"EntryPoint","urlTemplate":"https:\/\/www.powerforevercharger.com\/es\/?s={search_term_string}"},"query-input":"required name=search_term_string"}],"inLanguage":"es"},{"@type":"Organization","@id":"https:\/\/www.powerforevercharger.com\/es\/#organization","name":"HEIFEI POWER","url":"https:\/\/www.powerforevercharger.com\/es\/","logo":{"@type":"ImageObject","inLanguage":"es","@id":"https:\/\/www.powerforevercharger.com\/es\/#\/schema\/logo\/image\/","url":"https:\/\/www.powerforevercharger.com\/wp-content\/uploads\/2024\/05\/logoNws2.png","contentUrl":"https:\/\/www.powerforevercharger.com\/wp-content\/uploads\/2024\/05\/logoNws2.png","width":258,"height":100,"caption":"HEIFEI POWER"},"image":{"@id":"https:\/\/www.powerforevercharger.com\/es\/#\/schema\/logo\/image\/"}}]}},"_links":{"self":[{"href":"https:\/\/www.powerforevercharger.com\/es\/wp-json\/wp\/v2\/product\/3139","targetHints":{"allow":["GET"]}}],"collection":[{"href":"https:\/\/www.powerforevercharger.com\/es\/wp-json\/wp\/v2\/product"}],"about":[{"href":"https:\/\/www.powerforevercharger.com\/es\/wp-json\/wp\/v2\/types\/product"}],"replies":[{"embeddable":true,"href":"https:\/\/www.powerforevercharger.com\/es\/wp-json\/wp\/v2\/comments?post=3139"}],"version-history":[{"count":2,"href":"https:\/\/www.powerforevercharger.com\/es\/wp-json\/wp\/v2\/product\/3139\/revisions"}],"predecessor-version":[{"id":5226,"href":"https:\/\/www.powerforevercharger.com\/es\/wp-json\/wp\/v2\/product\/3139\/revisions\/5226"}],"wp:featuredmedia":[{"embeddable":true,"href":"https:\/\/www.powerforevercharger.com\/es\/wp-json\/wp\/v2\/media\/3140"}],"wp:attachment":[{"href":"https:\/\/www.powerforevercharger.com\/es\/wp-json\/wp\/v2\/media?parent=3139"}],"wp:term":[{"taxonomy":"product_cat","embeddable":true,"href":"https:\/\/www.powerforevercharger.com\/es\/wp-json\/wp\/v2\/product_cat?post=3139"},{"taxonomy":"product_tag","embeddable":true,"href":"https:\/\/www.powerforevercharger.com\/es\/wp-json\/wp\/v2\/product_tag?post=3139"}],"curies":[{"name":"wp","href":"https:\/\/api.w.org\/{rel}","templated":true}]}}