{"id":3249,"date":"2024-09-04T21:45:32","date_gmt":"2024-09-04T13:45:32","guid":{"rendered":"https:\/\/www.powerforevercharger.com\/?post_type=product&#038;p=3249"},"modified":"2026-04-16T16:49:18","modified_gmt":"2026-04-16T08:49:18","slug":"golf-cart-battery-charger-36v-43-8v-44-1v-10a-waterproof-ip45-lithium-battery-lifepo4-battery-charger","status":"publish","type":"product","link":"https:\/\/www.powerforevercharger.com\/es\/producto\/golf-cart-battery-charger-36v-43-8v-44-1v-10a-waterproof-ip45-lithium-battery-lifepo4-battery-charger\/","title":{"rendered":"2000W 36V 10A Onboard Battery Charger"},"content":{"rendered":"<p>Esta serie de cargadores QD450A son modelos no resistentes al agua.Utiliza un circuito de avance de doble tubo, con un circuito de alimentaci\u00f3n auxiliar en su interior, y una baja tensi\u00f3n de arranque de salida.<\/p>\n<p>La apariencia est\u00e1 ensamblada a partir de una carcasa de aluminio extruido y una placa inferior met\u00e1lica, y no es impermeable. Los cables de PVC de entrada y salida son cables moldeados por inyecci\u00f3n de una sola pieza, lo que dificulta la sustituci\u00f3n del cable de alimentaci\u00f3n.<\/p>\n<p>Protecci\u00f3n m\u00faltiple: Protecci\u00f3n contra sobrecalentamiento; Protecci\u00f3n contra sobrecorriente; Protecci\u00f3n contra sobretensi\u00f3n; Protecci\u00f3n contra cortocircuito; Protecci\u00f3n contra conexi\u00f3n inversa; Protecci\u00f3n contra sobrecarga. Para la bater\u00eda de litio, hay funci\u00f3n de activaci\u00f3n de carga.<\/p>\n<p>Esta serie de cargadores QD450A est\u00e1 dise\u00f1ada con una estructura no sellada. Es adecuado para bater\u00edas de plomo-\u00e1cido inundadas, bater\u00edas de plomo-\u00e1cido selladas, bater\u00edas de litio, bater\u00edas NI-MH, bater\u00edas de n\u00edquel-cadmio, etc. Se utilizan para la carga c\u00edclica o flotante de bater\u00edas en coches el\u00e9ctricos, cortac\u00e9spedes, carretillas elevadoras, fregadoras de suelos, AGV, barcos, plataformas a\u00e9reas de trabajo, cortac\u00e9spedes, motos acu\u00e1ticas.<\/p>\n<table style=\"border-collapse: collapse; width: 100.168%; height: 721px;\" border=\"0\" width=\"1323\" cellspacing=\"0\" cellpadding=\"0\">\n<tbody>\n<tr style=\"height: 25.00pt;\">\n<td class=\"et2\" style=\"height: 25.00pt; width: 127.50pt;\" width=\"255\" height=\"50\">Modelo<span class=\"font4\">\uff1a<\/span><\/td>\n<td class=\"et3\" style=\"width: 190.50pt;\" width=\"381\">QA450A-24V15A<\/td>\n<td class=\"et2\" style=\"width: 156.75pt;\" width=\"313\">Shell:<\/td>\n<td class=\"et4\" style=\"width: 186.75pt;\" width=\"373\">Alumiunim<\/td>\n<\/tr>\n<tr style=\"height: 49.00pt;\">\n<td class=\"et5\" style=\"height: 49.00pt; width: 127.50pt;\" width=\"255\" height=\"98\">Entrada de CA:<\/td>\n<td class=\"et6\" style=\"width: 190.50pt;\" width=\"381\">185-270VAC;45-65Hz<br \/>\n100-125VAC;45-65Hz<\/td>\n<td class=\"et5\" style=\"width: 156.75pt;\" width=\"313\">Tama\u00f1o:<\/td>\n<td class=\"et7\" style=\"width: 186.75pt;\" width=\"373\">176*124,5*59 mm 6,93*4,9*2,32 pulgadas<\/td>\n<\/tr>\n<tr style=\"height: 25.00pt;\">\n<td class=\"et8\" style=\"height: 25.00pt; width: 127.50pt;\" width=\"255\" height=\"50\">Corriente de entrada m\u00e1xima:<\/td>\n<td class=\"et9\">\u22646,9A@110VAC\/ \u22643,5A220VAC<\/td>\n<td class=\"et8\" style=\"width: 156.75pt;\" width=\"313\">Peso<span class=\"font4\">\uff1a<\/span><\/td>\n<td class=\"et10\" style=\"width: 186.75pt;\" width=\"373\">1,7 kg<\/td>\n<\/tr>\n<tr style=\"height: 31.00pt;\">\n<td class=\"et5\" style=\"height: 31.00pt; width: 127.50pt;\" width=\"255\" height=\"62\">Eficiencia m\u00e1xima:<\/td>\n<td class=\"et6\" style=\"width: 190.50pt;\" width=\"381\">\u226592.0%<\/td>\n<td class=\"et5\" style=\"width: 156.75pt;\" width=\"313\">Impermeable:<\/td>\n<td class=\"et7\" style=\"width: 186.75pt;\" width=\"373\">IP65<\/td>\n<\/tr>\n<tr style=\"height: 38.00pt;\">\n<td class=\"et8\" style=\"height: 38.00pt; width: 127.50pt;\" width=\"255\" height=\"76\">Ruido:<\/td>\n<td class=\"et11\" style=\"width: 190.50pt;\" width=\"381\">\u226445dB<\/td>\n<td class=\"et8\" style=\"width: 156.75pt;\" width=\"313\">Temperatura de funcionamiento<span class=\"font4\">\uff1a<\/span><\/td>\n<td class=\"et10\" style=\"width: 186.75pt;\" width=\"373\">-30<span class=\"font5\">\u2103<\/span><span class=\"font2\">~65<\/span><span class=\"font5\">\u2103<\/span><\/td>\n<\/tr>\n<tr style=\"height: 50.00pt;\">\n<td class=\"et5\" style=\"height: 50.00pt; width: 127.50pt;\" width=\"255\" height=\"100\">Color disponible<\/td>\n<td class=\"et6\" style=\"width: 190.50pt;\" width=\"381\">Full en plata;<br \/>\nOtros personalizados en MOQ:100Sets<\/td>\n<td class=\"et5\" style=\"width: 156.75pt;\" width=\"313\">Temperatura de almacenamiento:<\/td>\n<td class=\"et7\" style=\"width: 186.75pt;\" width=\"373\">-40<span class=\"font5\">\u2103<\/span><span class=\"font2\">~95<\/span><span class=\"font5\">\u2103<\/span><\/td>\n<\/tr>\n<tr style=\"height: 39.00pt;\">\n<td class=\"et8\" style=\"height: 39.00pt; width: 127.50pt;\" width=\"255\" height=\"78\">Modo de control<\/td>\n<td class=\"et11\" style=\"width: 190.50pt;\" width=\"381\">Chip de control digital independiente e inteligente<\/td>\n<td class=\"et8\" style=\"width: 156.75pt;\" width=\"313\">Garant\u00eda<\/td>\n<td class=\"et10\" style=\"width: 186.75pt;\" width=\"373\">2 a\u00f1os<\/td>\n<\/tr>\n<tr style=\"height: 48.00pt;\">\n<td class=\"et5\" style=\"height: 48.00pt; width: 127.50pt;\" width=\"255\" height=\"96\">Factor de potencia<\/td>\n<td class=\"et6\" style=\"width: 190.50pt;\" width=\"381\">\u22650.99<\/td>\n<td class=\"et5\" style=\"width: 156.75pt;\" width=\"313\">MOQ:<\/td>\n<td class=\"et7\" style=\"width: 186.75pt;\" width=\"373\">6 juegos<\/td>\n<\/tr>\n<tr style=\"height: 39.00pt;\">\n<td class=\"et8\" style=\"height: 39.00pt; width: 127.50pt;\" width=\"255\" height=\"78\">Curva de carga Personalizada<\/td>\n<td class=\"et16\">S\u00ed (precarga, apagado autom\u00e1tico, protecci\u00f3n contra sobrecarga, etc.).<\/td>\n<td class=\"et16\"><\/td>\n<td class=\"et18\"><\/td>\n<\/tr>\n<tr style=\"height: 77.00pt;\">\n<td class=\"et19\" style=\"height: 77.00pt; width: 127.50pt;\" width=\"255\" height=\"154\">Protecci\u00f3n:<\/td>\n<td class=\"et20\" style=\"width: 534.00pt;\" colspan=\"3\" width=\"1068\">1.Protecci\u00f3n contra quemaduras,<br \/>\n2.Protecci\u00f3n contra la conexi\u00f3n inversa de las bater\u00edas<br \/>\n3.Protecci\u00f3n sin carga<br \/>\n4.Protecci\u00f3n contra cortocircuitos<br \/>\n5.Apagado autom\u00e1tico cuando est\u00e1 completamente cargada<\/td>\n<\/tr>\n<tr style=\"height: 48.00pt;\">\n<td class=\"et23\" style=\"height: 48.00pt; width: 127.50pt;\" width=\"255\" height=\"96\">Paquete<\/td>\n<td class=\"et24\" style=\"width: 534.00pt; border-right: .5pt solid #000000;\" colspan=\"3\" width=\"1068\">12 unidades por caja<span class=\"font5\">\uff1b<\/span><span class=\"font2\">Tama\u00f1o de la caja interior:250*140*110mm<br \/>\nTama\u00f1o exterior de la caja:538*348*310mm;0.058CBM\/Cart\u00f3n<\/span><\/td>\n<\/tr>\n<tr style=\"height: 30.00pt;\">\n<td class=\"et27\" style=\"height: 30.00pt; width: 127.50pt;\" width=\"255\" height=\"60\">Aplicaci\u00f3n<\/td>\n<td class=\"et28\" style=\"width: 534.00pt; border-right: .5pt solid #000000;\" colspan=\"3\" width=\"1068\">Es adecuado para bater\u00edas de plomo-\u00e1cido inundadas, bater\u00edas de plomo-\u00e1cido selladas, bater\u00edas de litio, bater\u00edas NI-MH, bater\u00edas de n\u00edquel-cadmio, etc.<\/td>\n<\/tr>\n<\/tbody>\n<\/table>\n<p><img fetchpriority=\"high\" decoding=\"async\" class=\"alignnone size-full wp-image-3269\" src=\"https:\/\/www.powerforevercharger.com\/wp-content\/uploads\/2024\/09\/overview-\u6587\u5b57\u4e0b\u9762\u7684\u56fe\u72478-3.jpg\" alt=\"\" width=\"2000\" height=\"2000\" srcset=\"https:\/\/www.powerforevercharger.com\/wp-content\/uploads\/2024\/09\/overview-\u6587\u5b57\u4e0b\u9762\u7684\u56fe\u72478-3.jpg 2000w, https:\/\/www.powerforevercharger.com\/wp-content\/uploads\/2024\/09\/overview-\u6587\u5b57\u4e0b\u9762\u7684\u56fe\u72478-3-300x300.jpg 300w, https:\/\/www.powerforevercharger.com\/wp-content\/uploads\/2024\/09\/overview-\u6587\u5b57\u4e0b\u9762\u7684\u56fe\u72478-3-1024x1024.jpg 1024w, https:\/\/www.powerforevercharger.com\/wp-content\/uploads\/2024\/09\/overview-\u6587\u5b57\u4e0b\u9762\u7684\u56fe\u72478-3-150x150.jpg 150w, https:\/\/www.powerforevercharger.com\/wp-content\/uploads\/2024\/09\/overview-\u6587\u5b57\u4e0b\u9762\u7684\u56fe\u72478-3-768x768.jpg 768w, https:\/\/www.powerforevercharger.com\/wp-content\/uploads\/2024\/09\/overview-\u6587\u5b57\u4e0b\u9762\u7684\u56fe\u72478-3-1536x1536.jpg 1536w, https:\/\/www.powerforevercharger.com\/wp-content\/uploads\/2024\/09\/overview-\u6587\u5b57\u4e0b\u9762\u7684\u56fe\u72478-3-12x12.jpg 12w, https:\/\/www.powerforevercharger.com\/wp-content\/uploads\/2024\/09\/overview-\u6587\u5b57\u4e0b\u9762\u7684\u56fe\u72478-3-600x600.jpg 600w, https:\/\/www.powerforevercharger.com\/wp-content\/uploads\/2024\/09\/overview-\u6587\u5b57\u4e0b\u9762\u7684\u56fe\u72478-3-100x100.jpg 100w, https:\/\/www.powerforevercharger.com\/wp-content\/uploads\/2024\/09\/overview-\u6587\u5b57\u4e0b\u9762\u7684\u56fe\u72478-3-50x50.jpg 50w\" sizes=\"(max-width: 2000px) 100vw, 2000px\" \/><\/p>","protected":false},"excerpt":{"rendered":"<p>This\u00a0QD450A series chargers\u00a0are non-waterproof models.It uses a dual-tube forward circuit, with an auxiliary power circuit inside, and a low output start-up voltage. The appearance is assembled from an aluminum extruded shell and a metal bottom plate, and is non-waterproof. The input and output PVC wires are one-piece injection-molded wires, which makes it difficult to replace [&hellip;]<\/p>","protected":false},"featured_media":3250,"comment_status":"open","ping_status":"closed","template":"","meta":{"_acf_changed":false},"product_cat":[20],"product_tag":[],"class_list":{"0":"post-3249","1":"product","2":"type-product","3":"status-publish","4":"has-post-thumbnail","6":"product_cat-36v-charger","8":"first","9":"instock","10":"shipping-taxable","11":"product-type-simple"},"acf":[],"yoast_head":"<!-- This site is optimized with the Yoast SEO plugin v20.11 - https:\/\/yoast.com\/wordpress\/plugins\/seo\/ -->\n<title>2000W 36V 10A Onboard Battery Charger - HEIFEI POWER<\/title>\n<meta name=\"robots\" content=\"index, follow, max-snippet:-1, max-image-preview:large, max-video-preview:-1\" \/>\n<link rel=\"canonical\" href=\"https:\/\/www.powerforevercharger.com\/es\/producto\/golf-cart-battery-charger-36v-43-8v-44-1v-10a-waterproof-ip45-lithium-battery-lifepo4-battery-charger\/\" \/>\n<meta property=\"og:locale\" content=\"es_ES\" \/>\n<meta property=\"og:type\" content=\"article\" \/>\n<meta property=\"og:title\" content=\"2000W 36V 10A Onboard Battery Charger - HEIFEI POWER\" \/>\n<meta property=\"og:description\" content=\"This\u00a0QD450A series chargers\u00a0are non-waterproof models.It uses a dual-tube forward circuit, with an auxiliary power circuit inside, and a low output start-up voltage. The appearance is assembled from an aluminum extruded shell and a metal bottom plate, and is non-waterproof. The input and output PVC wires are one-piece injection-molded wires, which makes it difficult to replace [&hellip;]\" \/>\n<meta property=\"og:url\" content=\"https:\/\/www.powerforevercharger.com\/es\/producto\/golf-cart-battery-charger-36v-43-8v-44-1v-10a-waterproof-ip45-lithium-battery-lifepo4-battery-charger\/\" \/>\n<meta property=\"og:site_name\" content=\"HEIFEI POWER\" \/>\n<meta property=\"article:modified_time\" content=\"2026-04-16T08:49:18+00:00\" \/>\n<meta property=\"og:image\" content=\"https:\/\/www.powerforevercharger.com\/wp-content\/uploads\/2024\/09\/1\u526f-1.jpg\" \/>\n\t<meta property=\"og:image:width\" content=\"2000\" \/>\n\t<meta property=\"og:image:height\" content=\"2000\" \/>\n\t<meta property=\"og:image:type\" content=\"image\/jpeg\" \/>\n<meta name=\"twitter:card\" content=\"summary_large_image\" \/>\n<meta name=\"twitter:label1\" content=\"Tiempo de lectura\" \/>\n\t<meta name=\"twitter:data1\" content=\"1 minuto\" \/>\n<script type=\"application\/ld+json\" class=\"yoast-schema-graph\">{\"@context\":\"https:\/\/schema.org\",\"@graph\":[{\"@type\":\"WebPage\",\"@id\":\"https:\/\/www.powerforevercharger.com\/product\/golf-cart-battery-charger-36v-43-8v-44-1v-10a-waterproof-ip45-lithium-battery-lifepo4-battery-charger\/\",\"url\":\"https:\/\/www.powerforevercharger.com\/product\/golf-cart-battery-charger-36v-43-8v-44-1v-10a-waterproof-ip45-lithium-battery-lifepo4-battery-charger\/\",\"name\":\"2000W 36V 10A Onboard Battery Charger - HEIFEI POWER\",\"isPartOf\":{\"@id\":\"https:\/\/www.powerforevercharger.com\/es\/#website\"},\"datePublished\":\"2024-09-04T13:45:32+00:00\",\"dateModified\":\"2026-04-16T08:49:18+00:00\",\"breadcrumb\":{\"@id\":\"https:\/\/www.powerforevercharger.com\/product\/golf-cart-battery-charger-36v-43-8v-44-1v-10a-waterproof-ip45-lithium-battery-lifepo4-battery-charger\/#breadcrumb\"},\"inLanguage\":\"es\",\"potentialAction\":[{\"@type\":\"ReadAction\",\"target\":[\"https:\/\/www.powerforevercharger.com\/product\/golf-cart-battery-charger-36v-43-8v-44-1v-10a-waterproof-ip45-lithium-battery-lifepo4-battery-charger\/\"]}]},{\"@type\":\"BreadcrumbList\",\"@id\":\"https:\/\/www.powerforevercharger.com\/product\/golf-cart-battery-charger-36v-43-8v-44-1v-10a-waterproof-ip45-lithium-battery-lifepo4-battery-charger\/#breadcrumb\",\"itemListElement\":[{\"@type\":\"ListItem\",\"position\":1,\"name\":\"\u9996\u9875\",\"item\":\"https:\/\/www.powerforevercharger.com\/\"},{\"@type\":\"ListItem\",\"position\":2,\"name\":\"Shop\",\"item\":\"https:\/\/www.powerforevercharger.com\/es\/shop\/\"},{\"@type\":\"ListItem\",\"position\":3,\"name\":\"2000W 36V 10A Onboard Battery Charger\"}]},{\"@type\":\"WebSite\",\"@id\":\"https:\/\/www.powerforevercharger.com\/es\/#website\",\"url\":\"https:\/\/www.powerforevercharger.com\/es\/\",\"name\":\"HEIFEI POWER\",\"description\":\"\",\"publisher\":{\"@id\":\"https:\/\/www.powerforevercharger.com\/es\/#organization\"},\"potentialAction\":[{\"@type\":\"SearchAction\",\"target\":{\"@type\":\"EntryPoint\",\"urlTemplate\":\"https:\/\/www.powerforevercharger.com\/es\/?s={search_term_string}\"},\"query-input\":\"required name=search_term_string\"}],\"inLanguage\":\"es\"},{\"@type\":\"Organization\",\"@id\":\"https:\/\/www.powerforevercharger.com\/es\/#organization\",\"name\":\"HEIFEI POWER\",\"url\":\"https:\/\/www.powerforevercharger.com\/es\/\",\"logo\":{\"@type\":\"ImageObject\",\"inLanguage\":\"es\",\"@id\":\"https:\/\/www.powerforevercharger.com\/es\/#\/schema\/logo\/image\/\",\"url\":\"https:\/\/www.powerforevercharger.com\/wp-content\/uploads\/2024\/05\/logoNws2.png\",\"contentUrl\":\"https:\/\/www.powerforevercharger.com\/wp-content\/uploads\/2024\/05\/logoNws2.png\",\"width\":258,\"height\":100,\"caption\":\"HEIFEI POWER\"},\"image\":{\"@id\":\"https:\/\/www.powerforevercharger.com\/es\/#\/schema\/logo\/image\/\"}}]}<\/script>\n<!-- \/ Yoast SEO plugin. -->","yoast_head_json":{"title":"2000W 36V 10A Onboard Battery Charger - HEIFEI POWER","robots":{"index":"index","follow":"follow","max-snippet":"max-snippet:-1","max-image-preview":"max-image-preview:large","max-video-preview":"max-video-preview:-1"},"canonical":"https:\/\/www.powerforevercharger.com\/es\/producto\/golf-cart-battery-charger-36v-43-8v-44-1v-10a-waterproof-ip45-lithium-battery-lifepo4-battery-charger\/","og_locale":"es_ES","og_type":"article","og_title":"2000W 36V 10A Onboard Battery Charger - HEIFEI POWER","og_description":"This\u00a0QD450A series chargers\u00a0are non-waterproof models.It uses a dual-tube forward circuit, with an auxiliary power circuit inside, and a low output start-up voltage. The appearance is assembled from an aluminum extruded shell and a metal bottom plate, and is non-waterproof. The input and output PVC wires are one-piece injection-molded wires, which makes it difficult to replace [&hellip;]","og_url":"https:\/\/www.powerforevercharger.com\/es\/producto\/golf-cart-battery-charger-36v-43-8v-44-1v-10a-waterproof-ip45-lithium-battery-lifepo4-battery-charger\/","og_site_name":"HEIFEI POWER","article_modified_time":"2026-04-16T08:49:18+00:00","og_image":[{"width":2000,"height":2000,"url":"https:\/\/www.powerforevercharger.com\/wp-content\/uploads\/2024\/09\/1\u526f-1.jpg","type":"image\/jpeg"}],"twitter_card":"summary_large_image","twitter_misc":{"Tiempo de lectura":"1 minuto"},"schema":{"@context":"https:\/\/schema.org","@graph":[{"@type":"WebPage","@id":"https:\/\/www.powerforevercharger.com\/product\/golf-cart-battery-charger-36v-43-8v-44-1v-10a-waterproof-ip45-lithium-battery-lifepo4-battery-charger\/","url":"https:\/\/www.powerforevercharger.com\/product\/golf-cart-battery-charger-36v-43-8v-44-1v-10a-waterproof-ip45-lithium-battery-lifepo4-battery-charger\/","name":"2000W 36V 10A Onboard Battery Charger - HEIFEI POWER","isPartOf":{"@id":"https:\/\/www.powerforevercharger.com\/es\/#website"},"datePublished":"2024-09-04T13:45:32+00:00","dateModified":"2026-04-16T08:49:18+00:00","breadcrumb":{"@id":"https:\/\/www.powerforevercharger.com\/product\/golf-cart-battery-charger-36v-43-8v-44-1v-10a-waterproof-ip45-lithium-battery-lifepo4-battery-charger\/#breadcrumb"},"inLanguage":"es","potentialAction":[{"@type":"ReadAction","target":["https:\/\/www.powerforevercharger.com\/product\/golf-cart-battery-charger-36v-43-8v-44-1v-10a-waterproof-ip45-lithium-battery-lifepo4-battery-charger\/"]}]},{"@type":"BreadcrumbList","@id":"https:\/\/www.powerforevercharger.com\/product\/golf-cart-battery-charger-36v-43-8v-44-1v-10a-waterproof-ip45-lithium-battery-lifepo4-battery-charger\/#breadcrumb","itemListElement":[{"@type":"ListItem","position":1,"name":"\u9996\u9875","item":"https:\/\/www.powerforevercharger.com\/"},{"@type":"ListItem","position":2,"name":"Shop","item":"https:\/\/www.powerforevercharger.com\/es\/shop\/"},{"@type":"ListItem","position":3,"name":"2000W 36V 10A Onboard Battery Charger"}]},{"@type":"WebSite","@id":"https:\/\/www.powerforevercharger.com\/es\/#website","url":"https:\/\/www.powerforevercharger.com\/es\/","name":"HEIFEI POWER","description":"","publisher":{"@id":"https:\/\/www.powerforevercharger.com\/es\/#organization"},"potentialAction":[{"@type":"SearchAction","target":{"@type":"EntryPoint","urlTemplate":"https:\/\/www.powerforevercharger.com\/es\/?s={search_term_string}"},"query-input":"required name=search_term_string"}],"inLanguage":"es"},{"@type":"Organization","@id":"https:\/\/www.powerforevercharger.com\/es\/#organization","name":"HEIFEI POWER","url":"https:\/\/www.powerforevercharger.com\/es\/","logo":{"@type":"ImageObject","inLanguage":"es","@id":"https:\/\/www.powerforevercharger.com\/es\/#\/schema\/logo\/image\/","url":"https:\/\/www.powerforevercharger.com\/wp-content\/uploads\/2024\/05\/logoNws2.png","contentUrl":"https:\/\/www.powerforevercharger.com\/wp-content\/uploads\/2024\/05\/logoNws2.png","width":258,"height":100,"caption":"HEIFEI POWER"},"image":{"@id":"https:\/\/www.powerforevercharger.com\/es\/#\/schema\/logo\/image\/"}}]}},"_links":{"self":[{"href":"https:\/\/www.powerforevercharger.com\/es\/wp-json\/wp\/v2\/product\/3249","targetHints":{"allow":["GET"]}}],"collection":[{"href":"https:\/\/www.powerforevercharger.com\/es\/wp-json\/wp\/v2\/product"}],"about":[{"href":"https:\/\/www.powerforevercharger.com\/es\/wp-json\/wp\/v2\/types\/product"}],"replies":[{"embeddable":true,"href":"https:\/\/www.powerforevercharger.com\/es\/wp-json\/wp\/v2\/comments?post=3249"}],"version-history":[{"count":3,"href":"https:\/\/www.powerforevercharger.com\/es\/wp-json\/wp\/v2\/product\/3249\/revisions"}],"predecessor-version":[{"id":5230,"href":"https:\/\/www.powerforevercharger.com\/es\/wp-json\/wp\/v2\/product\/3249\/revisions\/5230"}],"wp:featuredmedia":[{"embeddable":true,"href":"https:\/\/www.powerforevercharger.com\/es\/wp-json\/wp\/v2\/media\/3250"}],"wp:attachment":[{"href":"https:\/\/www.powerforevercharger.com\/es\/wp-json\/wp\/v2\/media?parent=3249"}],"wp:term":[{"taxonomy":"product_cat","embeddable":true,"href":"https:\/\/www.powerforevercharger.com\/es\/wp-json\/wp\/v2\/product_cat?post=3249"},{"taxonomy":"product_tag","embeddable":true,"href":"https:\/\/www.powerforevercharger.com\/es\/wp-json\/wp\/v2\/product_tag?post=3249"}],"curies":[{"name":"wp","href":"https:\/\/api.w.org\/{rel}","templated":true}]}}