{"id":3293,"date":"2024-09-04T21:59:26","date_gmt":"2024-09-04T13:59:26","guid":{"rendered":"https:\/\/www.powerforevercharger.com\/?post_type=product&#038;p=3293"},"modified":"2026-04-16T16:44:41","modified_gmt":"2026-04-16T08:44:41","slug":"electric-watercraft-electric-scrubbers-electric-golf-cart-lithium-battery-lead-acid-battery-special-waterproof-charger-36v-42v-43-8v-10a","status":"publish","type":"product","link":"https:\/\/www.powerforevercharger.com\/es\/producto\/electric-watercraft-electric-scrubbers-electric-golf-cart-lithium-battery-lead-acid-battery-special-waterproof-charger-36v-42v-43-8v-10a\/","title":{"rendered":"750W 36V 10A Onboard Battery Charger"},"content":{"rendered":"<p>El cargador de la serie QA750A desarrollado por Power Forever es uno de los productos m\u00e1s vendidos en la actualidad.<\/p>\n<p>La apariencia del producto adopta un proceso integrado de carcasa de aluminio fundido a presi\u00f3n, y la placa inferior tiene un orificio de montaje, que se puede utilizar para el cargador incorporado a bordo. El producto utiliza el proceso de relleno de pegamento en el interior, lo que hace que el cargador a prueba de agua, a prueba de golpes y la funci\u00f3n a prueba de polvo, el nivel de impermeabilidad es IP65, tambi\u00e9n se puede personalizar IP67 rendimiento a prueba de agua, por lo que el cargador puede funcionar normalmente en el agua. Adem\u00e1s, la parte superior de la serie de cargadores est\u00e1 provisto de una placa de cubierta y un asa, que es f\u00e1cil de llevar. Los colores habituales de este producto son el plateado, el plateado con tapa superior amarilla, el azul completo y el rojo completo. Esto puede satisfacer las preferencias de diferentes clientes.<\/p>\n<p>T\u00e9cnicamente, el cargador a prueba de agua de la serie QA750A adopta el circuito resonante PFC+LLC; funci\u00f3n de circuito de detecci\u00f3n de temperatura de detecci\u00f3n de voltaje Ac, funci\u00f3n de potencia constante de salida.<\/p>\n<p>Potencia constante de entrada de 120 V de 600 W; potencia constante de entrada de 220 V de hasta 800 W. Entrada autom\u00e1tica de voltaje amplio, potencia constante de entrada de 120 V de 600 W. El producto tambi\u00e9n puede hacer una sola entrada de voltaje, 220V o 110V\/120V.<\/p>\n<p>Se puede conectar externamente un indicador luminoso de tres colores o de dos colores;<\/p>\n<p>Otras funciones opcionales<\/p>\n<p>Puede bus;sin auxiliar de 12V de bajo voltaje ;<\/p>\n<p>bloqueo de carga (el sistema de alimentaci\u00f3n del veh\u00edculo puede bloquearse a trav\u00e9s del contacto seco del rel\u00e9 durante la carga).<\/p>\n<p>En la actualidad, el rendimiento de esta serie de productos es estable y ha recibido grandes elogios de los clientes en el pa\u00eds y en el extranjero.ingenier\u00eda de producto fiable y a\u00f1os de validaci\u00f3n de la industria hacen que el cargador adecuado para su uso en ambientes hostiles. Es adecuado para bater\u00edas de plomo-\u00e1cido inundadas, bater\u00edas de plomo-\u00e1cido selladas, bater\u00edas de iones de litio, bater\u00edas LifePO4, bater\u00edas de n\u00edquel-cadmio, etc. Se utilizan para carga c\u00edclica o carga flotante de bater\u00edas.<\/p>\n<p>Garant\u00eda de calidad\uff1a<\/p>\n<p>Protecci\u00f3n m\u00faltiple: Protecci\u00f3n contra sobrecalentamiento; Protecci\u00f3n contra sobrecorriente; Protecci\u00f3n contra sobretensi\u00f3n; Protecci\u00f3n contra cortocircuito; Protecci\u00f3n contra conexi\u00f3n inversa; Protecci\u00f3n contra sobrecarga.<\/p>\n<p>Aplicaciones\uff1a<\/p>\n<p>Se utiliza ampliamente en carritos de golf el\u00e9ctricos, fregadoras de suelos el\u00e9ctricas, barredoras de suelos, triciclos el\u00e9ctricos, etc.<\/p>\n<p>Y veh\u00edculo el\u00e9ctrico de limpieza de carreteras, etc.<\/p>\n<table style=\"width: 125.585%; height: 600px;\" width=\"1407\">\n<tbody>\n<tr style=\"height: 24px;\">\n<td style=\"height: 24px;\" width=\"310\">Modelo\uff1a<\/td>\n<td style=\"height: 24px;\" width=\"409\">QA750A 36V10A<\/td>\n<td style=\"height: 24px;\" width=\"313\">Shell:<\/td>\n<td style=\"height: 24px;\" width=\"373\">Alumiunim<\/td>\n<\/tr>\n<tr style=\"height: 48px;\">\n<td style=\"height: 48px;\" width=\"310\">Entrada de CA:<\/td>\n<td style=\"height: 48px;\" width=\"409\">100-125VAC;45-65Hz;<br \/>\n100-240VAC;45-65Hz;<\/td>\n<td style=\"height: 48px;\" width=\"313\">Tama\u00f1o:<\/td>\n<td style=\"height: 48px;\" width=\"373\">194*124*67mm<br \/>\n7,64*4,88*2,64 pulgadas<\/td>\n<\/tr>\n<tr style=\"height: 24px;\">\n<td style=\"height: 24px;\" width=\"310\">Corriente de entrada m\u00e1xima:<\/td>\n<td style=\"height: 24px;\">\u22647,5A@110VAC\/\u22644,7A@ 220VAC<\/td>\n<td style=\"height: 24px;\" width=\"313\">Peso neto\uff1a<\/td>\n<td style=\"height: 24px;\" width=\"373\">1,7 kg<\/td>\n<\/tr>\n<tr style=\"height: 24px;\">\n<td style=\"height: 24px;\" width=\"310\">Eficiencia m\u00e1xima:<\/td>\n<td style=\"height: 24px;\" width=\"409\">\u226593.0%<\/td>\n<td style=\"height: 24px;\" width=\"313\">Impermeable:<\/td>\n<td style=\"height: 24px;\" width=\"373\">IP65;Se puede personalizar IP67<\/td>\n<\/tr>\n<tr style=\"height: 24px;\">\n<td style=\"height: 24px;\" width=\"310\">Ruido:<\/td>\n<td style=\"height: 24px;\" width=\"409\">\u226445dB<\/td>\n<td style=\"height: 24px;\" width=\"313\">Temperatura de funcionamiento\uff1a<\/td>\n<td style=\"height: 24px;\" width=\"373\">-30\u2103~65\u2103<\/td>\n<\/tr>\n<tr style=\"height: 72px;\">\n<td style=\"height: 72px;\" width=\"310\">Color disponible<\/td>\n<td style=\"height: 72px;\" width=\"409\">\u00a0Amarillo mezcla de plata, Completo en plata;<br \/>\nLleno en azul;Lleno en rojo<br \/>\nOtros personalizados en MOQ:100Sets<\/td>\n<td style=\"height: 72px;\" width=\"313\">Temperatura de almacenamiento:<\/td>\n<td style=\"height: 72px;\" width=\"373\">-40\u2103~95\u2103<\/td>\n<\/tr>\n<tr style=\"height: 24px;\">\n<td style=\"height: 24px;\" width=\"310\">Modo de control<\/td>\n<td style=\"height: 24px;\" width=\"409\">Chip de control digital independiente e inteligente<\/td>\n<td style=\"height: 24px;\" width=\"313\">Garant\u00eda<\/td>\n<td style=\"height: 24px;\" width=\"373\">2 a\u00f1os<\/td>\n<\/tr>\n<tr style=\"height: 24px;\">\n<td style=\"height: 24px;\" width=\"310\">Factor de potencia<\/td>\n<td style=\"height: 24px;\" width=\"409\">\u22650.99<\/td>\n<td style=\"height: 24px;\" width=\"313\">MOQ:<\/td>\n<td style=\"height: 24px;\" width=\"373\">2 juegos<\/td>\n<\/tr>\n<tr style=\"height: 96px;\">\n<td style=\"height: 96px;\" width=\"310\">Indicador LED Tipo1<br \/>\n<img decoding=\"async\" class=\"alignnone  wp-image-2727\" src=\"https:\/\/www.powerforevercharger.com\/wp-content\/uploads\/2024\/09\/\u56fe\u72471-11.png\" alt=\"\" width=\"73\" height=\"70\" srcset=\"https:\/\/www.powerforevercharger.com\/wp-content\/uploads\/2024\/09\/\u56fe\u72471-11.png 271w, https:\/\/www.powerforevercharger.com\/wp-content\/uploads\/2024\/09\/\u56fe\u72471-11-13x12.png 13w\" sizes=\"(max-width: 73px) 100vw, 73px\" \/><\/td>\n<td style=\"height: 96px;\" width=\"409\">Luz roja intermitente: \u226490%<br \/>\nLuz verde intermitente: \u226590%<br \/>\nLa luz verde est\u00e1 siempre encendida: 100%<\/td>\n<td style=\"height: 96px;\" width=\"313\">Indicador LED Tipo2<br \/>\n<img decoding=\"async\" class=\"alignnone  wp-image-2726\" src=\"https:\/\/www.powerforevercharger.com\/wp-content\/uploads\/2024\/09\/\u56fe\u72471-10.png\" alt=\"\" width=\"71\" height=\"70\" srcset=\"https:\/\/www.powerforevercharger.com\/wp-content\/uploads\/2024\/09\/\u56fe\u72471-10.png 196w, https:\/\/www.powerforevercharger.com\/wp-content\/uploads\/2024\/09\/\u56fe\u72471-10-150x150.png 150w, https:\/\/www.powerforevercharger.com\/wp-content\/uploads\/2024\/09\/\u56fe\u72471-10-12x12.png 12w, https:\/\/www.powerforevercharger.com\/wp-content\/uploads\/2024\/09\/\u56fe\u72471-10-100x100.png 100w, https:\/\/www.powerforevercharger.com\/wp-content\/uploads\/2024\/09\/\u56fe\u72471-10-50x50.png 50w\" sizes=\"(max-width: 71px) 100vw, 71px\" \/><\/td>\n<td style=\"height: 96px;\" width=\"373\">Luz roja intermitente: \u226480%<br \/>\nLuz amarilla intermitente: \u226580%<br \/>\nLuz verde intermitente: \u2248100%<br \/>\nLa luz verde est\u00e1 siempre encendida: 100%<\/td>\n<\/tr>\n<tr style=\"height: 48px;\">\n<td style=\"height: 48px;\" width=\"310\">Curva de carga Personalizada<\/td>\n<td style=\"height: 48px;\">S\u00ed (precarga, apagado autom\u00e1tico, protecci\u00f3n contra sobrecarga, etc.).<\/td>\n<td style=\"height: 48px;\"><\/td>\n<td style=\"height: 48px;\"><\/td>\n<\/tr>\n<tr style=\"height: 120px;\">\n<td style=\"height: 120px;\" width=\"310\">Protecci\u00f3n:<\/td>\n<td style=\"height: 120px;\" colspan=\"3\" width=\"1096\">1.Protecci\u00f3n contra quemaduras,<br \/>\n2.Protecci\u00f3n contra la conexi\u00f3n inversa de las bater\u00edas<br \/>\n3.Protecci\u00f3n sin carga<br \/>\n4.Protecci\u00f3n contra cortocircuitos<br \/>\n5.Apagado autom\u00e1tico cuando est\u00e1 completamente cargada<\/td>\n<\/tr>\n<tr style=\"height: 48px;\">\n<td style=\"height: 48px;\" width=\"310\">Paquete<\/td>\n<td style=\"height: 48px;\" colspan=\"3\" width=\"1096\">8 unidades por caja\uff1bTama\u00f1o interior de la caja260*190*130mm<br \/>\nTama\u00f1o exterior de la caja:550*420*280;0.065CBM\/Cart\u00f3n GW:15KG<\/td>\n<\/tr>\n<tr style=\"height: 24px;\">\n<td style=\"height: 24px;\" width=\"310\">Aplicaci\u00f3n<\/td>\n<td style=\"height: 24px;\" colspan=\"3\" width=\"1096\">Es adecuado para bater\u00edas de plomo-\u00e1cido inundadas, bater\u00edas de plomo-\u00e1cido selladas, bater\u00edas de litio, bater\u00edas NI-MH, bater\u00edas de n\u00edquel-cadmio, etc.<\/td>\n<\/tr>\n<\/tbody>\n<\/table>\n<p><img fetchpriority=\"high\" decoding=\"async\" class=\"alignnone size-full wp-image-3313\" src=\"https:\/\/www.powerforevercharger.com\/wp-content\/uploads\/2024\/09\/overview-\u6587\u5b57\u4e0b\u9762\u7684\u56fe8-3.jpg\" alt=\"\" width=\"2000\" height=\"2000\" srcset=\"https:\/\/www.powerforevercharger.com\/wp-content\/uploads\/2024\/09\/overview-\u6587\u5b57\u4e0b\u9762\u7684\u56fe8-3.jpg 2000w, https:\/\/www.powerforevercharger.com\/wp-content\/uploads\/2024\/09\/overview-\u6587\u5b57\u4e0b\u9762\u7684\u56fe8-3-300x300.jpg 300w, https:\/\/www.powerforevercharger.com\/wp-content\/uploads\/2024\/09\/overview-\u6587\u5b57\u4e0b\u9762\u7684\u56fe8-3-1024x1024.jpg 1024w, https:\/\/www.powerforevercharger.com\/wp-content\/uploads\/2024\/09\/overview-\u6587\u5b57\u4e0b\u9762\u7684\u56fe8-3-150x150.jpg 150w, https:\/\/www.powerforevercharger.com\/wp-content\/uploads\/2024\/09\/overview-\u6587\u5b57\u4e0b\u9762\u7684\u56fe8-3-768x768.jpg 768w, https:\/\/www.powerforevercharger.com\/wp-content\/uploads\/2024\/09\/overview-\u6587\u5b57\u4e0b\u9762\u7684\u56fe8-3-1536x1536.jpg 1536w, https:\/\/www.powerforevercharger.com\/wp-content\/uploads\/2024\/09\/overview-\u6587\u5b57\u4e0b\u9762\u7684\u56fe8-3-12x12.jpg 12w, https:\/\/www.powerforevercharger.com\/wp-content\/uploads\/2024\/09\/overview-\u6587\u5b57\u4e0b\u9762\u7684\u56fe8-3-600x600.jpg 600w, https:\/\/www.powerforevercharger.com\/wp-content\/uploads\/2024\/09\/overview-\u6587\u5b57\u4e0b\u9762\u7684\u56fe8-3-100x100.jpg 100w, https:\/\/www.powerforevercharger.com\/wp-content\/uploads\/2024\/09\/overview-\u6587\u5b57\u4e0b\u9762\u7684\u56fe8-3-50x50.jpg 50w\" sizes=\"(max-width: 2000px) 100vw, 2000px\" \/><\/p>","protected":false},"excerpt":{"rendered":"<p>The QA750A series charger developed by Power Forever is one of the hottest selling products at present. The appearance of the product adopts an integrated die-cast aluminum shell process, and the bottom plate has a mounting hole, which can be used for the built-in on board charger. The product uses the glue filling process inside, [&hellip;]<\/p>","protected":false},"featured_media":3294,"comment_status":"open","ping_status":"closed","template":"","meta":{"_acf_changed":false},"product_cat":[20],"product_tag":[],"class_list":{"0":"post-3293","1":"product","2":"type-product","3":"status-publish","4":"has-post-thumbnail","6":"product_cat-36v-charger","8":"first","9":"instock","10":"shipping-taxable","11":"product-type-simple"},"acf":[],"yoast_head":"<!-- This site is optimized with the Yoast SEO plugin v20.11 - https:\/\/yoast.com\/wordpress\/plugins\/seo\/ -->\n<title>750W 36V 10A Onboard Battery Charger - HEIFEI POWER<\/title>\n<meta name=\"robots\" content=\"index, follow, max-snippet:-1, max-image-preview:large, max-video-preview:-1\" \/>\n<link rel=\"canonical\" href=\"https:\/\/www.powerforevercharger.com\/es\/producto\/electric-watercraft-electric-scrubbers-electric-golf-cart-lithium-battery-lead-acid-battery-special-waterproof-charger-36v-42v-43-8v-10a\/\" \/>\n<meta property=\"og:locale\" content=\"es_ES\" \/>\n<meta property=\"og:type\" content=\"article\" \/>\n<meta property=\"og:title\" content=\"750W 36V 10A Onboard Battery Charger - HEIFEI POWER\" \/>\n<meta property=\"og:description\" content=\"The QA750A series charger developed by Power Forever is one of the hottest selling products at present. The appearance of the product adopts an integrated die-cast aluminum shell process, and the bottom plate has a mounting hole, which can be used for the built-in on board charger. The product uses the glue filling process inside, [&hellip;]\" \/>\n<meta property=\"og:url\" content=\"https:\/\/www.powerforevercharger.com\/es\/producto\/electric-watercraft-electric-scrubbers-electric-golf-cart-lithium-battery-lead-acid-battery-special-waterproof-charger-36v-42v-43-8v-10a\/\" \/>\n<meta property=\"og:site_name\" content=\"HEIFEI POWER\" \/>\n<meta property=\"article:modified_time\" content=\"2026-04-16T08:44:41+00:00\" \/>\n<meta property=\"og:image\" content=\"https:\/\/www.powerforevercharger.com\/wp-content\/uploads\/2024\/09\/1\u4e3b-15.jpg\" \/>\n\t<meta property=\"og:image:width\" content=\"2000\" \/>\n\t<meta property=\"og:image:height\" content=\"2000\" \/>\n\t<meta property=\"og:image:type\" content=\"image\/jpeg\" \/>\n<meta name=\"twitter:card\" content=\"summary_large_image\" \/>\n<meta name=\"twitter:label1\" content=\"Tiempo de lectura\" \/>\n\t<meta name=\"twitter:data1\" content=\"3 minutos\" \/>\n<script type=\"application\/ld+json\" class=\"yoast-schema-graph\">{\"@context\":\"https:\/\/schema.org\",\"@graph\":[{\"@type\":\"WebPage\",\"@id\":\"https:\/\/www.powerforevercharger.com\/product\/electric-watercraft-electric-scrubbers-electric-golf-cart-lithium-battery-lead-acid-battery-special-waterproof-charger-36v-42v-43-8v-10a\/\",\"url\":\"https:\/\/www.powerforevercharger.com\/product\/electric-watercraft-electric-scrubbers-electric-golf-cart-lithium-battery-lead-acid-battery-special-waterproof-charger-36v-42v-43-8v-10a\/\",\"name\":\"750W 36V 10A Onboard Battery Charger - HEIFEI POWER\",\"isPartOf\":{\"@id\":\"https:\/\/www.powerforevercharger.com\/es\/#website\"},\"datePublished\":\"2024-09-04T13:59:26+00:00\",\"dateModified\":\"2026-04-16T08:44:41+00:00\",\"breadcrumb\":{\"@id\":\"https:\/\/www.powerforevercharger.com\/product\/electric-watercraft-electric-scrubbers-electric-golf-cart-lithium-battery-lead-acid-battery-special-waterproof-charger-36v-42v-43-8v-10a\/#breadcrumb\"},\"inLanguage\":\"es\",\"potentialAction\":[{\"@type\":\"ReadAction\",\"target\":[\"https:\/\/www.powerforevercharger.com\/product\/electric-watercraft-electric-scrubbers-electric-golf-cart-lithium-battery-lead-acid-battery-special-waterproof-charger-36v-42v-43-8v-10a\/\"]}]},{\"@type\":\"BreadcrumbList\",\"@id\":\"https:\/\/www.powerforevercharger.com\/product\/electric-watercraft-electric-scrubbers-electric-golf-cart-lithium-battery-lead-acid-battery-special-waterproof-charger-36v-42v-43-8v-10a\/#breadcrumb\",\"itemListElement\":[{\"@type\":\"ListItem\",\"position\":1,\"name\":\"\u9996\u9875\",\"item\":\"https:\/\/www.powerforevercharger.com\/\"},{\"@type\":\"ListItem\",\"position\":2,\"name\":\"Shop\",\"item\":\"https:\/\/www.powerforevercharger.com\/es\/shop\/\"},{\"@type\":\"ListItem\",\"position\":3,\"name\":\"750W 36V 10A Onboard Battery Charger\"}]},{\"@type\":\"WebSite\",\"@id\":\"https:\/\/www.powerforevercharger.com\/es\/#website\",\"url\":\"https:\/\/www.powerforevercharger.com\/es\/\",\"name\":\"HEIFEI POWER\",\"description\":\"\",\"publisher\":{\"@id\":\"https:\/\/www.powerforevercharger.com\/es\/#organization\"},\"potentialAction\":[{\"@type\":\"SearchAction\",\"target\":{\"@type\":\"EntryPoint\",\"urlTemplate\":\"https:\/\/www.powerforevercharger.com\/es\/?s={search_term_string}\"},\"query-input\":\"required name=search_term_string\"}],\"inLanguage\":\"es\"},{\"@type\":\"Organization\",\"@id\":\"https:\/\/www.powerforevercharger.com\/es\/#organization\",\"name\":\"HEIFEI POWER\",\"url\":\"https:\/\/www.powerforevercharger.com\/es\/\",\"logo\":{\"@type\":\"ImageObject\",\"inLanguage\":\"es\",\"@id\":\"https:\/\/www.powerforevercharger.com\/es\/#\/schema\/logo\/image\/\",\"url\":\"https:\/\/www.powerforevercharger.com\/wp-content\/uploads\/2024\/05\/logoNws2.png\",\"contentUrl\":\"https:\/\/www.powerforevercharger.com\/wp-content\/uploads\/2024\/05\/logoNws2.png\",\"width\":258,\"height\":100,\"caption\":\"HEIFEI POWER\"},\"image\":{\"@id\":\"https:\/\/www.powerforevercharger.com\/es\/#\/schema\/logo\/image\/\"}}]}<\/script>\n<!-- \/ Yoast SEO plugin. -->","yoast_head_json":{"title":"750W 36V 10A Onboard Battery Charger - HEIFEI POWER","robots":{"index":"index","follow":"follow","max-snippet":"max-snippet:-1","max-image-preview":"max-image-preview:large","max-video-preview":"max-video-preview:-1"},"canonical":"https:\/\/www.powerforevercharger.com\/es\/producto\/electric-watercraft-electric-scrubbers-electric-golf-cart-lithium-battery-lead-acid-battery-special-waterproof-charger-36v-42v-43-8v-10a\/","og_locale":"es_ES","og_type":"article","og_title":"750W 36V 10A Onboard Battery Charger - HEIFEI POWER","og_description":"The QA750A series charger developed by Power Forever is one of the hottest selling products at present. The appearance of the product adopts an integrated die-cast aluminum shell process, and the bottom plate has a mounting hole, which can be used for the built-in on board charger. The product uses the glue filling process inside, [&hellip;]","og_url":"https:\/\/www.powerforevercharger.com\/es\/producto\/electric-watercraft-electric-scrubbers-electric-golf-cart-lithium-battery-lead-acid-battery-special-waterproof-charger-36v-42v-43-8v-10a\/","og_site_name":"HEIFEI POWER","article_modified_time":"2026-04-16T08:44:41+00:00","og_image":[{"width":2000,"height":2000,"url":"https:\/\/www.powerforevercharger.com\/wp-content\/uploads\/2024\/09\/1\u4e3b-15.jpg","type":"image\/jpeg"}],"twitter_card":"summary_large_image","twitter_misc":{"Tiempo de lectura":"3 minutos"},"schema":{"@context":"https:\/\/schema.org","@graph":[{"@type":"WebPage","@id":"https:\/\/www.powerforevercharger.com\/product\/electric-watercraft-electric-scrubbers-electric-golf-cart-lithium-battery-lead-acid-battery-special-waterproof-charger-36v-42v-43-8v-10a\/","url":"https:\/\/www.powerforevercharger.com\/product\/electric-watercraft-electric-scrubbers-electric-golf-cart-lithium-battery-lead-acid-battery-special-waterproof-charger-36v-42v-43-8v-10a\/","name":"750W 36V 10A Onboard Battery Charger - HEIFEI POWER","isPartOf":{"@id":"https:\/\/www.powerforevercharger.com\/es\/#website"},"datePublished":"2024-09-04T13:59:26+00:00","dateModified":"2026-04-16T08:44:41+00:00","breadcrumb":{"@id":"https:\/\/www.powerforevercharger.com\/product\/electric-watercraft-electric-scrubbers-electric-golf-cart-lithium-battery-lead-acid-battery-special-waterproof-charger-36v-42v-43-8v-10a\/#breadcrumb"},"inLanguage":"es","potentialAction":[{"@type":"ReadAction","target":["https:\/\/www.powerforevercharger.com\/product\/electric-watercraft-electric-scrubbers-electric-golf-cart-lithium-battery-lead-acid-battery-special-waterproof-charger-36v-42v-43-8v-10a\/"]}]},{"@type":"BreadcrumbList","@id":"https:\/\/www.powerforevercharger.com\/product\/electric-watercraft-electric-scrubbers-electric-golf-cart-lithium-battery-lead-acid-battery-special-waterproof-charger-36v-42v-43-8v-10a\/#breadcrumb","itemListElement":[{"@type":"ListItem","position":1,"name":"\u9996\u9875","item":"https:\/\/www.powerforevercharger.com\/"},{"@type":"ListItem","position":2,"name":"Shop","item":"https:\/\/www.powerforevercharger.com\/es\/shop\/"},{"@type":"ListItem","position":3,"name":"750W 36V 10A Onboard Battery Charger"}]},{"@type":"WebSite","@id":"https:\/\/www.powerforevercharger.com\/es\/#website","url":"https:\/\/www.powerforevercharger.com\/es\/","name":"HEIFEI POWER","description":"","publisher":{"@id":"https:\/\/www.powerforevercharger.com\/es\/#organization"},"potentialAction":[{"@type":"SearchAction","target":{"@type":"EntryPoint","urlTemplate":"https:\/\/www.powerforevercharger.com\/es\/?s={search_term_string}"},"query-input":"required name=search_term_string"}],"inLanguage":"es"},{"@type":"Organization","@id":"https:\/\/www.powerforevercharger.com\/es\/#organization","name":"HEIFEI POWER","url":"https:\/\/www.powerforevercharger.com\/es\/","logo":{"@type":"ImageObject","inLanguage":"es","@id":"https:\/\/www.powerforevercharger.com\/es\/#\/schema\/logo\/image\/","url":"https:\/\/www.powerforevercharger.com\/wp-content\/uploads\/2024\/05\/logoNws2.png","contentUrl":"https:\/\/www.powerforevercharger.com\/wp-content\/uploads\/2024\/05\/logoNws2.png","width":258,"height":100,"caption":"HEIFEI POWER"},"image":{"@id":"https:\/\/www.powerforevercharger.com\/es\/#\/schema\/logo\/image\/"}}]}},"_links":{"self":[{"href":"https:\/\/www.powerforevercharger.com\/es\/wp-json\/wp\/v2\/product\/3293","targetHints":{"allow":["GET"]}}],"collection":[{"href":"https:\/\/www.powerforevercharger.com\/es\/wp-json\/wp\/v2\/product"}],"about":[{"href":"https:\/\/www.powerforevercharger.com\/es\/wp-json\/wp\/v2\/types\/product"}],"replies":[{"embeddable":true,"href":"https:\/\/www.powerforevercharger.com\/es\/wp-json\/wp\/v2\/comments?post=3293"}],"version-history":[{"count":3,"href":"https:\/\/www.powerforevercharger.com\/es\/wp-json\/wp\/v2\/product\/3293\/revisions"}],"predecessor-version":[{"id":5228,"href":"https:\/\/www.powerforevercharger.com\/es\/wp-json\/wp\/v2\/product\/3293\/revisions\/5228"}],"wp:featuredmedia":[{"embeddable":true,"href":"https:\/\/www.powerforevercharger.com\/es\/wp-json\/wp\/v2\/media\/3294"}],"wp:attachment":[{"href":"https:\/\/www.powerforevercharger.com\/es\/wp-json\/wp\/v2\/media?parent=3293"}],"wp:term":[{"taxonomy":"product_cat","embeddable":true,"href":"https:\/\/www.powerforevercharger.com\/es\/wp-json\/wp\/v2\/product_cat?post=3293"},{"taxonomy":"product_tag","embeddable":true,"href":"https:\/\/www.powerforevercharger.com\/es\/wp-json\/wp\/v2\/product_tag?post=3293"}],"curies":[{"name":"wp","href":"https:\/\/api.w.org\/{rel}","templated":true}]}}