{"id":3467,"date":"2024-09-04T22:55:14","date_gmt":"2024-09-04T14:55:14","guid":{"rendered":"https:\/\/www.powerforevercharger.com\/?post_type=product&#038;p=3467"},"modified":"2026-04-29T10:45:28","modified_gmt":"2026-04-29T02:45:28","slug":"smart-charge-auto-stop-58-4v-10a-lifepo4-battery-charger-for-16s-51-2v-lifepo4-battery-48v-battery-charger","status":"publish","type":"product","link":"https:\/\/www.powerforevercharger.com\/es\/producto\/smart-charge-auto-stop-58-4v-10a-lifepo4-battery-charger-for-16s-51-2v-lifepo4-battery-48v-battery-charger\/","title":{"rendered":"600W 48V 10A Smart Charge"},"content":{"rendered":"<p>Este cargador utiliza una carcasa de aluminio extruido con orificios de montaje. Se puede utilizar como cargador de coche y tiene un efecto a prueba de polvo, pero no se recomienda su uso en un entorno con vibraciones de alta intensidad.<\/p>\n<p>Este cargador tiene un circuito resonante LLC y una fuente de alimentaci\u00f3n auxiliar incorporada<\/p>\n<p>Este cargador utiliza un circuito de avance de doble tubo en el interior, con un circuito de alimentaci\u00f3n auxiliar en el interior Salida de arranque<\/p>\n<p>Baja tensi\u00f3n, entrada de 220 V con condensador simple, entrada de 110 V con condensador doble.<\/p>\n<p>Este cargador est\u00e1 dise\u00f1ado con m\u00faltiples funciones de seguridad, como protecci\u00f3n contra sobrecarga, protecci\u00f3n contra cortocircuitos, protecci\u00f3n contra polaridad inversa, etc., para evitar cualquier da\u00f1o a la bater\u00eda o al propio cargador. El cargador tambi\u00e9n est\u00e1 dise\u00f1ado para detectar autom\u00e1ticamente el nivel de carga de la bater\u00eda y ajustar la velocidad de carga en consecuencia para garantizar una carga segura y eficiente en todo momento.<\/p>\n<table style=\"width: 100.431%; height: 596px;\" width=\"1482\">\n<tbody>\n<tr style=\"height: 24px;\">\n<td style=\"width: 20.2821%; height: 24px;\" width=\"303\">Modelo\uff1a<\/td>\n<td style=\"width: 33.5796%; height: 24px;\" width=\"501\">QB600F<\/td>\n<td style=\"width: 20.4164%; height: 24px;\" width=\"304\">Shell:<\/td>\n<td style=\"width: 29.55%; height: 24px;\" width=\"373\">Alumiunim<\/td>\n<\/tr>\n<tr style=\"height: 48px;\">\n<td style=\"width: 20.2821%; height: 48px;\" width=\"303\">Entrada CA:<\/td>\n<td style=\"width: 33.5796%; height: 48px;\" width=\"501\">90-264VAC;45-65Hz<\/td>\n<td style=\"width: 20.4164%; height: 48px;\" width=\"304\">Tama\u00f1o:<\/td>\n<td style=\"width: 29.55%; height: 48px;\" width=\"373\">190*130*73mm<br \/>\n7,48*5,12*2,87 pulgadas<\/td>\n<\/tr>\n<tr style=\"height: 24px;\">\n<td style=\"width: 20.2821%; height: 24px;\" width=\"303\">Corriente de entrada m\u00e1x:<\/td>\n<td style=\"width: 33.5796%; height: 24px;\">\u22644.5A@220VAC;<\/td>\n<td style=\"width: 20.4164%; height: 24px;\" width=\"304\">Peso\uff1a<\/td>\n<td style=\"width: 29.55%; height: 24px;\" width=\"373\">1,6 kg<\/td>\n<\/tr>\n<tr style=\"height: 24px;\">\n<td style=\"width: 20.2821%; height: 24px;\" width=\"303\">Eficiencia m\u00e1xima:<\/td>\n<td style=\"width: 33.5796%; height: 24px;\" width=\"501\">\u226590.0%<\/td>\n<td style=\"width: 20.4164%; height: 24px;\" width=\"304\">Impermeable:<\/td>\n<td style=\"width: 29.55%; height: 24px;\" width=\"373\">No<\/td>\n<\/tr>\n<tr style=\"height: 24px;\">\n<td style=\"width: 20.2821%; height: 24px;\" width=\"303\">Ruido:<\/td>\n<td style=\"width: 33.5796%; height: 24px;\" width=\"501\">\u226445dB<\/td>\n<td style=\"width: 20.4164%; height: 24px;\" width=\"304\">Temperatura de funcionamiento\uff1a<\/td>\n<td style=\"width: 29.55%; height: 24px;\" width=\"373\">-30\u2103~65\u2103<\/td>\n<\/tr>\n<tr style=\"height: 48px;\">\n<td style=\"width: 20.2821%; height: 48px;\" width=\"303\">Color disponible:<\/td>\n<td style=\"width: 33.5796%; height: 48px;\" width=\"501\">Negro<br \/>\notros colores personalizables<\/td>\n<td style=\"width: 20.4164%; height: 48px;\" width=\"304\">Temperatura de almacenamiento:<\/td>\n<td style=\"width: 29.55%; height: 48px;\" width=\"373\">-40\u2103~95\u2103<\/td>\n<\/tr>\n<tr style=\"height: 24px;\">\n<td style=\"width: 20.2821%; height: 24px;\" width=\"303\">Modo de control:<\/td>\n<td style=\"width: 33.5796%; height: 24px;\" width=\"501\">Chip de control digital independiente e inteligente<\/td>\n<td style=\"width: 20.4164%; height: 24px;\" width=\"304\">Garant\u00eda:<\/td>\n<td style=\"width: 29.55%; height: 24px;\" width=\"373\">2 a\u00f1os<\/td>\n<\/tr>\n<tr style=\"height: 140px;\">\n<td style=\"width: 20.2821%; height: 140px;\" width=\"303\">Indicador LED Tipo 1:<\/p>\n<p><img decoding=\"async\" class=\"alignnone wp-image-2727\" src=\"https:\/\/www.powerforevercharger.com\/wp-content\/uploads\/2024\/09\/\u56fe\u72471-11.png\" alt=\"\" width=\"71\" height=\"68\" srcset=\"https:\/\/www.powerforevercharger.com\/wp-content\/uploads\/2024\/09\/\u56fe\u72471-11.png 271w, https:\/\/www.powerforevercharger.com\/wp-content\/uploads\/2024\/09\/\u56fe\u72471-11-13x12.png 13w\" sizes=\"(max-width: 71px) 100vw, 71px\" \/><\/td>\n<td style=\"width: 33.5796%; height: 140px;\" width=\"501\">Luz roja intermitente: \u226490%<br \/>\nLuz verde intermitente: \u226590%<br \/>\nLa luz verde est\u00e1 siempre encendida: 100%<\/td>\n<td style=\"width: 20.4164%; height: 140px;\" width=\"304\">Indicador LED Tipo 2:<\/p>\n<p><img decoding=\"async\" class=\"alignnone wp-image-2726\" src=\"https:\/\/www.powerforevercharger.com\/wp-content\/uploads\/2024\/09\/\u56fe\u72471-10.png\" alt=\"\" width=\"74\" height=\"73\" srcset=\"https:\/\/www.powerforevercharger.com\/wp-content\/uploads\/2024\/09\/\u56fe\u72471-10.png 196w, https:\/\/www.powerforevercharger.com\/wp-content\/uploads\/2024\/09\/\u56fe\u72471-10-150x150.png 150w, https:\/\/www.powerforevercharger.com\/wp-content\/uploads\/2024\/09\/\u56fe\u72471-10-12x12.png 12w, https:\/\/www.powerforevercharger.com\/wp-content\/uploads\/2024\/09\/\u56fe\u72471-10-100x100.png 100w, https:\/\/www.powerforevercharger.com\/wp-content\/uploads\/2024\/09\/\u56fe\u72471-10-50x50.png 50w\" sizes=\"(max-width: 74px) 100vw, 74px\" \/><\/td>\n<td style=\"width: 29.55%; height: 140px;\" width=\"373\">Luz roja intermitente: \u226480%<br \/>\nLuz amarilla intermitente: \u226580%<br \/>\nLuz verde intermitente: \u2248100%<br \/>\nLa luz verde est\u00e1 siempre encendida: 100%<\/td>\n<\/tr>\n<tr style=\"height: 24px;\">\n<td style=\"width: 20.2821%; height: 24px;\" width=\"303\">Factor de potencia:<\/td>\n<td style=\"width: 33.5796%; height: 24px;\" width=\"501\">\u22650.99<\/td>\n<td style=\"width: 20.4164%; height: 24px;\" width=\"304\">MOQ:<\/td>\n<td style=\"width: 29.55%; height: 24px;\" width=\"373\">8 unidades<\/td>\n<\/tr>\n<tr style=\"height: 24px;\">\n<td style=\"width: 20.2821%; height: 24px;\" width=\"303\">Curva de carga Personalizada:<\/td>\n<td style=\"width: 33.5796%; height: 24px;\">S\u00ed (precarga, apagado autom\u00e1tico, protecci\u00f3n contra sobrecarga, etc.).<\/td>\n<td style=\"width: 20.4164%; height: 24px;\"><\/td>\n<td style=\"width: 29.55%; height: 24px;\"><\/td>\n<\/tr>\n<tr style=\"height: 120px;\">\n<td style=\"width: 20.2821%; height: 120px;\" width=\"303\">Protecci\u00f3n:<\/td>\n<td style=\"width: 83.546%; height: 120px;\" colspan=\"3\" width=\"1179\">1.Protecci\u00f3n contra quemaduras,<br \/>\n2.Protecci\u00f3n contra la conexi\u00f3n inversa de las bater\u00edas<br \/>\n3.Protecci\u00f3n sin carga<br \/>\n4.Protecci\u00f3n contra cortocircuitos<br \/>\n5.Apagado autom\u00e1tico cuando est\u00e1 completamente cargada<\/td>\n<\/tr>\n<tr style=\"height: 48px;\">\n<td style=\"width: 20.2821%; height: 48px;\" width=\"303\">Paquete:<\/td>\n<td style=\"width: 83.546%; height: 48px;\" colspan=\"3\" width=\"1179\">8 piezas por caja; Caja de cart\u00f3n individual interior (con espuma): 190*130*73mm<br \/>\nDimensiones exteriores de la caja:550*420*280mm<\/td>\n<\/tr>\n<tr style=\"height: 24px;\">\n<td style=\"width: 20.2821%; height: 24px;\" width=\"303\">Aplicaciones:<\/td>\n<td style=\"width: 83.546%; height: 24px;\" colspan=\"3\" width=\"1179\">Es adecuado para bater\u00edas de plomo-\u00e1cido inundadas, bater\u00edas de plomo-\u00e1cido selladas, bater\u00edas de litio, bater\u00edas NI-MH, bater\u00edas de n\u00edquel-cadmio, etc.<\/td>\n<\/tr>\n<\/tbody>\n<\/table>\n<p><img fetchpriority=\"high\" decoding=\"async\" class=\"alignnone size-full wp-image-3479\" src=\"https:\/\/www.powerforevercharger.com\/wp-content\/uploads\/2024\/09\/Over-view-\u6587\u5b57\u4e0b\u9762\u7684\u56fe\u7247-30.jpg\" alt=\"\" width=\"2000\" height=\"2000\" srcset=\"https:\/\/www.powerforevercharger.com\/wp-content\/uploads\/2024\/09\/Over-view-\u6587\u5b57\u4e0b\u9762\u7684\u56fe\u7247-30.jpg 2000w, https:\/\/www.powerforevercharger.com\/wp-content\/uploads\/2024\/09\/Over-view-\u6587\u5b57\u4e0b\u9762\u7684\u56fe\u7247-30-300x300.jpg 300w, https:\/\/www.powerforevercharger.com\/wp-content\/uploads\/2024\/09\/Over-view-\u6587\u5b57\u4e0b\u9762\u7684\u56fe\u7247-30-1024x1024.jpg 1024w, https:\/\/www.powerforevercharger.com\/wp-content\/uploads\/2024\/09\/Over-view-\u6587\u5b57\u4e0b\u9762\u7684\u56fe\u7247-30-150x150.jpg 150w, https:\/\/www.powerforevercharger.com\/wp-content\/uploads\/2024\/09\/Over-view-\u6587\u5b57\u4e0b\u9762\u7684\u56fe\u7247-30-768x768.jpg 768w, https:\/\/www.powerforevercharger.com\/wp-content\/uploads\/2024\/09\/Over-view-\u6587\u5b57\u4e0b\u9762\u7684\u56fe\u7247-30-1536x1536.jpg 1536w, https:\/\/www.powerforevercharger.com\/wp-content\/uploads\/2024\/09\/Over-view-\u6587\u5b57\u4e0b\u9762\u7684\u56fe\u7247-30-12x12.jpg 12w, https:\/\/www.powerforevercharger.com\/wp-content\/uploads\/2024\/09\/Over-view-\u6587\u5b57\u4e0b\u9762\u7684\u56fe\u7247-30-600x600.jpg 600w, https:\/\/www.powerforevercharger.com\/wp-content\/uploads\/2024\/09\/Over-view-\u6587\u5b57\u4e0b\u9762\u7684\u56fe\u7247-30-100x100.jpg 100w, https:\/\/www.powerforevercharger.com\/wp-content\/uploads\/2024\/09\/Over-view-\u6587\u5b57\u4e0b\u9762\u7684\u56fe\u7247-30-50x50.jpg 50w\" sizes=\"(max-width: 2000px) 100vw, 2000px\" \/><\/p>","protected":false},"excerpt":{"rendered":"<p>This charger uses an aluminum extruded shell with mounting holes. It can be used as a car charger and has a dust-proof effect, but it is not recommended to be used in an environment with high-intensity vibration. This charger has an LLC resonant circuit and a built-in auxiliary power supply This charger uses a dual-tube [&hellip;]<\/p>","protected":false},"featured_media":3468,"comment_status":"open","ping_status":"closed","template":"","meta":{"_acf_changed":false},"product_cat":[21],"product_tag":[],"class_list":{"0":"post-3467","1":"product","2":"type-product","3":"status-publish","4":"has-post-thumbnail","6":"product_cat-48v-charger","8":"first","9":"instock","10":"shipping-taxable","11":"product-type-simple"},"acf":[],"yoast_head":"<!-- This site is optimized with the Yoast SEO plugin v20.11 - https:\/\/yoast.com\/wordpress\/plugins\/seo\/ -->\n<title>600W 48V 10A Smart Charge - HEIFEI POWER<\/title>\n<meta name=\"robots\" content=\"index, follow, max-snippet:-1, max-image-preview:large, max-video-preview:-1\" \/>\n<link rel=\"canonical\" href=\"https:\/\/www.powerforevercharger.com\/es\/producto\/smart-charge-auto-stop-58-4v-10a-lifepo4-battery-charger-for-16s-51-2v-lifepo4-battery-48v-battery-charger\/\" \/>\n<meta property=\"og:locale\" content=\"es_ES\" \/>\n<meta property=\"og:type\" content=\"article\" \/>\n<meta property=\"og:title\" content=\"600W 48V 10A Smart Charge - HEIFEI POWER\" \/>\n<meta property=\"og:description\" content=\"This charger uses an aluminum extruded shell with mounting holes. It can be used as a car charger and has a dust-proof effect, but it is not recommended to be used in an environment with high-intensity vibration. This charger has an LLC resonant circuit and a built-in auxiliary power supply This charger uses a dual-tube [&hellip;]\" \/>\n<meta property=\"og:url\" content=\"https:\/\/www.powerforevercharger.com\/es\/producto\/smart-charge-auto-stop-58-4v-10a-lifepo4-battery-charger-for-16s-51-2v-lifepo4-battery-48v-battery-charger\/\" \/>\n<meta property=\"og:site_name\" content=\"HEIFEI POWER\" \/>\n<meta property=\"article:modified_time\" content=\"2026-04-29T02:45:28+00:00\" \/>\n<meta property=\"og:image\" content=\"https:\/\/www.powerforevercharger.com\/wp-content\/uploads\/2024\/09\/1\u4e3b\u56fe1-18.jpg\" \/>\n\t<meta property=\"og:image:width\" content=\"1200\" \/>\n\t<meta property=\"og:image:height\" content=\"1200\" \/>\n\t<meta property=\"og:image:type\" content=\"image\/jpeg\" \/>\n<meta name=\"twitter:card\" content=\"summary_large_image\" \/>\n<meta name=\"twitter:label1\" content=\"Tiempo de lectura\" \/>\n\t<meta name=\"twitter:data1\" content=\"2 minutos\" \/>\n<script type=\"application\/ld+json\" class=\"yoast-schema-graph\">{\"@context\":\"https:\/\/schema.org\",\"@graph\":[{\"@type\":\"WebPage\",\"@id\":\"https:\/\/www.powerforevercharger.com\/product\/smart-charge-auto-stop-58-4v-10a-lifepo4-battery-charger-for-16s-51-2v-lifepo4-battery-48v-battery-charger\/\",\"url\":\"https:\/\/www.powerforevercharger.com\/product\/smart-charge-auto-stop-58-4v-10a-lifepo4-battery-charger-for-16s-51-2v-lifepo4-battery-48v-battery-charger\/\",\"name\":\"600W 48V 10A Smart Charge - HEIFEI POWER\",\"isPartOf\":{\"@id\":\"https:\/\/www.powerforevercharger.com\/es\/#website\"},\"datePublished\":\"2024-09-04T14:55:14+00:00\",\"dateModified\":\"2026-04-29T02:45:28+00:00\",\"breadcrumb\":{\"@id\":\"https:\/\/www.powerforevercharger.com\/product\/smart-charge-auto-stop-58-4v-10a-lifepo4-battery-charger-for-16s-51-2v-lifepo4-battery-48v-battery-charger\/#breadcrumb\"},\"inLanguage\":\"es\",\"potentialAction\":[{\"@type\":\"ReadAction\",\"target\":[\"https:\/\/www.powerforevercharger.com\/product\/smart-charge-auto-stop-58-4v-10a-lifepo4-battery-charger-for-16s-51-2v-lifepo4-battery-48v-battery-charger\/\"]}]},{\"@type\":\"BreadcrumbList\",\"@id\":\"https:\/\/www.powerforevercharger.com\/product\/smart-charge-auto-stop-58-4v-10a-lifepo4-battery-charger-for-16s-51-2v-lifepo4-battery-48v-battery-charger\/#breadcrumb\",\"itemListElement\":[{\"@type\":\"ListItem\",\"position\":1,\"name\":\"\u9996\u9875\",\"item\":\"https:\/\/www.powerforevercharger.com\/\"},{\"@type\":\"ListItem\",\"position\":2,\"name\":\"Shop\",\"item\":\"https:\/\/www.powerforevercharger.com\/es\/shop\/\"},{\"@type\":\"ListItem\",\"position\":3,\"name\":\"600W 48V 10A Smart Charge\"}]},{\"@type\":\"WebSite\",\"@id\":\"https:\/\/www.powerforevercharger.com\/es\/#website\",\"url\":\"https:\/\/www.powerforevercharger.com\/es\/\",\"name\":\"HEIFEI POWER\",\"description\":\"\",\"publisher\":{\"@id\":\"https:\/\/www.powerforevercharger.com\/es\/#organization\"},\"potentialAction\":[{\"@type\":\"SearchAction\",\"target\":{\"@type\":\"EntryPoint\",\"urlTemplate\":\"https:\/\/www.powerforevercharger.com\/es\/?s={search_term_string}\"},\"query-input\":\"required name=search_term_string\"}],\"inLanguage\":\"es\"},{\"@type\":\"Organization\",\"@id\":\"https:\/\/www.powerforevercharger.com\/es\/#organization\",\"name\":\"HEIFEI POWER\",\"url\":\"https:\/\/www.powerforevercharger.com\/es\/\",\"logo\":{\"@type\":\"ImageObject\",\"inLanguage\":\"es\",\"@id\":\"https:\/\/www.powerforevercharger.com\/es\/#\/schema\/logo\/image\/\",\"url\":\"https:\/\/www.powerforevercharger.com\/wp-content\/uploads\/2024\/05\/logoNws2.png\",\"contentUrl\":\"https:\/\/www.powerforevercharger.com\/wp-content\/uploads\/2024\/05\/logoNws2.png\",\"width\":258,\"height\":100,\"caption\":\"HEIFEI POWER\"},\"image\":{\"@id\":\"https:\/\/www.powerforevercharger.com\/es\/#\/schema\/logo\/image\/\"}}]}<\/script>\n<!-- \/ Yoast SEO plugin. -->","yoast_head_json":{"title":"600W 48V 10A Smart Charge - HEIFEI POWER","robots":{"index":"index","follow":"follow","max-snippet":"max-snippet:-1","max-image-preview":"max-image-preview:large","max-video-preview":"max-video-preview:-1"},"canonical":"https:\/\/www.powerforevercharger.com\/es\/producto\/smart-charge-auto-stop-58-4v-10a-lifepo4-battery-charger-for-16s-51-2v-lifepo4-battery-48v-battery-charger\/","og_locale":"es_ES","og_type":"article","og_title":"600W 48V 10A Smart Charge - HEIFEI POWER","og_description":"This charger uses an aluminum extruded shell with mounting holes. It can be used as a car charger and has a dust-proof effect, but it is not recommended to be used in an environment with high-intensity vibration. This charger has an LLC resonant circuit and a built-in auxiliary power supply This charger uses a dual-tube [&hellip;]","og_url":"https:\/\/www.powerforevercharger.com\/es\/producto\/smart-charge-auto-stop-58-4v-10a-lifepo4-battery-charger-for-16s-51-2v-lifepo4-battery-48v-battery-charger\/","og_site_name":"HEIFEI POWER","article_modified_time":"2026-04-29T02:45:28+00:00","og_image":[{"width":1200,"height":1200,"url":"https:\/\/www.powerforevercharger.com\/wp-content\/uploads\/2024\/09\/1\u4e3b\u56fe1-18.jpg","type":"image\/jpeg"}],"twitter_card":"summary_large_image","twitter_misc":{"Tiempo de lectura":"2 minutos"},"schema":{"@context":"https:\/\/schema.org","@graph":[{"@type":"WebPage","@id":"https:\/\/www.powerforevercharger.com\/product\/smart-charge-auto-stop-58-4v-10a-lifepo4-battery-charger-for-16s-51-2v-lifepo4-battery-48v-battery-charger\/","url":"https:\/\/www.powerforevercharger.com\/product\/smart-charge-auto-stop-58-4v-10a-lifepo4-battery-charger-for-16s-51-2v-lifepo4-battery-48v-battery-charger\/","name":"600W 48V 10A Smart Charge - HEIFEI POWER","isPartOf":{"@id":"https:\/\/www.powerforevercharger.com\/es\/#website"},"datePublished":"2024-09-04T14:55:14+00:00","dateModified":"2026-04-29T02:45:28+00:00","breadcrumb":{"@id":"https:\/\/www.powerforevercharger.com\/product\/smart-charge-auto-stop-58-4v-10a-lifepo4-battery-charger-for-16s-51-2v-lifepo4-battery-48v-battery-charger\/#breadcrumb"},"inLanguage":"es","potentialAction":[{"@type":"ReadAction","target":["https:\/\/www.powerforevercharger.com\/product\/smart-charge-auto-stop-58-4v-10a-lifepo4-battery-charger-for-16s-51-2v-lifepo4-battery-48v-battery-charger\/"]}]},{"@type":"BreadcrumbList","@id":"https:\/\/www.powerforevercharger.com\/product\/smart-charge-auto-stop-58-4v-10a-lifepo4-battery-charger-for-16s-51-2v-lifepo4-battery-48v-battery-charger\/#breadcrumb","itemListElement":[{"@type":"ListItem","position":1,"name":"\u9996\u9875","item":"https:\/\/www.powerforevercharger.com\/"},{"@type":"ListItem","position":2,"name":"Shop","item":"https:\/\/www.powerforevercharger.com\/es\/shop\/"},{"@type":"ListItem","position":3,"name":"600W 48V 10A Smart Charge"}]},{"@type":"WebSite","@id":"https:\/\/www.powerforevercharger.com\/es\/#website","url":"https:\/\/www.powerforevercharger.com\/es\/","name":"HEIFEI POWER","description":"","publisher":{"@id":"https:\/\/www.powerforevercharger.com\/es\/#organization"},"potentialAction":[{"@type":"SearchAction","target":{"@type":"EntryPoint","urlTemplate":"https:\/\/www.powerforevercharger.com\/es\/?s={search_term_string}"},"query-input":"required name=search_term_string"}],"inLanguage":"es"},{"@type":"Organization","@id":"https:\/\/www.powerforevercharger.com\/es\/#organization","name":"HEIFEI POWER","url":"https:\/\/www.powerforevercharger.com\/es\/","logo":{"@type":"ImageObject","inLanguage":"es","@id":"https:\/\/www.powerforevercharger.com\/es\/#\/schema\/logo\/image\/","url":"https:\/\/www.powerforevercharger.com\/wp-content\/uploads\/2024\/05\/logoNws2.png","contentUrl":"https:\/\/www.powerforevercharger.com\/wp-content\/uploads\/2024\/05\/logoNws2.png","width":258,"height":100,"caption":"HEIFEI POWER"},"image":{"@id":"https:\/\/www.powerforevercharger.com\/es\/#\/schema\/logo\/image\/"}}]}},"_links":{"self":[{"href":"https:\/\/www.powerforevercharger.com\/es\/wp-json\/wp\/v2\/product\/3467","targetHints":{"allow":["GET"]}}],"collection":[{"href":"https:\/\/www.powerforevercharger.com\/es\/wp-json\/wp\/v2\/product"}],"about":[{"href":"https:\/\/www.powerforevercharger.com\/es\/wp-json\/wp\/v2\/types\/product"}],"replies":[{"embeddable":true,"href":"https:\/\/www.powerforevercharger.com\/es\/wp-json\/wp\/v2\/comments?post=3467"}],"version-history":[{"count":6,"href":"https:\/\/www.powerforevercharger.com\/es\/wp-json\/wp\/v2\/product\/3467\/revisions"}],"predecessor-version":[{"id":5479,"href":"https:\/\/www.powerforevercharger.com\/es\/wp-json\/wp\/v2\/product\/3467\/revisions\/5479"}],"wp:featuredmedia":[{"embeddable":true,"href":"https:\/\/www.powerforevercharger.com\/es\/wp-json\/wp\/v2\/media\/3468"}],"wp:attachment":[{"href":"https:\/\/www.powerforevercharger.com\/es\/wp-json\/wp\/v2\/media?parent=3467"}],"wp:term":[{"taxonomy":"product_cat","embeddable":true,"href":"https:\/\/www.powerforevercharger.com\/es\/wp-json\/wp\/v2\/product_cat?post=3467"},{"taxonomy":"product_tag","embeddable":true,"href":"https:\/\/www.powerforevercharger.com\/es\/wp-json\/wp\/v2\/product_tag?post=3467"}],"curies":[{"name":"wp","href":"https:\/\/api.w.org\/{rel}","templated":true}]}}