{"id":3737,"date":"2024-09-05T13:13:16","date_gmt":"2024-09-05T05:13:16","guid":{"rendered":"https:\/\/www.powerforevercharger.com\/?post_type=product&#038;p=3737"},"modified":"2026-04-16T17:00:41","modified_gmt":"2026-04-16T09:00:41","slug":"lithium-battery-lifepo4-battery-48volt-58-3v-51-2v-charger-48v5a-for-electric-bike","status":"publish","type":"product","link":"https:\/\/www.powerforevercharger.com\/es\/producto\/lithium-battery-lifepo4-battery-48volt-58-3v-51-2v-charger-48v5a-for-electric-bike\/","title":{"rendered":"48V 5A Smart Chargers"},"content":{"rendered":"<p>Los cargadores de la serie QD300C est\u00e1n dise\u00f1ados con una carcasa de aluminio sin sellar y una placa base met\u00e1lica. La parte superior est\u00e1 equipada con un asa de metal port\u00e1til y lleno de color negro, peque\u00f1o en tama\u00f1o y peso ligero, por lo que es f\u00e1cil de llevar y transportar.<\/p>\n<p>La arquitectura de circuito flyback utilizada en el producto no es adecuada para productos con alta tensi\u00f3n de salida. Tiene una funci\u00f3n de potencia constante. Dispone de un circuito de alimentaci\u00f3n auxiliar, una tensi\u00f3n de arranque de salida baja, un circuito antipandeo para veh\u00edculos incorporado, ninguna funci\u00f3n de correcci\u00f3n del factor de potencia y una funci\u00f3n de activaci\u00f3n de la bater\u00eda. La pantalla de dos colores, la luz roja indica que el cargador est\u00e1 funcionando, y la luz verde indica que la bater\u00eda est\u00e1 completamente cargada.<\/p>\n<p>Protecci\u00f3n m\u00faltiple: Protecci\u00f3n contra sobrecalentamiento; Protecci\u00f3n contra sobrecorriente; Protecci\u00f3n contra sobretensi\u00f3n; Protecci\u00f3n contra cortocircuito; Protecci\u00f3n contra conexi\u00f3n inversa; Protecci\u00f3n contra sobrecarga.<\/p>\n<p>Los cargadores de baja potencia de 300W son actualmente muy populares en el mercado de las bater\u00edas. Son adecuados para bater\u00edas de plomo-\u00e1cido inundadas, bater\u00edas de plomo-\u00e1cido selladas, bater\u00edas de litio, bater\u00edas NI-MH, bater\u00edas de n\u00edquel-cadmio, etc. Se utilizan para la carga c\u00edclica o flotante de bater\u00edas en apiladores semiel\u00e9ctricos, motores el\u00e9ctricos, veh\u00edculos autoguiados, plataformas elevadoras, sillas de ruedas el\u00e9ctricas, barcos, etc.<\/p>\n<table width=\"1413\">\n<tbody>\n<tr>\n<td width=\"255\">Modelo\uff1a<\/td>\n<td width=\"424\">QD300C-48V05A<\/td>\n<td width=\"313\">Shell:<\/td>\n<td width=\"420\">Alumiunim<\/td>\n<\/tr>\n<tr>\n<td width=\"255\">Entrada de CA:<\/td>\n<td width=\"424\">100-240VAC;45-65Hz<\/td>\n<td width=\"313\">Tama\u00f1o del cargador:<\/td>\n<td width=\"420\">130*103*70mm 5.94*3.31*1.97inches<\/td>\n<\/tr>\n<tr>\n<td width=\"255\">Corriente de entrada m\u00e1xima:<\/td>\n<td>\u22642.5A110V AC &amp;220VAC<\/td>\n<td width=\"313\">Peso\uff1a<\/td>\n<td width=\"420\">0,95 kg<\/td>\n<\/tr>\n<tr>\n<td width=\"255\">Eficiencia m\u00e1xima:<\/td>\n<td width=\"424\">\u226589.0%<\/td>\n<td width=\"313\">Impermeable:<\/td>\n<td width=\"420\">IP45<\/td>\n<\/tr>\n<tr>\n<td width=\"255\">Ruido:<\/td>\n<td width=\"424\">\u226445dB<\/td>\n<td width=\"313\">Temperatura de funcionamiento\uff1a<\/td>\n<td width=\"420\">-30\u2103~65\u2103<\/td>\n<\/tr>\n<tr>\n<td width=\"255\">Color disponible<\/td>\n<td width=\"424\">Full en negro;<br \/>\nOtros personalizados en MOQ:500Sets<\/td>\n<td width=\"313\">Temperatura de almacenamiento:<\/td>\n<td width=\"420\">-40\u2103~95\u2103<\/td>\n<\/tr>\n<tr>\n<td width=\"255\">Modo de control<\/td>\n<td width=\"424\">Chip de control digital independiente e inteligente<\/td>\n<td width=\"313\">Garant\u00eda<\/td>\n<td width=\"420\">2 a\u00f1os<\/td>\n<\/tr>\n<tr>\n<td width=\"255\">Factor de potencia<\/td>\n<td width=\"424\">\u22650.99<\/td>\n<td width=\"313\">MOQ:<\/td>\n<td width=\"420\">6 juegos<\/td>\n<\/tr>\n<tr>\n<td width=\"255\">Indicador LED Tipo1<br \/>\n<img decoding=\"async\" class=\"alignnone  wp-image-2727\" src=\"https:\/\/www.powerforevercharger.com\/wp-content\/uploads\/2024\/09\/\u56fe\u72471-11.png\" alt=\"\" width=\"72\" height=\"69\" srcset=\"https:\/\/www.powerforevercharger.com\/wp-content\/uploads\/2024\/09\/\u56fe\u72471-11.png 271w, https:\/\/www.powerforevercharger.com\/wp-content\/uploads\/2024\/09\/\u56fe\u72471-11-13x12.png 13w\" sizes=\"(max-width: 72px) 100vw, 72px\" \/><\/td>\n<td width=\"424\">Luz roja intermitente: \u226490%<br \/>\nLuz verde intermitente: \u226590%<br \/>\nLa luz verde est\u00e1 siempre encendida: 100%<\/td>\n<td width=\"313\">Indicador LED Tipo2<br \/>\n<img decoding=\"async\" class=\"alignnone  wp-image-2726\" src=\"https:\/\/www.powerforevercharger.com\/wp-content\/uploads\/2024\/09\/\u56fe\u72471-10.png\" alt=\"\" width=\"71\" height=\"70\" srcset=\"https:\/\/www.powerforevercharger.com\/wp-content\/uploads\/2024\/09\/\u56fe\u72471-10.png 196w, https:\/\/www.powerforevercharger.com\/wp-content\/uploads\/2024\/09\/\u56fe\u72471-10-150x150.png 150w, https:\/\/www.powerforevercharger.com\/wp-content\/uploads\/2024\/09\/\u56fe\u72471-10-12x12.png 12w, https:\/\/www.powerforevercharger.com\/wp-content\/uploads\/2024\/09\/\u56fe\u72471-10-100x100.png 100w, https:\/\/www.powerforevercharger.com\/wp-content\/uploads\/2024\/09\/\u56fe\u72471-10-50x50.png 50w\" sizes=\"(max-width: 71px) 100vw, 71px\" \/><\/td>\n<td width=\"420\">Luz roja intermitente: \u226480%<br \/>\nLuz amarilla intermitente: \u226580%<br \/>\nLuz verde intermitente: \u2248100%<br \/>\nLa luz verde est\u00e1 siempre encendida:100%<\/td>\n<\/tr>\n<tr>\n<td width=\"255\">Curva de carga Personalizada<\/td>\n<td>S\u00ed (precarga, apagado autom\u00e1tico, protecci\u00f3n contra sobrecarga, etc.).<\/td>\n<td><\/td>\n<td><\/td>\n<\/tr>\n<tr>\n<td width=\"255\">Protecci\u00f3n:<\/td>\n<td colspan=\"3\" width=\"1158\">1.Protecci\u00f3n contra quemaduras,<br \/>\n2.Protecci\u00f3n contra la conexi\u00f3n inversa de las bater\u00edas<br \/>\n3.Protecci\u00f3n sin carga<br \/>\n4.Protecci\u00f3n contra cortocircuitos<br \/>\n5.Apagado autom\u00e1tico cuando est\u00e1 completamente cargada<\/td>\n<\/tr>\n<tr>\n<td width=\"255\">Paquete<\/td>\n<td colspan=\"3\" width=\"1158\">12 unidades por caja; tama\u00f1o de la caja interior: 250*140*110 mm<br \/>\nTama\u00f1o exterior de la caja:538*348*310mm;0.059CBM\/Cart\u00f3n; GW:18.3KG<\/td>\n<\/tr>\n<tr>\n<td width=\"255\">Aplicaci\u00f3n<\/td>\n<td colspan=\"3\" width=\"1158\">Es adecuado para bater\u00edas de plomo-\u00e1cido inundadas, bater\u00edas de plomo-\u00e1cido selladas, bater\u00edas de litio, bater\u00edas NI-MH, bater\u00edas de n\u00edquel-cadmio, etc.<\/td>\n<\/tr>\n<\/tbody>\n<\/table>","protected":false},"excerpt":{"rendered":"<p>The QD300C series charger are designed of unsealed aluminum shell and a metal base plate. The top is equipped with a metal portable handle and full in black color, small in size and light in weight, making it easy to carry and transport. The flyback circuit architecture used in the product is not suitable for [&hellip;]<\/p>","protected":false},"featured_media":3738,"comment_status":"open","ping_status":"closed","template":"","meta":{"_acf_changed":false},"product_cat":[21],"product_tag":[],"class_list":{"0":"post-3737","1":"product","2":"type-product","3":"status-publish","4":"has-post-thumbnail","6":"product_cat-48v-charger","8":"first","9":"instock","10":"shipping-taxable","11":"product-type-simple"},"acf":[],"yoast_head":"<!-- This site is optimized with the Yoast SEO plugin v20.11 - https:\/\/yoast.com\/wordpress\/plugins\/seo\/ -->\n<title>48V 5A Smart Chargers - HEIFEI POWER<\/title>\n<meta name=\"robots\" content=\"index, follow, max-snippet:-1, max-image-preview:large, max-video-preview:-1\" \/>\n<link rel=\"canonical\" href=\"https:\/\/www.powerforevercharger.com\/es\/producto\/lithium-battery-lifepo4-battery-48volt-58-3v-51-2v-charger-48v5a-for-electric-bike\/\" \/>\n<meta property=\"og:locale\" content=\"es_ES\" \/>\n<meta property=\"og:type\" content=\"article\" \/>\n<meta property=\"og:title\" content=\"48V 5A Smart Chargers - HEIFEI POWER\" \/>\n<meta property=\"og:description\" content=\"The QD300C series charger are designed of unsealed aluminum shell and a metal base plate. The top is equipped with a metal portable handle and full in black color, small in size and light in weight, making it easy to carry and transport. The flyback circuit architecture used in the product is not suitable for [&hellip;]\" \/>\n<meta property=\"og:url\" content=\"https:\/\/www.powerforevercharger.com\/es\/producto\/lithium-battery-lifepo4-battery-48volt-58-3v-51-2v-charger-48v5a-for-electric-bike\/\" \/>\n<meta property=\"og:site_name\" content=\"HEIFEI POWER\" \/>\n<meta property=\"article:modified_time\" content=\"2026-04-16T09:00:41+00:00\" \/>\n<meta property=\"og:image\" content=\"https:\/\/www.powerforevercharger.com\/wp-content\/uploads\/2024\/09\/1\u4e3b-18.jpg\" \/>\n\t<meta property=\"og:image:width\" content=\"2000\" \/>\n\t<meta property=\"og:image:height\" content=\"2000\" \/>\n\t<meta property=\"og:image:type\" content=\"image\/jpeg\" \/>\n<meta name=\"twitter:card\" content=\"summary_large_image\" \/>\n<meta name=\"twitter:label1\" content=\"Tiempo de lectura\" \/>\n\t<meta name=\"twitter:data1\" content=\"2 minutos\" \/>\n<script type=\"application\/ld+json\" class=\"yoast-schema-graph\">{\"@context\":\"https:\/\/schema.org\",\"@graph\":[{\"@type\":\"WebPage\",\"@id\":\"https:\/\/www.powerforevercharger.com\/product\/lithium-battery-lifepo4-battery-48volt-58-3v-51-2v-charger-48v5a-for-electric-bike\/\",\"url\":\"https:\/\/www.powerforevercharger.com\/product\/lithium-battery-lifepo4-battery-48volt-58-3v-51-2v-charger-48v5a-for-electric-bike\/\",\"name\":\"48V 5A Smart Chargers - HEIFEI POWER\",\"isPartOf\":{\"@id\":\"https:\/\/www.powerforevercharger.com\/es\/#website\"},\"datePublished\":\"2024-09-05T05:13:16+00:00\",\"dateModified\":\"2026-04-16T09:00:41+00:00\",\"breadcrumb\":{\"@id\":\"https:\/\/www.powerforevercharger.com\/product\/lithium-battery-lifepo4-battery-48volt-58-3v-51-2v-charger-48v5a-for-electric-bike\/#breadcrumb\"},\"inLanguage\":\"es\",\"potentialAction\":[{\"@type\":\"ReadAction\",\"target\":[\"https:\/\/www.powerforevercharger.com\/product\/lithium-battery-lifepo4-battery-48volt-58-3v-51-2v-charger-48v5a-for-electric-bike\/\"]}]},{\"@type\":\"BreadcrumbList\",\"@id\":\"https:\/\/www.powerforevercharger.com\/product\/lithium-battery-lifepo4-battery-48volt-58-3v-51-2v-charger-48v5a-for-electric-bike\/#breadcrumb\",\"itemListElement\":[{\"@type\":\"ListItem\",\"position\":1,\"name\":\"\u9996\u9875\",\"item\":\"https:\/\/www.powerforevercharger.com\/\"},{\"@type\":\"ListItem\",\"position\":2,\"name\":\"Shop\",\"item\":\"https:\/\/www.powerforevercharger.com\/es\/shop\/\"},{\"@type\":\"ListItem\",\"position\":3,\"name\":\"48V 5A Smart Chargers\"}]},{\"@type\":\"WebSite\",\"@id\":\"https:\/\/www.powerforevercharger.com\/es\/#website\",\"url\":\"https:\/\/www.powerforevercharger.com\/es\/\",\"name\":\"HEIFEI POWER\",\"description\":\"\",\"publisher\":{\"@id\":\"https:\/\/www.powerforevercharger.com\/es\/#organization\"},\"potentialAction\":[{\"@type\":\"SearchAction\",\"target\":{\"@type\":\"EntryPoint\",\"urlTemplate\":\"https:\/\/www.powerforevercharger.com\/es\/?s={search_term_string}\"},\"query-input\":\"required name=search_term_string\"}],\"inLanguage\":\"es\"},{\"@type\":\"Organization\",\"@id\":\"https:\/\/www.powerforevercharger.com\/es\/#organization\",\"name\":\"HEIFEI POWER\",\"url\":\"https:\/\/www.powerforevercharger.com\/es\/\",\"logo\":{\"@type\":\"ImageObject\",\"inLanguage\":\"es\",\"@id\":\"https:\/\/www.powerforevercharger.com\/es\/#\/schema\/logo\/image\/\",\"url\":\"https:\/\/www.powerforevercharger.com\/wp-content\/uploads\/2024\/05\/logoNws2.png\",\"contentUrl\":\"https:\/\/www.powerforevercharger.com\/wp-content\/uploads\/2024\/05\/logoNws2.png\",\"width\":258,\"height\":100,\"caption\":\"HEIFEI POWER\"},\"image\":{\"@id\":\"https:\/\/www.powerforevercharger.com\/es\/#\/schema\/logo\/image\/\"}}]}<\/script>\n<!-- \/ Yoast SEO plugin. -->","yoast_head_json":{"title":"48V 5A Smart Chargers - HEIFEI POWER","robots":{"index":"index","follow":"follow","max-snippet":"max-snippet:-1","max-image-preview":"max-image-preview:large","max-video-preview":"max-video-preview:-1"},"canonical":"https:\/\/www.powerforevercharger.com\/es\/producto\/lithium-battery-lifepo4-battery-48volt-58-3v-51-2v-charger-48v5a-for-electric-bike\/","og_locale":"es_ES","og_type":"article","og_title":"48V 5A Smart Chargers - HEIFEI POWER","og_description":"The QD300C series charger are designed of unsealed aluminum shell and a metal base plate. The top is equipped with a metal portable handle and full in black color, small in size and light in weight, making it easy to carry and transport. The flyback circuit architecture used in the product is not suitable for [&hellip;]","og_url":"https:\/\/www.powerforevercharger.com\/es\/producto\/lithium-battery-lifepo4-battery-48volt-58-3v-51-2v-charger-48v5a-for-electric-bike\/","og_site_name":"HEIFEI POWER","article_modified_time":"2026-04-16T09:00:41+00:00","og_image":[{"width":2000,"height":2000,"url":"https:\/\/www.powerforevercharger.com\/wp-content\/uploads\/2024\/09\/1\u4e3b-18.jpg","type":"image\/jpeg"}],"twitter_card":"summary_large_image","twitter_misc":{"Tiempo de lectura":"2 minutos"},"schema":{"@context":"https:\/\/schema.org","@graph":[{"@type":"WebPage","@id":"https:\/\/www.powerforevercharger.com\/product\/lithium-battery-lifepo4-battery-48volt-58-3v-51-2v-charger-48v5a-for-electric-bike\/","url":"https:\/\/www.powerforevercharger.com\/product\/lithium-battery-lifepo4-battery-48volt-58-3v-51-2v-charger-48v5a-for-electric-bike\/","name":"48V 5A Smart Chargers - HEIFEI POWER","isPartOf":{"@id":"https:\/\/www.powerforevercharger.com\/es\/#website"},"datePublished":"2024-09-05T05:13:16+00:00","dateModified":"2026-04-16T09:00:41+00:00","breadcrumb":{"@id":"https:\/\/www.powerforevercharger.com\/product\/lithium-battery-lifepo4-battery-48volt-58-3v-51-2v-charger-48v5a-for-electric-bike\/#breadcrumb"},"inLanguage":"es","potentialAction":[{"@type":"ReadAction","target":["https:\/\/www.powerforevercharger.com\/product\/lithium-battery-lifepo4-battery-48volt-58-3v-51-2v-charger-48v5a-for-electric-bike\/"]}]},{"@type":"BreadcrumbList","@id":"https:\/\/www.powerforevercharger.com\/product\/lithium-battery-lifepo4-battery-48volt-58-3v-51-2v-charger-48v5a-for-electric-bike\/#breadcrumb","itemListElement":[{"@type":"ListItem","position":1,"name":"\u9996\u9875","item":"https:\/\/www.powerforevercharger.com\/"},{"@type":"ListItem","position":2,"name":"Shop","item":"https:\/\/www.powerforevercharger.com\/es\/shop\/"},{"@type":"ListItem","position":3,"name":"48V 5A Smart Chargers"}]},{"@type":"WebSite","@id":"https:\/\/www.powerforevercharger.com\/es\/#website","url":"https:\/\/www.powerforevercharger.com\/es\/","name":"HEIFEI POWER","description":"","publisher":{"@id":"https:\/\/www.powerforevercharger.com\/es\/#organization"},"potentialAction":[{"@type":"SearchAction","target":{"@type":"EntryPoint","urlTemplate":"https:\/\/www.powerforevercharger.com\/es\/?s={search_term_string}"},"query-input":"required name=search_term_string"}],"inLanguage":"es"},{"@type":"Organization","@id":"https:\/\/www.powerforevercharger.com\/es\/#organization","name":"HEIFEI POWER","url":"https:\/\/www.powerforevercharger.com\/es\/","logo":{"@type":"ImageObject","inLanguage":"es","@id":"https:\/\/www.powerforevercharger.com\/es\/#\/schema\/logo\/image\/","url":"https:\/\/www.powerforevercharger.com\/wp-content\/uploads\/2024\/05\/logoNws2.png","contentUrl":"https:\/\/www.powerforevercharger.com\/wp-content\/uploads\/2024\/05\/logoNws2.png","width":258,"height":100,"caption":"HEIFEI POWER"},"image":{"@id":"https:\/\/www.powerforevercharger.com\/es\/#\/schema\/logo\/image\/"}}]}},"_links":{"self":[{"href":"https:\/\/www.powerforevercharger.com\/es\/wp-json\/wp\/v2\/product\/3737","targetHints":{"allow":["GET"]}}],"collection":[{"href":"https:\/\/www.powerforevercharger.com\/es\/wp-json\/wp\/v2\/product"}],"about":[{"href":"https:\/\/www.powerforevercharger.com\/es\/wp-json\/wp\/v2\/types\/product"}],"replies":[{"embeddable":true,"href":"https:\/\/www.powerforevercharger.com\/es\/wp-json\/wp\/v2\/comments?post=3737"}],"version-history":[{"count":3,"href":"https:\/\/www.powerforevercharger.com\/es\/wp-json\/wp\/v2\/product\/3737\/revisions"}],"predecessor-version":[{"id":5239,"href":"https:\/\/www.powerforevercharger.com\/es\/wp-json\/wp\/v2\/product\/3737\/revisions\/5239"}],"wp:featuredmedia":[{"embeddable":true,"href":"https:\/\/www.powerforevercharger.com\/es\/wp-json\/wp\/v2\/media\/3738"}],"wp:attachment":[{"href":"https:\/\/www.powerforevercharger.com\/es\/wp-json\/wp\/v2\/media?parent=3737"}],"wp:term":[{"taxonomy":"product_cat","embeddable":true,"href":"https:\/\/www.powerforevercharger.com\/es\/wp-json\/wp\/v2\/product_cat?post=3737"},{"taxonomy":"product_tag","embeddable":true,"href":"https:\/\/www.powerforevercharger.com\/es\/wp-json\/wp\/v2\/product_tag?post=3737"}],"curies":[{"name":"wp","href":"https:\/\/api.w.org\/{rel}","templated":true}]}}