{"id":4146,"date":"2024-09-05T14:33:57","date_gmt":"2024-09-05T06:33:57","guid":{"rendered":"https:\/\/www.powerforevercharger.com\/?post_type=product&#038;p=4146"},"modified":"2026-04-16T17:31:41","modified_gmt":"2026-04-16T09:31:41","slug":"60volt-battery-charger-out-put-18a-20a-smart-fast-charger-for-lithium-battery-electric-motorcycle","status":"publish","type":"product","link":"https:\/\/www.powerforevercharger.com\/es\/producto\/60volt-battery-charger-out-put-18a-20a-smart-fast-charger-for-lithium-battery-electric-motorcycle\/","title":{"rendered":"2000W 60V 18A Smart Fast Charger"},"content":{"rendered":"<p>Cargador impermeable La carcasa del producto adopta una estructura de sellado integrada de aluminio extruido, El ventilador de refrigeraci\u00f3n activo adopta un dise\u00f1o de estructura de encapsulado para garantizar una larga vida \u00fatil. La fiable ingenier\u00eda del producto y los a\u00f1os de validaci\u00f3n industrial hacen que el cargador sea adecuado para su uso en entornos dif\u00edciles. Es adecuado para bater\u00edas de plomo-\u00e1cido inundadas, bater\u00edas de plomo-\u00e1cido selladas, bater\u00edas de iones de litio, bater\u00edas LifePO4, bater\u00edas de n\u00edquel-cadmio, etc. Se utilizan para carga c\u00edclica o carga flotante de bater\u00edas.<\/p>\n<p>Esta serie de cargadores utiliza algunos componentes electr\u00f3nicos importados de gama alta para garantizar el rendimiento eficiente del producto. Esta serie de productos ha pasado la certificaci\u00f3n CE y Rosh y tiene quality.Charger estable est\u00e1 dise\u00f1ado con m\u00faltiples caracter\u00edsticas de seguridad, tales como protecci\u00f3n de sobrecarga, protecci\u00f3n contra cortocircuitos y protecci\u00f3n de polaridad inversa.<\/p>\n<p>Otras funciones opcionales<\/p>\n<p>Can bus;<\/p>\n<p>auxiliar de baja tensi\u00f3n 12V;<\/p>\n<p>Se puede conectar externamente un indicador luminoso de tres o dos colores;<\/p>\n<p>bloqueo de carga (el sistema de alimentaci\u00f3n del veh\u00edculo puede bloquearse a trav\u00e9s del contacto seco del rel\u00e9 durante la carga).<\/p>\n<p>Puede satisfacer las necesidades de carga en diversas ocasiones, tales como carrito de golf el\u00e9ctrico, fregadora de suelos el\u00e9ctrica, barredora de suelos, etc.<\/p>\n<p>Protecci\u00f3n m\u00faltiple: Protecci\u00f3n contra sobrecalentamiento; Protecci\u00f3n contra sobrecorriente; Protecci\u00f3n contra sobretensi\u00f3n; Protecci\u00f3n contra cortocircuito; Protecci\u00f3n contra conexi\u00f3n inversa; Protecci\u00f3n contra sobrecarga.<\/p>\n<table width=\"1390\">\n<tbody>\n<tr>\n<td width=\"255\">Modelo\uff1a<\/td>\n<td width=\"417\">QA1200B-60V18A<\/td>\n<td width=\"313\">Shell:<\/td>\n<td width=\"405\">Alumiunim<\/td>\n<\/tr>\n<tr>\n<td width=\"255\">Entrada de CA:<\/td>\n<td width=\"417\">100-240VAC;45-65Hz;<\/td>\n<td width=\"313\">Tama\u00f1o:<\/td>\n<td width=\"405\">264,9*184,5*88 mm 10,43*7,26*3,46 pulgadas<\/td>\n<\/tr>\n<tr>\n<td width=\"255\">Corriente de entrada m\u00e1xima:<\/td>\n<td>\u226415A@110VAC\/ 220VAC<\/td>\n<td width=\"313\">Peso\uff1a<\/td>\n<td width=\"405\">6.0kg<\/td>\n<\/tr>\n<tr>\n<td width=\"255\">Eficiencia m\u00e1xima:<\/td>\n<td width=\"417\">\u226593.0%<\/td>\n<td width=\"313\">Impermeable:<\/td>\n<td width=\"405\">IP67;Se puede personalizar IP65<\/td>\n<\/tr>\n<tr>\n<td width=\"255\">Ruido:<\/td>\n<td width=\"417\">\u226445dB<\/td>\n<td width=\"313\">Temperatura de funcionamiento\uff1a<\/td>\n<td width=\"405\">-30\u2103~65\u2103<\/td>\n<\/tr>\n<tr>\n<td width=\"255\">Color disponible<\/td>\n<td width=\"417\">\u00a0Amarillo mezcla de plata, lleno de plata, lleno de negro, otros personalizados en MOQ: 50Sets<\/td>\n<td width=\"313\">Temperatura de almacenamiento:<\/td>\n<td width=\"405\">-40\u2103~95\u2103<\/td>\n<\/tr>\n<tr>\n<td width=\"255\">Modo de control<\/td>\n<td width=\"417\">Chip de control digital independiente e inteligente<\/td>\n<td width=\"313\">Garant\u00eda<\/td>\n<td width=\"405\">2 a\u00f1os<\/td>\n<\/tr>\n<tr>\n<td width=\"255\">Factor de potencia<\/td>\n<td width=\"417\">\u22650.99<\/td>\n<td width=\"313\">MOQ:<\/td>\n<td width=\"405\">2 juegos<\/td>\n<\/tr>\n<tr>\n<td width=\"255\">Indicador LED Tipo1<\/p>\n<p><img decoding=\"async\" class=\"alignnone  wp-image-2727\" src=\"https:\/\/www.powerforevercharger.com\/wp-content\/uploads\/2024\/09\/\u56fe\u72471-11.png\" alt=\"\" width=\"70\" height=\"67\" srcset=\"https:\/\/www.powerforevercharger.com\/wp-content\/uploads\/2024\/09\/\u56fe\u72471-11.png 271w, https:\/\/www.powerforevercharger.com\/wp-content\/uploads\/2024\/09\/\u56fe\u72471-11-13x12.png 13w\" sizes=\"(max-width: 70px) 100vw, 70px\" \/><\/td>\n<td width=\"417\">Luz roja intermitente: \u226490%<br \/>\nLuz verde intermitente: \u226590%<br \/>\nLa luz verde est\u00e1 siempre encendida: 100%<\/td>\n<td width=\"313\">Indicador LED Tipo2<br \/>\n<img decoding=\"async\" class=\"alignnone  wp-image-2726\" src=\"https:\/\/www.powerforevercharger.com\/wp-content\/uploads\/2024\/09\/\u56fe\u72471-10.png\" alt=\"\" width=\"70\" height=\"69\" srcset=\"https:\/\/www.powerforevercharger.com\/wp-content\/uploads\/2024\/09\/\u56fe\u72471-10.png 196w, https:\/\/www.powerforevercharger.com\/wp-content\/uploads\/2024\/09\/\u56fe\u72471-10-150x150.png 150w, https:\/\/www.powerforevercharger.com\/wp-content\/uploads\/2024\/09\/\u56fe\u72471-10-12x12.png 12w, https:\/\/www.powerforevercharger.com\/wp-content\/uploads\/2024\/09\/\u56fe\u72471-10-100x100.png 100w, https:\/\/www.powerforevercharger.com\/wp-content\/uploads\/2024\/09\/\u56fe\u72471-10-50x50.png 50w\" sizes=\"(max-width: 70px) 100vw, 70px\" \/><\/td>\n<td width=\"405\">Luz roja intermitente: \u226480%<br \/>\nLuz amarilla intermitente: \u226580%<br \/>\nLuz verde intermitente: \u2248100%<br \/>\nLa luz verde est\u00e1 siempre encendida: 100%<\/td>\n<\/tr>\n<tr>\n<td width=\"255\">Curva de carga Personalizada<\/td>\n<td>S\u00ed (precarga, apagado autom\u00e1tico, protecci\u00f3n contra sobrecarga, etc.).<\/td>\n<td><\/td>\n<td><\/td>\n<\/tr>\n<tr>\n<td width=\"255\">Protecci\u00f3n:<\/td>\n<td colspan=\"3\" width=\"1135\">1.Protecci\u00f3n contra quemaduras,<br \/>\n2.Protecci\u00f3n contra la conexi\u00f3n inversa de las bater\u00edas<br \/>\n3.Protecci\u00f3n sin carga<br \/>\n4.Protecci\u00f3n contra cortocircuitos<br \/>\n5.Apagado autom\u00e1tico cuando est\u00e1 completamente cargada<\/td>\n<\/tr>\n<tr>\n<td width=\"255\">Paquete<\/td>\n<td colspan=\"3\" width=\"1135\">2 unidades por caja\uff1bTama\u00f1o interior de la caja:385*240*215mm<br \/>\nTama\u00f1o exterior de la caja:515*410*245mm;0.053CBM\/Cart\u00f3n<\/td>\n<\/tr>\n<tr>\n<td width=\"255\">Aplicaci\u00f3n<\/td>\n<td colspan=\"3\" width=\"1135\">Es adecuado para bater\u00edas de plomo-\u00e1cido inundadas, bater\u00edas de plomo-\u00e1cido selladas, bater\u00edas de litio, bater\u00edas NI-MH, bater\u00edas de n\u00edquel-cadmio, etc.<\/td>\n<\/tr>\n<\/tbody>\n<\/table>\n<p><img fetchpriority=\"high\" decoding=\"async\" class=\"alignnone size-full wp-image-4165\" src=\"https:\/\/www.powerforevercharger.com\/wp-content\/uploads\/2024\/09\/Over-View-\u6587\u5b57\u4e0b\u9762\u56fe\u724708-3.jpg\" alt=\"\" width=\"2000\" height=\"2000\" srcset=\"https:\/\/www.powerforevercharger.com\/wp-content\/uploads\/2024\/09\/Over-View-\u6587\u5b57\u4e0b\u9762\u56fe\u724708-3.jpg 2000w, https:\/\/www.powerforevercharger.com\/wp-content\/uploads\/2024\/09\/Over-View-\u6587\u5b57\u4e0b\u9762\u56fe\u724708-3-300x300.jpg 300w, https:\/\/www.powerforevercharger.com\/wp-content\/uploads\/2024\/09\/Over-View-\u6587\u5b57\u4e0b\u9762\u56fe\u724708-3-1024x1024.jpg 1024w, https:\/\/www.powerforevercharger.com\/wp-content\/uploads\/2024\/09\/Over-View-\u6587\u5b57\u4e0b\u9762\u56fe\u724708-3-150x150.jpg 150w, https:\/\/www.powerforevercharger.com\/wp-content\/uploads\/2024\/09\/Over-View-\u6587\u5b57\u4e0b\u9762\u56fe\u724708-3-768x768.jpg 768w, https:\/\/www.powerforevercharger.com\/wp-content\/uploads\/2024\/09\/Over-View-\u6587\u5b57\u4e0b\u9762\u56fe\u724708-3-1536x1536.jpg 1536w, https:\/\/www.powerforevercharger.com\/wp-content\/uploads\/2024\/09\/Over-View-\u6587\u5b57\u4e0b\u9762\u56fe\u724708-3-12x12.jpg 12w, https:\/\/www.powerforevercharger.com\/wp-content\/uploads\/2024\/09\/Over-View-\u6587\u5b57\u4e0b\u9762\u56fe\u724708-3-600x600.jpg 600w, https:\/\/www.powerforevercharger.com\/wp-content\/uploads\/2024\/09\/Over-View-\u6587\u5b57\u4e0b\u9762\u56fe\u724708-3-100x100.jpg 100w, https:\/\/www.powerforevercharger.com\/wp-content\/uploads\/2024\/09\/Over-View-\u6587\u5b57\u4e0b\u9762\u56fe\u724708-3-50x50.jpg 50w\" sizes=\"(max-width: 2000px) 100vw, 2000px\" \/><\/p>","protected":false},"excerpt":{"rendered":"<p>Waterproof Charger Product shell adopts integrated extruded aluminum sealing structure, The active cooling fan adopts potting structure design to ensure long service life.\u00a0Reliable product engineering and years of industry validation make the charger suitable for use in harsh environments.\u00a0It suitable for flooded lead acid batteries, sealed lead acid batteries,lithium-ion batteries, LifePO4 batteries, nickle cadmium batteries [&hellip;]<\/p>","protected":false},"featured_media":4147,"comment_status":"open","ping_status":"closed","template":"","meta":{"_acf_changed":false},"product_cat":[22],"product_tag":[],"class_list":{"0":"post-4146","1":"product","2":"type-product","3":"status-publish","4":"has-post-thumbnail","6":"product_cat-60v-charger","8":"first","9":"instock","10":"shipping-taxable","11":"product-type-simple"},"acf":[],"yoast_head":"<!-- This site is optimized with the Yoast SEO plugin v20.11 - https:\/\/yoast.com\/wordpress\/plugins\/seo\/ -->\n<title>2000W 60V 18A Smart Fast Charger - HEIFEI POWER<\/title>\n<meta name=\"robots\" content=\"index, follow, max-snippet:-1, max-image-preview:large, max-video-preview:-1\" \/>\n<link rel=\"canonical\" href=\"https:\/\/www.powerforevercharger.com\/es\/producto\/60volt-battery-charger-out-put-18a-20a-smart-fast-charger-for-lithium-battery-electric-motorcycle\/\" \/>\n<meta property=\"og:locale\" content=\"es_ES\" \/>\n<meta property=\"og:type\" content=\"article\" \/>\n<meta property=\"og:title\" content=\"2000W 60V 18A Smart Fast Charger - HEIFEI POWER\" \/>\n<meta property=\"og:description\" content=\"Waterproof Charger Product shell adopts integrated extruded aluminum sealing structure, The active cooling fan adopts potting structure design to ensure long service life.\u00a0Reliable product engineering and years of industry validation make the charger suitable for use in harsh environments.\u00a0It suitable for flooded lead acid batteries, sealed lead acid batteries,lithium-ion batteries, LifePO4 batteries, nickle cadmium batteries [&hellip;]\" \/>\n<meta property=\"og:url\" content=\"https:\/\/www.powerforevercharger.com\/es\/producto\/60volt-battery-charger-out-put-18a-20a-smart-fast-charger-for-lithium-battery-electric-motorcycle\/\" \/>\n<meta property=\"og:site_name\" content=\"HEIFEI POWER\" \/>\n<meta property=\"article:modified_time\" content=\"2026-04-16T09:31:41+00:00\" \/>\n<meta property=\"og:image\" content=\"https:\/\/www.powerforevercharger.com\/wp-content\/uploads\/2024\/09\/1\u4e3b\u56fe-15.jpg\" \/>\n\t<meta property=\"og:image:width\" content=\"2000\" \/>\n\t<meta property=\"og:image:height\" content=\"2000\" \/>\n\t<meta property=\"og:image:type\" content=\"image\/jpeg\" \/>\n<meta name=\"twitter:card\" content=\"summary_large_image\" \/>\n<meta name=\"twitter:label1\" content=\"Tiempo de lectura\" \/>\n\t<meta name=\"twitter:data1\" content=\"2 minutos\" \/>\n<script type=\"application\/ld+json\" class=\"yoast-schema-graph\">{\"@context\":\"https:\/\/schema.org\",\"@graph\":[{\"@type\":\"WebPage\",\"@id\":\"https:\/\/www.powerforevercharger.com\/product\/60volt-battery-charger-out-put-18a-20a-smart-fast-charger-for-lithium-battery-electric-motorcycle\/\",\"url\":\"https:\/\/www.powerforevercharger.com\/product\/60volt-battery-charger-out-put-18a-20a-smart-fast-charger-for-lithium-battery-electric-motorcycle\/\",\"name\":\"2000W 60V 18A Smart Fast Charger - HEIFEI POWER\",\"isPartOf\":{\"@id\":\"https:\/\/www.powerforevercharger.com\/es\/#website\"},\"datePublished\":\"2024-09-05T06:33:57+00:00\",\"dateModified\":\"2026-04-16T09:31:41+00:00\",\"breadcrumb\":{\"@id\":\"https:\/\/www.powerforevercharger.com\/product\/60volt-battery-charger-out-put-18a-20a-smart-fast-charger-for-lithium-battery-electric-motorcycle\/#breadcrumb\"},\"inLanguage\":\"es\",\"potentialAction\":[{\"@type\":\"ReadAction\",\"target\":[\"https:\/\/www.powerforevercharger.com\/product\/60volt-battery-charger-out-put-18a-20a-smart-fast-charger-for-lithium-battery-electric-motorcycle\/\"]}]},{\"@type\":\"BreadcrumbList\",\"@id\":\"https:\/\/www.powerforevercharger.com\/product\/60volt-battery-charger-out-put-18a-20a-smart-fast-charger-for-lithium-battery-electric-motorcycle\/#breadcrumb\",\"itemListElement\":[{\"@type\":\"ListItem\",\"position\":1,\"name\":\"\u9996\u9875\",\"item\":\"https:\/\/www.powerforevercharger.com\/\"},{\"@type\":\"ListItem\",\"position\":2,\"name\":\"Shop\",\"item\":\"https:\/\/www.powerforevercharger.com\/es\/shop\/\"},{\"@type\":\"ListItem\",\"position\":3,\"name\":\"2000W 60V 18A Smart Fast Charger\"}]},{\"@type\":\"WebSite\",\"@id\":\"https:\/\/www.powerforevercharger.com\/es\/#website\",\"url\":\"https:\/\/www.powerforevercharger.com\/es\/\",\"name\":\"HEIFEI POWER\",\"description\":\"\",\"publisher\":{\"@id\":\"https:\/\/www.powerforevercharger.com\/es\/#organization\"},\"potentialAction\":[{\"@type\":\"SearchAction\",\"target\":{\"@type\":\"EntryPoint\",\"urlTemplate\":\"https:\/\/www.powerforevercharger.com\/es\/?s={search_term_string}\"},\"query-input\":\"required name=search_term_string\"}],\"inLanguage\":\"es\"},{\"@type\":\"Organization\",\"@id\":\"https:\/\/www.powerforevercharger.com\/es\/#organization\",\"name\":\"HEIFEI POWER\",\"url\":\"https:\/\/www.powerforevercharger.com\/es\/\",\"logo\":{\"@type\":\"ImageObject\",\"inLanguage\":\"es\",\"@id\":\"https:\/\/www.powerforevercharger.com\/es\/#\/schema\/logo\/image\/\",\"url\":\"https:\/\/www.powerforevercharger.com\/wp-content\/uploads\/2024\/05\/logoNws2.png\",\"contentUrl\":\"https:\/\/www.powerforevercharger.com\/wp-content\/uploads\/2024\/05\/logoNws2.png\",\"width\":258,\"height\":100,\"caption\":\"HEIFEI POWER\"},\"image\":{\"@id\":\"https:\/\/www.powerforevercharger.com\/es\/#\/schema\/logo\/image\/\"}}]}<\/script>\n<!-- \/ Yoast SEO plugin. -->","yoast_head_json":{"title":"2000W 60V 18A Smart Fast Charger - HEIFEI POWER","robots":{"index":"index","follow":"follow","max-snippet":"max-snippet:-1","max-image-preview":"max-image-preview:large","max-video-preview":"max-video-preview:-1"},"canonical":"https:\/\/www.powerforevercharger.com\/es\/producto\/60volt-battery-charger-out-put-18a-20a-smart-fast-charger-for-lithium-battery-electric-motorcycle\/","og_locale":"es_ES","og_type":"article","og_title":"2000W 60V 18A Smart Fast Charger - HEIFEI POWER","og_description":"Waterproof Charger Product shell adopts integrated extruded aluminum sealing structure, The active cooling fan adopts potting structure design to ensure long service life.\u00a0Reliable product engineering and years of industry validation make the charger suitable for use in harsh environments.\u00a0It suitable for flooded lead acid batteries, sealed lead acid batteries,lithium-ion batteries, LifePO4 batteries, nickle cadmium batteries [&hellip;]","og_url":"https:\/\/www.powerforevercharger.com\/es\/producto\/60volt-battery-charger-out-put-18a-20a-smart-fast-charger-for-lithium-battery-electric-motorcycle\/","og_site_name":"HEIFEI POWER","article_modified_time":"2026-04-16T09:31:41+00:00","og_image":[{"width":2000,"height":2000,"url":"https:\/\/www.powerforevercharger.com\/wp-content\/uploads\/2024\/09\/1\u4e3b\u56fe-15.jpg","type":"image\/jpeg"}],"twitter_card":"summary_large_image","twitter_misc":{"Tiempo de lectura":"2 minutos"},"schema":{"@context":"https:\/\/schema.org","@graph":[{"@type":"WebPage","@id":"https:\/\/www.powerforevercharger.com\/product\/60volt-battery-charger-out-put-18a-20a-smart-fast-charger-for-lithium-battery-electric-motorcycle\/","url":"https:\/\/www.powerforevercharger.com\/product\/60volt-battery-charger-out-put-18a-20a-smart-fast-charger-for-lithium-battery-electric-motorcycle\/","name":"2000W 60V 18A Smart Fast Charger - HEIFEI POWER","isPartOf":{"@id":"https:\/\/www.powerforevercharger.com\/es\/#website"},"datePublished":"2024-09-05T06:33:57+00:00","dateModified":"2026-04-16T09:31:41+00:00","breadcrumb":{"@id":"https:\/\/www.powerforevercharger.com\/product\/60volt-battery-charger-out-put-18a-20a-smart-fast-charger-for-lithium-battery-electric-motorcycle\/#breadcrumb"},"inLanguage":"es","potentialAction":[{"@type":"ReadAction","target":["https:\/\/www.powerforevercharger.com\/product\/60volt-battery-charger-out-put-18a-20a-smart-fast-charger-for-lithium-battery-electric-motorcycle\/"]}]},{"@type":"BreadcrumbList","@id":"https:\/\/www.powerforevercharger.com\/product\/60volt-battery-charger-out-put-18a-20a-smart-fast-charger-for-lithium-battery-electric-motorcycle\/#breadcrumb","itemListElement":[{"@type":"ListItem","position":1,"name":"\u9996\u9875","item":"https:\/\/www.powerforevercharger.com\/"},{"@type":"ListItem","position":2,"name":"Shop","item":"https:\/\/www.powerforevercharger.com\/es\/shop\/"},{"@type":"ListItem","position":3,"name":"2000W 60V 18A Smart Fast Charger"}]},{"@type":"WebSite","@id":"https:\/\/www.powerforevercharger.com\/es\/#website","url":"https:\/\/www.powerforevercharger.com\/es\/","name":"HEIFEI POWER","description":"","publisher":{"@id":"https:\/\/www.powerforevercharger.com\/es\/#organization"},"potentialAction":[{"@type":"SearchAction","target":{"@type":"EntryPoint","urlTemplate":"https:\/\/www.powerforevercharger.com\/es\/?s={search_term_string}"},"query-input":"required name=search_term_string"}],"inLanguage":"es"},{"@type":"Organization","@id":"https:\/\/www.powerforevercharger.com\/es\/#organization","name":"HEIFEI POWER","url":"https:\/\/www.powerforevercharger.com\/es\/","logo":{"@type":"ImageObject","inLanguage":"es","@id":"https:\/\/www.powerforevercharger.com\/es\/#\/schema\/logo\/image\/","url":"https:\/\/www.powerforevercharger.com\/wp-content\/uploads\/2024\/05\/logoNws2.png","contentUrl":"https:\/\/www.powerforevercharger.com\/wp-content\/uploads\/2024\/05\/logoNws2.png","width":258,"height":100,"caption":"HEIFEI POWER"},"image":{"@id":"https:\/\/www.powerforevercharger.com\/es\/#\/schema\/logo\/image\/"}}]}},"_links":{"self":[{"href":"https:\/\/www.powerforevercharger.com\/es\/wp-json\/wp\/v2\/product\/4146","targetHints":{"allow":["GET"]}}],"collection":[{"href":"https:\/\/www.powerforevercharger.com\/es\/wp-json\/wp\/v2\/product"}],"about":[{"href":"https:\/\/www.powerforevercharger.com\/es\/wp-json\/wp\/v2\/types\/product"}],"replies":[{"embeddable":true,"href":"https:\/\/www.powerforevercharger.com\/es\/wp-json\/wp\/v2\/comments?post=4146"}],"version-history":[{"count":4,"href":"https:\/\/www.powerforevercharger.com\/es\/wp-json\/wp\/v2\/product\/4146\/revisions"}],"predecessor-version":[{"id":5261,"href":"https:\/\/www.powerforevercharger.com\/es\/wp-json\/wp\/v2\/product\/4146\/revisions\/5261"}],"wp:featuredmedia":[{"embeddable":true,"href":"https:\/\/www.powerforevercharger.com\/es\/wp-json\/wp\/v2\/media\/4147"}],"wp:attachment":[{"href":"https:\/\/www.powerforevercharger.com\/es\/wp-json\/wp\/v2\/media?parent=4146"}],"wp:term":[{"taxonomy":"product_cat","embeddable":true,"href":"https:\/\/www.powerforevercharger.com\/es\/wp-json\/wp\/v2\/product_cat?post=4146"},{"taxonomy":"product_tag","embeddable":true,"href":"https:\/\/www.powerforevercharger.com\/es\/wp-json\/wp\/v2\/product_tag?post=4146"}],"curies":[{"name":"wp","href":"https:\/\/api.w.org\/{rel}","templated":true}]}}