{"id":4319,"date":"2024-09-05T15:07:37","date_gmt":"2024-09-05T07:07:37","guid":{"rendered":"https:\/\/www.powerforevercharger.com\/?post_type=product&#038;p=4319"},"modified":"2026-04-29T13:51:50","modified_gmt":"2026-04-29T05:51:50","slug":"electric-motorcycle-customized-on-board-ltihium-ion-battery-charger-67-2v-12a-lifepo4-73v-12a-special-for-80ah-100ah-120ah-2","status":"publish","type":"product","link":"https:\/\/www.powerforevercharger.com\/es\/producto\/electric-motorcycle-customized-on-board-ltihium-ion-battery-charger-67-2v-12a-lifepo4-73v-12a-special-for-80ah-100ah-120ah-2\/","title":{"rendered":"840W 72V 12A On Board battery Charger"},"content":{"rendered":"<p>Este cargador resistente al agua de la serie QA840A es un cargador inteligente de nuevo desarrollo para el mercado de las motocicletas el\u00e9ctricas por nuestro equipo de I + D. El rendimiento a prueba de agua alcanza IP65 e IP67 se puede personalizar. La apariencia de esta serie de cargadores adopta un proceso integrado de aluminio fundido a presi\u00f3n y est\u00e1 equipado con un asa lateral de pl\u00e1stico. Es un cargador compacto y port\u00e1til. El cargador de la serie QA840A utiliza un proceso de relleno de pegamento para lograr funciones impermeables, a prueba de polvo y a prueba de golpes.<\/p>\n<p>El cable de alimentaci\u00f3n de CA de este cargador debe sustituirse por un cable adaptador. El cargador est\u00e1 configurado para introducir autom\u00e1ticamente un amplio voltaje de 100V-264VAC; t\u00e9cnicamente, se utilizan circuitos resonantes PFC y LLC. Se puede utilizar un rel\u00e9 antipandeo opcional incorporado para el veh\u00edculo; se puede hacer con protocolo CAN, sin fuente de alimentaci\u00f3n auxiliar controlable incorporada de 12V3A. El cargador tiene una funci\u00f3n de potencia constante de salida, y funciones de circuito de detecci\u00f3n de tensi\u00f3n alterna y detecci\u00f3n de temperatura.<\/p>\n<p>En la actualidad, los productos de la serie QA840A han superado pruebas y certificados relevantes como RCM SAA IEC CE FCC ETL. Esta serie de productos tiene un rendimiento estable, una tasa cualificada de f\u00e1brica de 100% y una tasa de defectos de producto inferior a 0,3% durante la garant\u00eda.<\/p>\n<p>Hasta ahora, los cargadores de la serie QA840A se utilizan ampliamente en motocicletas el\u00e9ctricas de alta velocidad, carritos de golf, barredoras el\u00e9ctricas, fregadoras de suelos y veh\u00edculos de limpieza de carreteras, etc. Adecuado para diferentes capacidades de bater\u00eda 60AH, 80AH ,100AH,120AH, 150AH,160AH,200AH. Se utiliza ampliamente para cargar bater\u00edas de litio, bater\u00edas de fosfato de hierro y litio, bater\u00edas de plomo-\u00e1cido a litio, etc.<\/p>\n<table style=\"width: 93.1297%; height: 552px;\" width=\"1456\">\n<tbody>\n<tr style=\"height: 24px;\">\n<td style=\"height: 24px;\" width=\"255\">Modelo\uff1a<\/td>\n<td style=\"height: 24px;\" width=\"514\">QA840A<\/td>\n<td style=\"height: 24px;\" width=\"313\">Shell:<\/td>\n<td style=\"height: 24px;\" width=\"373\">Alumiunim<\/td>\n<\/tr>\n<tr style=\"height: 24px;\">\n<td style=\"height: 24px;\" width=\"255\">Entrada de CA:<\/td>\n<td style=\"height: 24px;\" width=\"514\">100-240VAV;45-65Hz<\/td>\n<td style=\"height: 24px;\" width=\"313\">Tama\u00f1o del cargador:<\/td>\n<td style=\"height: 24px;\" width=\"373\">228,1*117,3*63,0 mm 8,98*4,62*2,48 pulgadas<\/td>\n<\/tr>\n<tr style=\"height: 24px;\">\n<td style=\"height: 24px;\" width=\"255\">Corriente de entrada m\u00e1xima:<\/td>\n<td style=\"height: 24px;\">\u22647.5A@220VAC;<\/td>\n<td style=\"height: 24px;\" width=\"313\">Peso\uff1a<\/td>\n<td style=\"height: 24px;\" width=\"373\">2,5 kg<\/td>\n<\/tr>\n<tr style=\"height: 24px;\">\n<td style=\"height: 24px;\" width=\"255\">Eficiencia m\u00e1xima:<\/td>\n<td style=\"height: 24px;\" width=\"514\">\u226593.0%<\/td>\n<td style=\"height: 24px;\" width=\"313\">Impermeable:<\/td>\n<td style=\"height: 24px;\" width=\"373\">IP65<\/td>\n<\/tr>\n<tr style=\"height: 24px;\">\n<td style=\"height: 24px;\" width=\"255\">Ruido:<\/td>\n<td style=\"height: 24px;\" width=\"514\">\u226445dB<\/td>\n<td style=\"height: 24px;\" width=\"313\">Temperatura de funcionamiento\uff1a<\/td>\n<td style=\"height: 24px;\" width=\"373\">-30\u2103~65\u2103<\/td>\n<\/tr>\n<tr style=\"height: 72px;\">\n<td style=\"height: 72px;\" width=\"255\">Color disponible<\/td>\n<td style=\"height: 72px;\" width=\"514\">Mango amarillo mezcla plata+negro,<br \/>\nnegro mezcla Plata+azul mango;<br \/>\notros colores personalizables<\/td>\n<td style=\"height: 72px;\" width=\"313\">Temperatura de almacenamiento:<\/td>\n<td style=\"height: 72px;\" width=\"373\">-40\u2103~95\u2103<\/td>\n<\/tr>\n<tr style=\"height: 24px;\">\n<td style=\"height: 24px;\" width=\"255\">Modo de control<\/td>\n<td style=\"height: 24px;\" width=\"514\">Chip de control digital independiente e inteligente<\/td>\n<td style=\"height: 24px;\" width=\"313\">Garant\u00eda<\/td>\n<td style=\"height: 24px;\" width=\"373\">2 a\u00f1os<\/td>\n<\/tr>\n<tr style=\"height: 24px;\">\n<td style=\"height: 24px;\" width=\"255\">Factor de potencia<\/td>\n<td style=\"height: 24px;\" width=\"514\">\u22650.99<\/td>\n<td style=\"height: 24px;\" width=\"313\">MOQ:<\/td>\n<td style=\"height: 24px;\" width=\"373\">4 juegos<\/td>\n<\/tr>\n<tr style=\"height: 96px;\">\n<td style=\"height: 96px;\" width=\"255\">Indicador LED Tipo1<br \/>\n<img decoding=\"async\" class=\"alignnone wp-image-2727\" src=\"https:\/\/www.powerforevercharger.com\/wp-content\/uploads\/2024\/09\/\u56fe\u72471-11.png\" alt=\"\" width=\"72\" height=\"69\" srcset=\"https:\/\/www.powerforevercharger.com\/wp-content\/uploads\/2024\/09\/\u56fe\u72471-11.png 271w, https:\/\/www.powerforevercharger.com\/wp-content\/uploads\/2024\/09\/\u56fe\u72471-11-13x12.png 13w\" sizes=\"(max-width: 72px) 100vw, 72px\" \/><\/td>\n<td style=\"height: 96px;\" width=\"514\">Luz roja intermitente: \u226490%<br \/>\nLuz verde intermitente: \u226590%<br \/>\nLa luz verde est\u00e1 siempre encendida: 100%<\/td>\n<td style=\"height: 96px;\" width=\"313\">Indicador LED Tipo2<br \/>\n<img decoding=\"async\" class=\"alignnone wp-image-2726\" src=\"https:\/\/www.powerforevercharger.com\/wp-content\/uploads\/2024\/09\/\u56fe\u72471-10.png\" alt=\"\" width=\"70\" height=\"69\" srcset=\"https:\/\/www.powerforevercharger.com\/wp-content\/uploads\/2024\/09\/\u56fe\u72471-10.png 196w, https:\/\/www.powerforevercharger.com\/wp-content\/uploads\/2024\/09\/\u56fe\u72471-10-150x150.png 150w, https:\/\/www.powerforevercharger.com\/wp-content\/uploads\/2024\/09\/\u56fe\u72471-10-12x12.png 12w, https:\/\/www.powerforevercharger.com\/wp-content\/uploads\/2024\/09\/\u56fe\u72471-10-100x100.png 100w, https:\/\/www.powerforevercharger.com\/wp-content\/uploads\/2024\/09\/\u56fe\u72471-10-50x50.png 50w\" sizes=\"(max-width: 70px) 100vw, 70px\" \/><\/td>\n<td style=\"height: 96px;\" width=\"373\">Luz roja intermitente: \u226480%<br \/>\nLuz amarilla intermitente: \u226580%<br \/>\nLuz verde intermitente: \u2248100%<br \/>\nLa luz verde est\u00e1 siempre encendida: 100%<\/td>\n<\/tr>\n<tr style=\"height: 24px;\">\n<td style=\"height: 24px;\" width=\"255\">Curva de carga Personalizada<\/td>\n<td style=\"height: 24px;\">S\u00ed (precarga, apagado autom\u00e1tico, protecci\u00f3n contra sobrecarga, etc.).<\/td>\n<td style=\"height: 24px;\"><\/td>\n<td style=\"height: 24px;\"><\/td>\n<\/tr>\n<tr style=\"height: 120px;\">\n<td style=\"height: 120px;\" width=\"255\">Protecci\u00f3n:<\/td>\n<td style=\"height: 120px;\" colspan=\"3\" width=\"1201\">1.Protecci\u00f3n contra quemaduras,<br \/>\n2.Protecci\u00f3n contra la conexi\u00f3n inversa de las bater\u00edas<br \/>\n3.Protecci\u00f3n sin carga<br \/>\n4.Protecci\u00f3n contra cortocircuitos<br \/>\n5.Apagado autom\u00e1tico cuando est\u00e1 completamente cargada<\/td>\n<\/tr>\n<tr style=\"height: 48px;\">\n<td style=\"height: 48px;\" width=\"255\">Paquete<\/td>\n<td style=\"height: 48px;\" colspan=\"3\" width=\"1201\">6 piezas por caja\uff1bEn caja de cart\u00f3n individual\uff08Con espuma\uff09: 295*190*133mm<br \/>\nDimensi\u00f3n exterior de la caja:55*42*28cm; 0,065CBM; GW:18,8kg<\/td>\n<\/tr>\n<tr style=\"height: 24px;\">\n<td style=\"height: 24px;\" width=\"255\">Aplicaci\u00f3n<\/td>\n<td style=\"height: 24px;\" colspan=\"3\" width=\"1201\">Es adecuado para bater\u00edas de plomo-\u00e1cido inundadas, bater\u00edas de plomo-\u00e1cido selladas, bater\u00edas de litio, bater\u00edas NI-MH, bater\u00edas de n\u00edquel-cadmio, etc.<\/td>\n<\/tr>\n<\/tbody>\n<\/table>\n<p><img fetchpriority=\"high\" decoding=\"async\" class=\"alignnone size-full wp-image-4339\" src=\"https:\/\/www.powerforevercharger.com\/wp-content\/uploads\/2024\/09\/Over-view-\u6587\u5b57\u4e0b\u9762\u7684\u56fe\u7247-QA840A-3.jpg\" alt=\"\" width=\"2000\" height=\"2000\" srcset=\"https:\/\/www.powerforevercharger.com\/wp-content\/uploads\/2024\/09\/Over-view-\u6587\u5b57\u4e0b\u9762\u7684\u56fe\u7247-QA840A-3.jpg 2000w, https:\/\/www.powerforevercharger.com\/wp-content\/uploads\/2024\/09\/Over-view-\u6587\u5b57\u4e0b\u9762\u7684\u56fe\u7247-QA840A-3-300x300.jpg 300w, https:\/\/www.powerforevercharger.com\/wp-content\/uploads\/2024\/09\/Over-view-\u6587\u5b57\u4e0b\u9762\u7684\u56fe\u7247-QA840A-3-1024x1024.jpg 1024w, https:\/\/www.powerforevercharger.com\/wp-content\/uploads\/2024\/09\/Over-view-\u6587\u5b57\u4e0b\u9762\u7684\u56fe\u7247-QA840A-3-150x150.jpg 150w, https:\/\/www.powerforevercharger.com\/wp-content\/uploads\/2024\/09\/Over-view-\u6587\u5b57\u4e0b\u9762\u7684\u56fe\u7247-QA840A-3-768x768.jpg 768w, https:\/\/www.powerforevercharger.com\/wp-content\/uploads\/2024\/09\/Over-view-\u6587\u5b57\u4e0b\u9762\u7684\u56fe\u7247-QA840A-3-1536x1536.jpg 1536w, https:\/\/www.powerforevercharger.com\/wp-content\/uploads\/2024\/09\/Over-view-\u6587\u5b57\u4e0b\u9762\u7684\u56fe\u7247-QA840A-3-12x12.jpg 12w, https:\/\/www.powerforevercharger.com\/wp-content\/uploads\/2024\/09\/Over-view-\u6587\u5b57\u4e0b\u9762\u7684\u56fe\u7247-QA840A-3-600x600.jpg 600w, https:\/\/www.powerforevercharger.com\/wp-content\/uploads\/2024\/09\/Over-view-\u6587\u5b57\u4e0b\u9762\u7684\u56fe\u7247-QA840A-3-100x100.jpg 100w, https:\/\/www.powerforevercharger.com\/wp-content\/uploads\/2024\/09\/Over-view-\u6587\u5b57\u4e0b\u9762\u7684\u56fe\u7247-QA840A-3-50x50.jpg 50w\" sizes=\"(max-width: 2000px) 100vw, 2000px\" \/><\/p>","protected":false},"excerpt":{"rendered":"<p>This QA840A series waterproof charger is a newly developed smart charger for the electric motorcycle market by our R&amp;D team. The waterproof performance reaches IP65 and IP67 can be customized. The appearance of this series of chargers adopts an integrated die-cast aluminum process and is equipped with a side plastic handle. It is a compact [&hellip;]<\/p>","protected":false},"featured_media":5501,"comment_status":"open","ping_status":"closed","template":"","meta":{"_acf_changed":false},"product_cat":[23],"product_tag":[],"class_list":{"0":"post-4319","1":"product","2":"type-product","3":"status-publish","4":"has-post-thumbnail","6":"product_cat-72v-charger","8":"first","9":"instock","10":"shipping-taxable","11":"product-type-simple"},"acf":[],"yoast_head":"<!-- This site is optimized with the Yoast SEO plugin v20.11 - https:\/\/yoast.com\/wordpress\/plugins\/seo\/ -->\n<title>840W 72V 12A On Board battery Charger - HEIFEI POWER<\/title>\n<meta name=\"robots\" content=\"index, follow, max-snippet:-1, max-image-preview:large, max-video-preview:-1\" \/>\n<link rel=\"canonical\" href=\"https:\/\/www.powerforevercharger.com\/es\/producto\/electric-motorcycle-customized-on-board-ltihium-ion-battery-charger-67-2v-12a-lifepo4-73v-12a-special-for-80ah-100ah-120ah-2\/\" \/>\n<meta property=\"og:locale\" content=\"es_ES\" \/>\n<meta property=\"og:type\" content=\"article\" \/>\n<meta property=\"og:title\" content=\"840W 72V 12A On Board battery Charger - HEIFEI POWER\" \/>\n<meta property=\"og:description\" content=\"This QA840A series waterproof charger is a newly developed smart charger for the electric motorcycle market by our R&amp;D team. The waterproof performance reaches IP65 and IP67 can be customized. The appearance of this series of chargers adopts an integrated die-cast aluminum process and is equipped with a side plastic handle. It is a compact [&hellip;]\" \/>\n<meta property=\"og:url\" content=\"https:\/\/www.powerforevercharger.com\/es\/producto\/electric-motorcycle-customized-on-board-ltihium-ion-battery-charger-67-2v-12a-lifepo4-73v-12a-special-for-80ah-100ah-120ah-2\/\" \/>\n<meta property=\"og:site_name\" content=\"HEIFEI POWER\" \/>\n<meta property=\"article:modified_time\" content=\"2026-04-29T05:51:50+00:00\" \/>\n<meta property=\"og:image\" content=\"https:\/\/www.powerforevercharger.com\/wp-content\/uploads\/2024\/09\/02.jpg\" \/>\n\t<meta property=\"og:image:width\" content=\"2000\" \/>\n\t<meta property=\"og:image:height\" content=\"2000\" \/>\n\t<meta property=\"og:image:type\" content=\"image\/jpeg\" \/>\n<meta name=\"twitter:card\" content=\"summary_large_image\" \/>\n<meta name=\"twitter:label1\" content=\"Tiempo de lectura\" \/>\n\t<meta name=\"twitter:data1\" content=\"3 minutos\" \/>\n<script type=\"application\/ld+json\" class=\"yoast-schema-graph\">{\"@context\":\"https:\/\/schema.org\",\"@graph\":[{\"@type\":\"WebPage\",\"@id\":\"https:\/\/www.powerforevercharger.com\/product\/electric-motorcycle-customized-on-board-ltihium-ion-battery-charger-67-2v-12a-lifepo4-73v-12a-special-for-80ah-100ah-120ah-2\/\",\"url\":\"https:\/\/www.powerforevercharger.com\/product\/electric-motorcycle-customized-on-board-ltihium-ion-battery-charger-67-2v-12a-lifepo4-73v-12a-special-for-80ah-100ah-120ah-2\/\",\"name\":\"840W 72V 12A On Board battery Charger - HEIFEI POWER\",\"isPartOf\":{\"@id\":\"https:\/\/www.powerforevercharger.com\/es\/#website\"},\"datePublished\":\"2024-09-05T07:07:37+00:00\",\"dateModified\":\"2026-04-29T05:51:50+00:00\",\"breadcrumb\":{\"@id\":\"https:\/\/www.powerforevercharger.com\/product\/electric-motorcycle-customized-on-board-ltihium-ion-battery-charger-67-2v-12a-lifepo4-73v-12a-special-for-80ah-100ah-120ah-2\/#breadcrumb\"},\"inLanguage\":\"es\",\"potentialAction\":[{\"@type\":\"ReadAction\",\"target\":[\"https:\/\/www.powerforevercharger.com\/product\/electric-motorcycle-customized-on-board-ltihium-ion-battery-charger-67-2v-12a-lifepo4-73v-12a-special-for-80ah-100ah-120ah-2\/\"]}]},{\"@type\":\"BreadcrumbList\",\"@id\":\"https:\/\/www.powerforevercharger.com\/product\/electric-motorcycle-customized-on-board-ltihium-ion-battery-charger-67-2v-12a-lifepo4-73v-12a-special-for-80ah-100ah-120ah-2\/#breadcrumb\",\"itemListElement\":[{\"@type\":\"ListItem\",\"position\":1,\"name\":\"\u9996\u9875\",\"item\":\"https:\/\/www.powerforevercharger.com\/\"},{\"@type\":\"ListItem\",\"position\":2,\"name\":\"Shop\",\"item\":\"https:\/\/www.powerforevercharger.com\/es\/shop\/\"},{\"@type\":\"ListItem\",\"position\":3,\"name\":\"840W 72V 12A On Board battery Charger\"}]},{\"@type\":\"WebSite\",\"@id\":\"https:\/\/www.powerforevercharger.com\/es\/#website\",\"url\":\"https:\/\/www.powerforevercharger.com\/es\/\",\"name\":\"HEIFEI POWER\",\"description\":\"\",\"publisher\":{\"@id\":\"https:\/\/www.powerforevercharger.com\/es\/#organization\"},\"potentialAction\":[{\"@type\":\"SearchAction\",\"target\":{\"@type\":\"EntryPoint\",\"urlTemplate\":\"https:\/\/www.powerforevercharger.com\/es\/?s={search_term_string}\"},\"query-input\":\"required name=search_term_string\"}],\"inLanguage\":\"es\"},{\"@type\":\"Organization\",\"@id\":\"https:\/\/www.powerforevercharger.com\/es\/#organization\",\"name\":\"HEIFEI POWER\",\"url\":\"https:\/\/www.powerforevercharger.com\/es\/\",\"logo\":{\"@type\":\"ImageObject\",\"inLanguage\":\"es\",\"@id\":\"https:\/\/www.powerforevercharger.com\/es\/#\/schema\/logo\/image\/\",\"url\":\"https:\/\/www.powerforevercharger.com\/wp-content\/uploads\/2024\/05\/logoNws2.png\",\"contentUrl\":\"https:\/\/www.powerforevercharger.com\/wp-content\/uploads\/2024\/05\/logoNws2.png\",\"width\":258,\"height\":100,\"caption\":\"HEIFEI POWER\"},\"image\":{\"@id\":\"https:\/\/www.powerforevercharger.com\/es\/#\/schema\/logo\/image\/\"}}]}<\/script>\n<!-- \/ Yoast SEO plugin. -->","yoast_head_json":{"title":"840W 72V 12A On Board battery Charger - HEIFEI POWER","robots":{"index":"index","follow":"follow","max-snippet":"max-snippet:-1","max-image-preview":"max-image-preview:large","max-video-preview":"max-video-preview:-1"},"canonical":"https:\/\/www.powerforevercharger.com\/es\/producto\/electric-motorcycle-customized-on-board-ltihium-ion-battery-charger-67-2v-12a-lifepo4-73v-12a-special-for-80ah-100ah-120ah-2\/","og_locale":"es_ES","og_type":"article","og_title":"840W 72V 12A On Board battery Charger - HEIFEI POWER","og_description":"This QA840A series waterproof charger is a newly developed smart charger for the electric motorcycle market by our R&amp;D team. The waterproof performance reaches IP65 and IP67 can be customized. The appearance of this series of chargers adopts an integrated die-cast aluminum process and is equipped with a side plastic handle. It is a compact [&hellip;]","og_url":"https:\/\/www.powerforevercharger.com\/es\/producto\/electric-motorcycle-customized-on-board-ltihium-ion-battery-charger-67-2v-12a-lifepo4-73v-12a-special-for-80ah-100ah-120ah-2\/","og_site_name":"HEIFEI POWER","article_modified_time":"2026-04-29T05:51:50+00:00","og_image":[{"width":2000,"height":2000,"url":"https:\/\/www.powerforevercharger.com\/wp-content\/uploads\/2024\/09\/02.jpg","type":"image\/jpeg"}],"twitter_card":"summary_large_image","twitter_misc":{"Tiempo de lectura":"3 minutos"},"schema":{"@context":"https:\/\/schema.org","@graph":[{"@type":"WebPage","@id":"https:\/\/www.powerforevercharger.com\/product\/electric-motorcycle-customized-on-board-ltihium-ion-battery-charger-67-2v-12a-lifepo4-73v-12a-special-for-80ah-100ah-120ah-2\/","url":"https:\/\/www.powerforevercharger.com\/product\/electric-motorcycle-customized-on-board-ltihium-ion-battery-charger-67-2v-12a-lifepo4-73v-12a-special-for-80ah-100ah-120ah-2\/","name":"840W 72V 12A On Board battery Charger - HEIFEI POWER","isPartOf":{"@id":"https:\/\/www.powerforevercharger.com\/es\/#website"},"datePublished":"2024-09-05T07:07:37+00:00","dateModified":"2026-04-29T05:51:50+00:00","breadcrumb":{"@id":"https:\/\/www.powerforevercharger.com\/product\/electric-motorcycle-customized-on-board-ltihium-ion-battery-charger-67-2v-12a-lifepo4-73v-12a-special-for-80ah-100ah-120ah-2\/#breadcrumb"},"inLanguage":"es","potentialAction":[{"@type":"ReadAction","target":["https:\/\/www.powerforevercharger.com\/product\/electric-motorcycle-customized-on-board-ltihium-ion-battery-charger-67-2v-12a-lifepo4-73v-12a-special-for-80ah-100ah-120ah-2\/"]}]},{"@type":"BreadcrumbList","@id":"https:\/\/www.powerforevercharger.com\/product\/electric-motorcycle-customized-on-board-ltihium-ion-battery-charger-67-2v-12a-lifepo4-73v-12a-special-for-80ah-100ah-120ah-2\/#breadcrumb","itemListElement":[{"@type":"ListItem","position":1,"name":"\u9996\u9875","item":"https:\/\/www.powerforevercharger.com\/"},{"@type":"ListItem","position":2,"name":"Shop","item":"https:\/\/www.powerforevercharger.com\/es\/shop\/"},{"@type":"ListItem","position":3,"name":"840W 72V 12A On Board battery Charger"}]},{"@type":"WebSite","@id":"https:\/\/www.powerforevercharger.com\/es\/#website","url":"https:\/\/www.powerforevercharger.com\/es\/","name":"HEIFEI POWER","description":"","publisher":{"@id":"https:\/\/www.powerforevercharger.com\/es\/#organization"},"potentialAction":[{"@type":"SearchAction","target":{"@type":"EntryPoint","urlTemplate":"https:\/\/www.powerforevercharger.com\/es\/?s={search_term_string}"},"query-input":"required name=search_term_string"}],"inLanguage":"es"},{"@type":"Organization","@id":"https:\/\/www.powerforevercharger.com\/es\/#organization","name":"HEIFEI POWER","url":"https:\/\/www.powerforevercharger.com\/es\/","logo":{"@type":"ImageObject","inLanguage":"es","@id":"https:\/\/www.powerforevercharger.com\/es\/#\/schema\/logo\/image\/","url":"https:\/\/www.powerforevercharger.com\/wp-content\/uploads\/2024\/05\/logoNws2.png","contentUrl":"https:\/\/www.powerforevercharger.com\/wp-content\/uploads\/2024\/05\/logoNws2.png","width":258,"height":100,"caption":"HEIFEI POWER"},"image":{"@id":"https:\/\/www.powerforevercharger.com\/es\/#\/schema\/logo\/image\/"}}]}},"_links":{"self":[{"href":"https:\/\/www.powerforevercharger.com\/es\/wp-json\/wp\/v2\/product\/4319","targetHints":{"allow":["GET"]}}],"collection":[{"href":"https:\/\/www.powerforevercharger.com\/es\/wp-json\/wp\/v2\/product"}],"about":[{"href":"https:\/\/www.powerforevercharger.com\/es\/wp-json\/wp\/v2\/types\/product"}],"replies":[{"embeddable":true,"href":"https:\/\/www.powerforevercharger.com\/es\/wp-json\/wp\/v2\/comments?post=4319"}],"version-history":[{"count":8,"href":"https:\/\/www.powerforevercharger.com\/es\/wp-json\/wp\/v2\/product\/4319\/revisions"}],"predecessor-version":[{"id":5513,"href":"https:\/\/www.powerforevercharger.com\/es\/wp-json\/wp\/v2\/product\/4319\/revisions\/5513"}],"wp:featuredmedia":[{"embeddable":true,"href":"https:\/\/www.powerforevercharger.com\/es\/wp-json\/wp\/v2\/media\/5501"}],"wp:attachment":[{"href":"https:\/\/www.powerforevercharger.com\/es\/wp-json\/wp\/v2\/media?parent=4319"}],"wp:term":[{"taxonomy":"product_cat","embeddable":true,"href":"https:\/\/www.powerforevercharger.com\/es\/wp-json\/wp\/v2\/product_cat?post=4319"},{"taxonomy":"product_tag","embeddable":true,"href":"https:\/\/www.powerforevercharger.com\/es\/wp-json\/wp\/v2\/product_tag?post=4319"}],"curies":[{"name":"wp","href":"https:\/\/api.w.org\/{rel}","templated":true}]}}