{"id":4550,"date":"2024-09-05T15:49:10","date_gmt":"2024-09-05T07:49:10","guid":{"rendered":"https:\/\/www.powerforevercharger.com\/?post_type=product&#038;p=4550"},"modified":"2026-04-29T14:27:50","modified_gmt":"2026-04-29T06:27:50","slug":"220v-aluminum-full-sealed-smart-battery-charger-12v-24v-36v48v-for-electric-floor-scrubber-lithium-lifepo4-battery-lead-acid-battery","status":"publish","type":"product","link":"https:\/\/www.powerforevercharger.com\/es\/producto\/220v-aluminum-full-sealed-smart-battery-charger-12v-24v-36v48v-for-electric-floor-scrubber-lithium-lifepo4-battery-lead-acid-battery\/","title":{"rendered":"450W IP67 Waerproof Battery Charger"},"content":{"rendered":"<p>El cargador de la serie QA450A es un cargador impermeable de baja potencia totalmente sellado desarrollado seg\u00fan las necesidades del cliente. La potencia m\u00e1xima de esta serie de productos es de 450W. La carcasa es una carcasa de aluminio fundido a presi\u00f3n integrada, sin cubierta superior, equipada con un peque\u00f1o asa de metal, el conjunto peque\u00f1o y exquisito, principalmente plateado.<\/p>\n<p>El cargador impermeable sigue utilizando la tecnolog\u00eda de relleno de pegamento en el interior para garantizar que el producto sea impermeable y a prueba de polvo, y ayuda a la disipaci\u00f3n del calor. Tiene un ventilador incorporado y una ranura de disipaci\u00f3n de calor en el exterior. Este dise\u00f1o aumenta la velocidad de disipaci\u00f3n de calor del producto. El nivel de impermeabilidad es IP65.<\/p>\n<p>Este producto es adecuado principalmente para 12V 24V 36V 48V y otras bater\u00edas, y no es adecuado para la salida de alta tensi\u00f3n. No hay funci\u00f3n PFC, pero la personalizaci\u00f3n es aceptable.<\/p>\n<p>En la actualidad, este producto es muy apreciado por los clientes nacionales y extranjeros debido a su aspecto exquisito y compacto, su bajo precio y su rendimiento a prueba de agua. En la actualidad, los productos de la serie QA450A se utilizan principalmente en bicicletas el\u00e9ctricas (48V06A); fuentes de alimentaci\u00f3n de almacenamiento de energ\u00eda m\u00f3viles para exteriores (12V20A; 24V15A) robots industriales m\u00f3viles (24V10A) apiladores log\u00edsticos el\u00e9ctricos de peque\u00f1a potencia (24V10A;) carretillas elevadoras el\u00e9ctricas de peque\u00f1a potencia (12V15A) veh\u00edculos de guiado autom\u00e1tico AGV (24V10A) fregadoras de suelos de empuje manual (24V10A), etc.<\/p>\n<table style=\"width: 100.698%; height: 661px;\" width=\"1393\">\n<tbody>\n<tr>\n<td width=\"255\">Modelo\uff1a<\/td>\n<td width=\"408\">QA450A-Cargador resistente al agua<\/td>\n<td width=\"313\">Shell:<\/td>\n<td width=\"417\">Alumiunim<\/td>\n<\/tr>\n<tr>\n<td width=\"255\">Entrada de CA:<\/td>\n<td width=\"408\">90-264VAC;45-65Hz<\/td>\n<td width=\"313\">Tama\u00f1o del cargador:<\/td>\n<td width=\"417\">176*124,5*59 mm 6,93*4,9*2,32 pulgadas<\/td>\n<\/tr>\n<tr>\n<td width=\"255\">Corriente de entrada m\u00e1xima:<\/td>\n<td>\u22643.3A@220VAC<\/td>\n<td width=\"313\">Peso\uff1a<\/td>\n<td width=\"417\">1,7 kg<\/td>\n<\/tr>\n<tr>\n<td width=\"255\">Eficiencia m\u00e1xima:<\/td>\n<td width=\"408\">\u226590.0%<\/td>\n<td width=\"313\">Impermeable:<\/td>\n<td width=\"417\">IP65<\/td>\n<\/tr>\n<tr>\n<td width=\"255\">Ruido:<\/td>\n<td width=\"408\">\u226445dB<\/td>\n<td width=\"313\">Temperatura de funcionamiento\uff1a<\/td>\n<td width=\"417\">-30\u2103~65\u2103<\/td>\n<\/tr>\n<tr>\n<td width=\"255\">Color disponible<\/td>\n<td width=\"408\">Full en plata;<br \/>\nOtros personalizados en MOQ:100Sets<\/td>\n<td width=\"313\">Temperatura de almacenamiento:<\/td>\n<td width=\"417\">-40\u2103~95\u2103<\/td>\n<\/tr>\n<tr>\n<td width=\"255\">Modo de control<\/td>\n<td width=\"408\">Chip de control digital independiente e inteligente<\/td>\n<td width=\"313\">Garant\u00eda<\/td>\n<td width=\"417\">2 a\u00f1os<\/td>\n<\/tr>\n<tr>\n<td width=\"255\">Factor de potencia<\/td>\n<td width=\"408\">\u22650.99<\/td>\n<td width=\"313\">MOQ:<\/td>\n<td width=\"417\">6 juegos<\/td>\n<\/tr>\n<tr>\n<td width=\"255\">Curva de carga Personalizada<\/td>\n<td>S\u00ed (precarga, apagado autom\u00e1tico, protecci\u00f3n contra sobrecarga, etc.).<\/td>\n<td><\/td>\n<td><\/td>\n<\/tr>\n<tr>\n<td width=\"255\">Indicador LED Tipo1<br \/>\n<img decoding=\"async\" class=\"alignnone wp-image-2727\" src=\"https:\/\/www.powerforevercharger.com\/wp-content\/uploads\/2024\/09\/\u56fe\u72471-11.png\" alt=\"\" width=\"73\" height=\"70\" srcset=\"https:\/\/www.powerforevercharger.com\/wp-content\/uploads\/2024\/09\/\u56fe\u72471-11.png 271w, https:\/\/www.powerforevercharger.com\/wp-content\/uploads\/2024\/09\/\u56fe\u72471-11-13x12.png 13w\" sizes=\"(max-width: 73px) 100vw, 73px\" \/><\/td>\n<td width=\"408\">Luz roja intermitente: \u226490%<br \/>\nLuz verde intermitente: \u226590%<br \/>\nLa luz verde est\u00e1 siempre encendida: 100%<\/td>\n<td width=\"313\">Indicador LED Tipo2<br \/>\n<img decoding=\"async\" class=\"alignnone wp-image-2726\" src=\"https:\/\/www.powerforevercharger.com\/wp-content\/uploads\/2024\/09\/\u56fe\u72471-10.png\" alt=\"\" width=\"71\" height=\"70\" srcset=\"https:\/\/www.powerforevercharger.com\/wp-content\/uploads\/2024\/09\/\u56fe\u72471-10.png 196w, https:\/\/www.powerforevercharger.com\/wp-content\/uploads\/2024\/09\/\u56fe\u72471-10-150x150.png 150w, https:\/\/www.powerforevercharger.com\/wp-content\/uploads\/2024\/09\/\u56fe\u72471-10-12x12.png 12w, https:\/\/www.powerforevercharger.com\/wp-content\/uploads\/2024\/09\/\u56fe\u72471-10-100x100.png 100w, https:\/\/www.powerforevercharger.com\/wp-content\/uploads\/2024\/09\/\u56fe\u72471-10-50x50.png 50w\" sizes=\"(max-width: 71px) 100vw, 71px\" \/><\/td>\n<td width=\"417\">Luz roja intermitente: \u226480%<br \/>\nLuz amarilla intermitente: \u226580%<br \/>\nLuz verde intermitente: \u2248100%<br \/>\nLa luz verde est\u00e1 siempre encendida: 100%<\/td>\n<\/tr>\n<tr>\n<td width=\"255\">Protecci\u00f3n:<\/td>\n<td colspan=\"3\" width=\"1138\">1.Protecci\u00f3n contra quemaduras,<br \/>\n2.Protecci\u00f3n contra la conexi\u00f3n inversa de las bater\u00edas<br \/>\n3.Protecci\u00f3n sin carga<br \/>\n4.Protecci\u00f3n contra cortocircuitos<br \/>\n5.Apagado autom\u00e1tico cuando est\u00e1 completamente cargada<\/td>\n<\/tr>\n<tr>\n<td width=\"255\">Paquete<\/td>\n<td colspan=\"3\" width=\"1138\">12 unidades por caja\uff1bTama\u00f1o interior de la caja:250*140*110mm<br \/>\nTama\u00f1o exterior de la caja:538*348*310mm;0.058CBM\/Cart\u00f3n<\/td>\n<\/tr>\n<tr>\n<td width=\"255\">Aplicaci\u00f3n<\/td>\n<td colspan=\"3\" width=\"1138\">Es adecuado para bater\u00edas de plomo-\u00e1cido inundadas, bater\u00edas de plomo-\u00e1cido selladas, bater\u00edas de litio, bater\u00edas NI-MH, bater\u00edas de n\u00edquel-cadmio, etc.<\/td>\n<\/tr>\n<\/tbody>\n<\/table>\n<p><img fetchpriority=\"high\" decoding=\"async\" class=\"alignnone size-full wp-image-4570\" src=\"https:\/\/www.powerforevercharger.com\/wp-content\/uploads\/2024\/09\/overview-\u6587\u5b57\u4e0b\u9762\u7684\u56fe\u72478-5.jpg\" alt=\"\" width=\"2000\" height=\"2000\" srcset=\"https:\/\/www.powerforevercharger.com\/wp-content\/uploads\/2024\/09\/overview-\u6587\u5b57\u4e0b\u9762\u7684\u56fe\u72478-5.jpg 2000w, https:\/\/www.powerforevercharger.com\/wp-content\/uploads\/2024\/09\/overview-\u6587\u5b57\u4e0b\u9762\u7684\u56fe\u72478-5-300x300.jpg 300w, https:\/\/www.powerforevercharger.com\/wp-content\/uploads\/2024\/09\/overview-\u6587\u5b57\u4e0b\u9762\u7684\u56fe\u72478-5-1024x1024.jpg 1024w, https:\/\/www.powerforevercharger.com\/wp-content\/uploads\/2024\/09\/overview-\u6587\u5b57\u4e0b\u9762\u7684\u56fe\u72478-5-150x150.jpg 150w, https:\/\/www.powerforevercharger.com\/wp-content\/uploads\/2024\/09\/overview-\u6587\u5b57\u4e0b\u9762\u7684\u56fe\u72478-5-768x768.jpg 768w, https:\/\/www.powerforevercharger.com\/wp-content\/uploads\/2024\/09\/overview-\u6587\u5b57\u4e0b\u9762\u7684\u56fe\u72478-5-1536x1536.jpg 1536w, https:\/\/www.powerforevercharger.com\/wp-content\/uploads\/2024\/09\/overview-\u6587\u5b57\u4e0b\u9762\u7684\u56fe\u72478-5-12x12.jpg 12w, https:\/\/www.powerforevercharger.com\/wp-content\/uploads\/2024\/09\/overview-\u6587\u5b57\u4e0b\u9762\u7684\u56fe\u72478-5-600x600.jpg 600w, https:\/\/www.powerforevercharger.com\/wp-content\/uploads\/2024\/09\/overview-\u6587\u5b57\u4e0b\u9762\u7684\u56fe\u72478-5-100x100.jpg 100w, https:\/\/www.powerforevercharger.com\/wp-content\/uploads\/2024\/09\/overview-\u6587\u5b57\u4e0b\u9762\u7684\u56fe\u72478-5-50x50.jpg 50w\" sizes=\"(max-width: 2000px) 100vw, 2000px\" \/><\/p>","protected":false},"excerpt":{"rendered":"<p>The QA450A series charger is a low-power waterproof fully sealed waterproof charger developed according to customer needs. The maximum power of this series of products is 450W. The shell is an integrated die-cast aluminum shell, without a top cover, equipped with a small metal handle, the overall small and exquisite, mainly silver. The waterproof charger [&hellip;]<\/p>","protected":false},"featured_media":4551,"comment_status":"open","ping_status":"closed","template":"","meta":{"_acf_changed":false},"product_cat":[25],"product_tag":[],"class_list":{"0":"post-4550","1":"product","2":"type-product","3":"status-publish","4":"has-post-thumbnail","6":"product_cat-waterproof-charger","8":"first","9":"instock","10":"shipping-taxable","11":"product-type-simple"},"acf":[],"yoast_head":"<!-- This site is optimized with the Yoast SEO plugin v20.11 - https:\/\/yoast.com\/wordpress\/plugins\/seo\/ -->\n<title>450W IP67 Waerproof Battery Charger - HEIFEI POWER<\/title>\n<meta name=\"robots\" content=\"index, follow, max-snippet:-1, max-image-preview:large, max-video-preview:-1\" \/>\n<link rel=\"canonical\" href=\"https:\/\/www.powerforevercharger.com\/es\/producto\/220v-aluminum-full-sealed-smart-battery-charger-12v-24v-36v48v-for-electric-floor-scrubber-lithium-lifepo4-battery-lead-acid-battery\/\" \/>\n<meta property=\"og:locale\" content=\"es_ES\" \/>\n<meta property=\"og:type\" content=\"article\" \/>\n<meta property=\"og:title\" content=\"450W IP67 Waerproof Battery Charger - HEIFEI POWER\" \/>\n<meta property=\"og:description\" content=\"The QA450A series charger is a low-power waterproof fully sealed waterproof charger developed according to customer needs. The maximum power of this series of products is 450W. The shell is an integrated die-cast aluminum shell, without a top cover, equipped with a small metal handle, the overall small and exquisite, mainly silver. The waterproof charger [&hellip;]\" \/>\n<meta property=\"og:url\" content=\"https:\/\/www.powerforevercharger.com\/es\/producto\/220v-aluminum-full-sealed-smart-battery-charger-12v-24v-36v48v-for-electric-floor-scrubber-lithium-lifepo4-battery-lead-acid-battery\/\" \/>\n<meta property=\"og:site_name\" content=\"HEIFEI POWER\" \/>\n<meta property=\"article:modified_time\" content=\"2026-04-29T06:27:50+00:00\" \/>\n<meta property=\"og:image\" content=\"https:\/\/www.powerforevercharger.com\/wp-content\/uploads\/2024\/09\/1\u4e3b-30.jpg\" \/>\n\t<meta property=\"og:image:width\" content=\"2000\" \/>\n\t<meta property=\"og:image:height\" content=\"2000\" \/>\n\t<meta property=\"og:image:type\" content=\"image\/jpeg\" \/>\n<meta name=\"twitter:card\" content=\"summary_large_image\" \/>\n<meta name=\"twitter:label1\" content=\"Tiempo de lectura\" \/>\n\t<meta name=\"twitter:data1\" content=\"3 minutos\" \/>\n<script type=\"application\/ld+json\" class=\"yoast-schema-graph\">{\"@context\":\"https:\/\/schema.org\",\"@graph\":[{\"@type\":\"WebPage\",\"@id\":\"https:\/\/www.powerforevercharger.com\/product\/220v-aluminum-full-sealed-smart-battery-charger-12v-24v-36v48v-for-electric-floor-scrubber-lithium-lifepo4-battery-lead-acid-battery\/\",\"url\":\"https:\/\/www.powerforevercharger.com\/product\/220v-aluminum-full-sealed-smart-battery-charger-12v-24v-36v48v-for-electric-floor-scrubber-lithium-lifepo4-battery-lead-acid-battery\/\",\"name\":\"450W IP67 Waerproof Battery Charger - HEIFEI POWER\",\"isPartOf\":{\"@id\":\"https:\/\/www.powerforevercharger.com\/es\/#website\"},\"datePublished\":\"2024-09-05T07:49:10+00:00\",\"dateModified\":\"2026-04-29T06:27:50+00:00\",\"breadcrumb\":{\"@id\":\"https:\/\/www.powerforevercharger.com\/product\/220v-aluminum-full-sealed-smart-battery-charger-12v-24v-36v48v-for-electric-floor-scrubber-lithium-lifepo4-battery-lead-acid-battery\/#breadcrumb\"},\"inLanguage\":\"es\",\"potentialAction\":[{\"@type\":\"ReadAction\",\"target\":[\"https:\/\/www.powerforevercharger.com\/product\/220v-aluminum-full-sealed-smart-battery-charger-12v-24v-36v48v-for-electric-floor-scrubber-lithium-lifepo4-battery-lead-acid-battery\/\"]}]},{\"@type\":\"BreadcrumbList\",\"@id\":\"https:\/\/www.powerforevercharger.com\/product\/220v-aluminum-full-sealed-smart-battery-charger-12v-24v-36v48v-for-electric-floor-scrubber-lithium-lifepo4-battery-lead-acid-battery\/#breadcrumb\",\"itemListElement\":[{\"@type\":\"ListItem\",\"position\":1,\"name\":\"\u9996\u9875\",\"item\":\"https:\/\/www.powerforevercharger.com\/\"},{\"@type\":\"ListItem\",\"position\":2,\"name\":\"Shop\",\"item\":\"https:\/\/www.powerforevercharger.com\/es\/shop\/\"},{\"@type\":\"ListItem\",\"position\":3,\"name\":\"450W IP67 Waerproof Battery Charger\"}]},{\"@type\":\"WebSite\",\"@id\":\"https:\/\/www.powerforevercharger.com\/es\/#website\",\"url\":\"https:\/\/www.powerforevercharger.com\/es\/\",\"name\":\"HEIFEI POWER\",\"description\":\"\",\"publisher\":{\"@id\":\"https:\/\/www.powerforevercharger.com\/es\/#organization\"},\"potentialAction\":[{\"@type\":\"SearchAction\",\"target\":{\"@type\":\"EntryPoint\",\"urlTemplate\":\"https:\/\/www.powerforevercharger.com\/es\/?s={search_term_string}\"},\"query-input\":\"required name=search_term_string\"}],\"inLanguage\":\"es\"},{\"@type\":\"Organization\",\"@id\":\"https:\/\/www.powerforevercharger.com\/es\/#organization\",\"name\":\"HEIFEI POWER\",\"url\":\"https:\/\/www.powerforevercharger.com\/es\/\",\"logo\":{\"@type\":\"ImageObject\",\"inLanguage\":\"es\",\"@id\":\"https:\/\/www.powerforevercharger.com\/es\/#\/schema\/logo\/image\/\",\"url\":\"https:\/\/www.powerforevercharger.com\/wp-content\/uploads\/2024\/05\/logoNws2.png\",\"contentUrl\":\"https:\/\/www.powerforevercharger.com\/wp-content\/uploads\/2024\/05\/logoNws2.png\",\"width\":258,\"height\":100,\"caption\":\"HEIFEI POWER\"},\"image\":{\"@id\":\"https:\/\/www.powerforevercharger.com\/es\/#\/schema\/logo\/image\/\"}}]}<\/script>\n<!-- \/ Yoast SEO plugin. -->","yoast_head_json":{"title":"450W IP67 Waerproof Battery Charger - HEIFEI POWER","robots":{"index":"index","follow":"follow","max-snippet":"max-snippet:-1","max-image-preview":"max-image-preview:large","max-video-preview":"max-video-preview:-1"},"canonical":"https:\/\/www.powerforevercharger.com\/es\/producto\/220v-aluminum-full-sealed-smart-battery-charger-12v-24v-36v48v-for-electric-floor-scrubber-lithium-lifepo4-battery-lead-acid-battery\/","og_locale":"es_ES","og_type":"article","og_title":"450W IP67 Waerproof Battery Charger - HEIFEI POWER","og_description":"The QA450A series charger is a low-power waterproof fully sealed waterproof charger developed according to customer needs. The maximum power of this series of products is 450W. The shell is an integrated die-cast aluminum shell, without a top cover, equipped with a small metal handle, the overall small and exquisite, mainly silver. The waterproof charger [&hellip;]","og_url":"https:\/\/www.powerforevercharger.com\/es\/producto\/220v-aluminum-full-sealed-smart-battery-charger-12v-24v-36v48v-for-electric-floor-scrubber-lithium-lifepo4-battery-lead-acid-battery\/","og_site_name":"HEIFEI POWER","article_modified_time":"2026-04-29T06:27:50+00:00","og_image":[{"width":2000,"height":2000,"url":"https:\/\/www.powerforevercharger.com\/wp-content\/uploads\/2024\/09\/1\u4e3b-30.jpg","type":"image\/jpeg"}],"twitter_card":"summary_large_image","twitter_misc":{"Tiempo de lectura":"3 minutos"},"schema":{"@context":"https:\/\/schema.org","@graph":[{"@type":"WebPage","@id":"https:\/\/www.powerforevercharger.com\/product\/220v-aluminum-full-sealed-smart-battery-charger-12v-24v-36v48v-for-electric-floor-scrubber-lithium-lifepo4-battery-lead-acid-battery\/","url":"https:\/\/www.powerforevercharger.com\/product\/220v-aluminum-full-sealed-smart-battery-charger-12v-24v-36v48v-for-electric-floor-scrubber-lithium-lifepo4-battery-lead-acid-battery\/","name":"450W IP67 Waerproof Battery Charger - HEIFEI POWER","isPartOf":{"@id":"https:\/\/www.powerforevercharger.com\/es\/#website"},"datePublished":"2024-09-05T07:49:10+00:00","dateModified":"2026-04-29T06:27:50+00:00","breadcrumb":{"@id":"https:\/\/www.powerforevercharger.com\/product\/220v-aluminum-full-sealed-smart-battery-charger-12v-24v-36v48v-for-electric-floor-scrubber-lithium-lifepo4-battery-lead-acid-battery\/#breadcrumb"},"inLanguage":"es","potentialAction":[{"@type":"ReadAction","target":["https:\/\/www.powerforevercharger.com\/product\/220v-aluminum-full-sealed-smart-battery-charger-12v-24v-36v48v-for-electric-floor-scrubber-lithium-lifepo4-battery-lead-acid-battery\/"]}]},{"@type":"BreadcrumbList","@id":"https:\/\/www.powerforevercharger.com\/product\/220v-aluminum-full-sealed-smart-battery-charger-12v-24v-36v48v-for-electric-floor-scrubber-lithium-lifepo4-battery-lead-acid-battery\/#breadcrumb","itemListElement":[{"@type":"ListItem","position":1,"name":"\u9996\u9875","item":"https:\/\/www.powerforevercharger.com\/"},{"@type":"ListItem","position":2,"name":"Shop","item":"https:\/\/www.powerforevercharger.com\/es\/shop\/"},{"@type":"ListItem","position":3,"name":"450W IP67 Waerproof Battery Charger"}]},{"@type":"WebSite","@id":"https:\/\/www.powerforevercharger.com\/es\/#website","url":"https:\/\/www.powerforevercharger.com\/es\/","name":"HEIFEI POWER","description":"","publisher":{"@id":"https:\/\/www.powerforevercharger.com\/es\/#organization"},"potentialAction":[{"@type":"SearchAction","target":{"@type":"EntryPoint","urlTemplate":"https:\/\/www.powerforevercharger.com\/es\/?s={search_term_string}"},"query-input":"required name=search_term_string"}],"inLanguage":"es"},{"@type":"Organization","@id":"https:\/\/www.powerforevercharger.com\/es\/#organization","name":"HEIFEI POWER","url":"https:\/\/www.powerforevercharger.com\/es\/","logo":{"@type":"ImageObject","inLanguage":"es","@id":"https:\/\/www.powerforevercharger.com\/es\/#\/schema\/logo\/image\/","url":"https:\/\/www.powerforevercharger.com\/wp-content\/uploads\/2024\/05\/logoNws2.png","contentUrl":"https:\/\/www.powerforevercharger.com\/wp-content\/uploads\/2024\/05\/logoNws2.png","width":258,"height":100,"caption":"HEIFEI POWER"},"image":{"@id":"https:\/\/www.powerforevercharger.com\/es\/#\/schema\/logo\/image\/"}}]}},"_links":{"self":[{"href":"https:\/\/www.powerforevercharger.com\/es\/wp-json\/wp\/v2\/product\/4550","targetHints":{"allow":["GET"]}}],"collection":[{"href":"https:\/\/www.powerforevercharger.com\/es\/wp-json\/wp\/v2\/product"}],"about":[{"href":"https:\/\/www.powerforevercharger.com\/es\/wp-json\/wp\/v2\/types\/product"}],"replies":[{"embeddable":true,"href":"https:\/\/www.powerforevercharger.com\/es\/wp-json\/wp\/v2\/comments?post=4550"}],"version-history":[{"count":6,"href":"https:\/\/www.powerforevercharger.com\/es\/wp-json\/wp\/v2\/product\/4550\/revisions"}],"predecessor-version":[{"id":5530,"href":"https:\/\/www.powerforevercharger.com\/es\/wp-json\/wp\/v2\/product\/4550\/revisions\/5530"}],"wp:featuredmedia":[{"embeddable":true,"href":"https:\/\/www.powerforevercharger.com\/es\/wp-json\/wp\/v2\/media\/4551"}],"wp:attachment":[{"href":"https:\/\/www.powerforevercharger.com\/es\/wp-json\/wp\/v2\/media?parent=4550"}],"wp:term":[{"taxonomy":"product_cat","embeddable":true,"href":"https:\/\/www.powerforevercharger.com\/es\/wp-json\/wp\/v2\/product_cat?post=4550"},{"taxonomy":"product_tag","embeddable":true,"href":"https:\/\/www.powerforevercharger.com\/es\/wp-json\/wp\/v2\/product_tag?post=4550"}],"curies":[{"name":"wp","href":"https:\/\/api.w.org\/{rel}","templated":true}]}}