{"id":4894,"date":"2024-09-05T17:07:33","date_gmt":"2024-09-05T09:07:33","guid":{"rendered":"https:\/\/www.powerforevercharger.com\/?post_type=product&#038;p=4894"},"modified":"2024-09-05T22:30:45","modified_gmt":"2024-09-05T14:30:45","slug":"customized-110v-120v-14-6v-15a-29-2v-10a-43-8v-06a-58-4v-05a-portable-lifepo4-waterproof-battery-charger-ac-to-dc-chargers","status":"publish","type":"product","link":"https:\/\/www.powerforevercharger.com\/es\/producto\/customized-110v-120v-14-6v-15a-29-2v-10a-43-8v-06a-58-4v-05a-portable-lifepo4-waterproof-battery-charger-ac-to-dc-chargers\/","title":{"rendered":"Personalizado 110V 120V 14.6V 15A 29.2V 10A 43.8V 06A 58.4V 05A Cargador de bater\u00eda impermeable port\u00e1til Lifepo4 Cargadores de CA a CC"},"content":{"rendered":"<p>La carcasa del producto adopta una estructura de sellado integrada de aluminio extruido. El ventilador de refrigeraci\u00f3n activa adopta un dise\u00f1o de estructura de encapsulado para garantizar una larga vida \u00fatil. La fiabilidad de la ingenier\u00eda de producto y los a\u00f1os de validaci\u00f3n industrial hacen que el cargador sea adecuado para su uso en entornos dif\u00edciles.<\/p>\n<p>Este cargador utiliza tecnolog\u00eda de aluminio fundido a presi\u00f3n y tiene orificios de montaje. Puede utilizarse como cargador de coche. Su interior utiliza tecnolog\u00eda de relleno de pegamento para lograr efectos impermeables, a prueba de polvo y a prueba de golpes. El nivel de impermeabilidad es IP65.<\/p>\n<p>Este cargador tiene una arquitectura de circuito flyback y no es adecuado para productos con alta tensi\u00f3n de salida.Tiene un circuito de fuente de alimentaci\u00f3n auxiliar con baja tensi\u00f3n de arranque de salida, un circuito anti-vuelco del coche, y sin funci\u00f3n de correcci\u00f3n del factor de potencia PFC. Este modelo tiene una entrada de tensi\u00f3n amplia.<\/p>\n<p>Este cargador est\u00e1 dise\u00f1ado con m\u00faltiples funciones de seguridad, como protecci\u00f3n contra sobrecarga, protecci\u00f3n contra cortocircuitos y protecci\u00f3n contra polaridad inversa, para evitar cualquier da\u00f1o a la bater\u00eda o al propio cargador. El cargador tambi\u00e9n est\u00e1 dise\u00f1ado para detectar autom\u00e1ticamente el nivel de carga de la bater\u00eda y ajustar la velocidad de carga en consecuencia, lo que garantiza una carga segura y eficiente en todo momento.<\/p>\n<table style=\"width: 100.841%; height: 637px;\" width=\"1398\">\n<tbody>\n<tr>\n<td width=\"298\">Modelo\uff1a<\/td>\n<td width=\"423\">QA300A<\/td>\n<td width=\"303\">Shell:<\/td>\n<td width=\"373\">Alumiunim<\/td>\n<\/tr>\n<tr>\n<td width=\"298\">Entrada CA:<\/td>\n<td width=\"423\">100-120VAC;45-65Hz<\/td>\n<td width=\"303\">Tama\u00f1o:<\/td>\n<td width=\"373\">152*118*62,5 mm 5,98*4,65*2,46 pulgadas<\/td>\n<\/tr>\n<tr>\n<td width=\"298\">Corriente de entrada m\u00e1x:<\/td>\n<td>\u22644A@100-120VAC;<\/td>\n<td width=\"303\">Peso\uff1a<\/td>\n<td width=\"373\">1,3 kg<\/td>\n<\/tr>\n<tr>\n<td width=\"298\">Eficiencia m\u00e1xima:<\/td>\n<td width=\"423\">\u226589.0%<\/td>\n<td width=\"303\">Impermeable:<\/td>\n<td width=\"373\">IP65<\/td>\n<\/tr>\n<tr>\n<td width=\"298\">Ruido:<\/td>\n<td width=\"423\">\u226445dB<\/td>\n<td width=\"303\">Temperatura de funcionamiento\uff1a<\/td>\n<td width=\"373\">-30\u2103~65\u2103<\/td>\n<\/tr>\n<tr>\n<td width=\"298\">Color disponible:<\/td>\n<td width=\"423\">Plata, rojo, azul.<br \/>\notros colores personalizables<\/td>\n<td width=\"303\">Temperatura de almacenamiento:<\/td>\n<td width=\"373\">-40\u2103~95\u2103<\/td>\n<\/tr>\n<tr>\n<td width=\"298\">Modo de control:<\/td>\n<td width=\"423\">Chip de control digital independiente e inteligente<\/td>\n<td width=\"303\">Garant\u00eda:<\/td>\n<td width=\"373\">2 a\u00f1os<\/td>\n<\/tr>\n<tr>\n<td width=\"298\">Indicador LED Tipo 1:<\/p>\n<p><img decoding=\"async\" class=\"alignnone  wp-image-2727\" src=\"https:\/\/www.powerforevercharger.com\/wp-content\/uploads\/2024\/09\/\u56fe\u72471-11.png\" alt=\"\" width=\"70\" height=\"67\" srcset=\"https:\/\/www.powerforevercharger.com\/wp-content\/uploads\/2024\/09\/\u56fe\u72471-11.png 271w, https:\/\/www.powerforevercharger.com\/wp-content\/uploads\/2024\/09\/\u56fe\u72471-11-13x12.png 13w\" sizes=\"(max-width: 70px) 100vw, 70px\" \/><\/td>\n<td width=\"423\">Luz roja intermitente: \u226490%<br \/>\nLuz verde intermitente: \u226590%<br \/>\nLa luz verde est\u00e1 siempre encendida: 100%<\/td>\n<td width=\"303\">Indicador LED Tipo 2:<\/p>\n<p><img decoding=\"async\" class=\"alignnone  wp-image-2726\" src=\"https:\/\/www.powerforevercharger.com\/wp-content\/uploads\/2024\/09\/\u56fe\u72471-10.png\" alt=\"\" width=\"72\" height=\"71\" srcset=\"https:\/\/www.powerforevercharger.com\/wp-content\/uploads\/2024\/09\/\u56fe\u72471-10.png 196w, https:\/\/www.powerforevercharger.com\/wp-content\/uploads\/2024\/09\/\u56fe\u72471-10-150x150.png 150w, https:\/\/www.powerforevercharger.com\/wp-content\/uploads\/2024\/09\/\u56fe\u72471-10-12x12.png 12w, https:\/\/www.powerforevercharger.com\/wp-content\/uploads\/2024\/09\/\u56fe\u72471-10-100x100.png 100w, https:\/\/www.powerforevercharger.com\/wp-content\/uploads\/2024\/09\/\u56fe\u72471-10-50x50.png 50w\" sizes=\"(max-width: 72px) 100vw, 72px\" \/><\/td>\n<td width=\"373\">Luz roja intermitente: \u226480%<br \/>\nLuz amarilla intermitente: \u226580%<br \/>\nLuz verde intermitente: \u2248100%<br \/>\nLa luz verde est\u00e1 siempre encendida: 100%<\/td>\n<\/tr>\n<tr>\n<td width=\"298\">Factor de potencia:<\/td>\n<td width=\"423\">\u22650.99<\/td>\n<td width=\"303\">MOQ:<\/td>\n<td width=\"373\">12 unidades<\/td>\n<\/tr>\n<tr>\n<td width=\"298\">Curva de carga Personalizada:<\/td>\n<td>S\u00ed (precarga, apagado autom\u00e1tico, protecci\u00f3n contra sobrecarga, etc.).<\/td>\n<td><\/td>\n<td><\/td>\n<\/tr>\n<tr>\n<td width=\"298\">Protecci\u00f3n:<\/td>\n<td colspan=\"3\" width=\"1099\">1.Protecci\u00f3n contra quemaduras,<br \/>\n2.Protecci\u00f3n contra la conexi\u00f3n inversa de las bater\u00edas<br \/>\n3.Protecci\u00f3n sin carga<br \/>\n4.Protecci\u00f3n contra cortocircuitos<br \/>\n5.Apagado autom\u00e1tico cuando est\u00e1 completamente cargada<\/td>\n<\/tr>\n<tr>\n<td width=\"298\">Paquete:<\/td>\n<td colspan=\"3\" width=\"1099\">12 unidades por caja; Caja de cart\u00f3n individual interior (con espuma): 250*140*110mm<br \/>\nDimensiones exteriores de la caja:538*348*310mm<\/td>\n<\/tr>\n<tr>\n<td width=\"298\">Aplicaciones:<\/td>\n<td colspan=\"3\" width=\"1099\">Es adecuado para bater\u00edas de plomo-\u00e1cido inundadas, bater\u00edas de plomo-\u00e1cido selladas, bater\u00edas de litio, bater\u00edas NI-MH, bater\u00edas de n\u00edquel-cadmio, etc.<\/td>\n<\/tr>\n<\/tbody>\n<\/table>\n<p><img fetchpriority=\"high\" decoding=\"async\" class=\"alignnone size-full wp-image-4913\" src=\"https:\/\/www.powerforevercharger.com\/wp-content\/uploads\/2024\/09\/Over-view-\u6587\u5b57\u4e0b\u9762\u7684\u56fe\u7247-71.jpg\" alt=\"\" width=\"2000\" height=\"2000\" srcset=\"https:\/\/www.powerforevercharger.com\/wp-content\/uploads\/2024\/09\/Over-view-\u6587\u5b57\u4e0b\u9762\u7684\u56fe\u7247-71.jpg 2000w, https:\/\/www.powerforevercharger.com\/wp-content\/uploads\/2024\/09\/Over-view-\u6587\u5b57\u4e0b\u9762\u7684\u56fe\u7247-71-300x300.jpg 300w, https:\/\/www.powerforevercharger.com\/wp-content\/uploads\/2024\/09\/Over-view-\u6587\u5b57\u4e0b\u9762\u7684\u56fe\u7247-71-1024x1024.jpg 1024w, https:\/\/www.powerforevercharger.com\/wp-content\/uploads\/2024\/09\/Over-view-\u6587\u5b57\u4e0b\u9762\u7684\u56fe\u7247-71-150x150.jpg 150w, https:\/\/www.powerforevercharger.com\/wp-content\/uploads\/2024\/09\/Over-view-\u6587\u5b57\u4e0b\u9762\u7684\u56fe\u7247-71-768x768.jpg 768w, https:\/\/www.powerforevercharger.com\/wp-content\/uploads\/2024\/09\/Over-view-\u6587\u5b57\u4e0b\u9762\u7684\u56fe\u7247-71-1536x1536.jpg 1536w, https:\/\/www.powerforevercharger.com\/wp-content\/uploads\/2024\/09\/Over-view-\u6587\u5b57\u4e0b\u9762\u7684\u56fe\u7247-71-12x12.jpg 12w, https:\/\/www.powerforevercharger.com\/wp-content\/uploads\/2024\/09\/Over-view-\u6587\u5b57\u4e0b\u9762\u7684\u56fe\u7247-71-600x600.jpg 600w, https:\/\/www.powerforevercharger.com\/wp-content\/uploads\/2024\/09\/Over-view-\u6587\u5b57\u4e0b\u9762\u7684\u56fe\u7247-71-100x100.jpg 100w, https:\/\/www.powerforevercharger.com\/wp-content\/uploads\/2024\/09\/Over-view-\u6587\u5b57\u4e0b\u9762\u7684\u56fe\u7247-71-50x50.jpg 50w\" sizes=\"(max-width: 2000px) 100vw, 2000px\" \/><\/p>","protected":false},"excerpt":{"rendered":"<p>The product shell adopts integrated extruded aluminum sealing structure, The active cooling fan adopts potting structure design to ensure long service life.\u00a0Reliable product engineering and years of industry validation make the charger suitable for use in harsh environments. This\u00a0charger uses die-cast aluminum technology and has mounting holes. It can be used as a car charger. [&hellip;]<\/p>","protected":false},"featured_media":4895,"comment_status":"open","ping_status":"closed","template":"","meta":{"_acf_changed":false},"product_cat":[25],"product_tag":[],"class_list":{"0":"post-4894","1":"product","2":"type-product","3":"status-publish","4":"has-post-thumbnail","6":"product_cat-waterproof-charger","8":"first","9":"instock","10":"shipping-taxable","11":"product-type-simple"},"acf":[],"yoast_head":"<!-- This site is optimized with the Yoast SEO plugin v20.11 - https:\/\/yoast.com\/wordpress\/plugins\/seo\/ -->\n<title>Customized 110V 120V 14.6V 15A 29.2V 10A 43.8V 06A 58.4V 05A Portable Lifepo4 Waterproof Battery Charger AC to DC Chargers - HEIFEI POWER<\/title>\n<meta name=\"robots\" content=\"index, follow, max-snippet:-1, max-image-preview:large, max-video-preview:-1\" \/>\n<link rel=\"canonical\" href=\"https:\/\/www.powerforevercharger.com\/es\/producto\/customized-110v-120v-14-6v-15a-29-2v-10a-43-8v-06a-58-4v-05a-portable-lifepo4-waterproof-battery-charger-ac-to-dc-chargers\/\" \/>\n<meta property=\"og:locale\" content=\"es_ES\" \/>\n<meta property=\"og:type\" content=\"article\" \/>\n<meta property=\"og:title\" content=\"Customized 110V 120V 14.6V 15A 29.2V 10A 43.8V 06A 58.4V 05A Portable Lifepo4 Waterproof Battery Charger AC to DC Chargers - HEIFEI POWER\" \/>\n<meta property=\"og:description\" content=\"The product shell adopts integrated extruded aluminum sealing structure, The active cooling fan adopts potting structure design to ensure long service life.\u00a0Reliable product engineering and years of industry validation make the charger suitable for use in harsh environments. This\u00a0charger uses die-cast aluminum technology and has mounting holes. It can be used as a car charger. [&hellip;]\" \/>\n<meta property=\"og:url\" content=\"https:\/\/www.powerforevercharger.com\/es\/producto\/customized-110v-120v-14-6v-15a-29-2v-10a-43-8v-06a-58-4v-05a-portable-lifepo4-waterproof-battery-charger-ac-to-dc-chargers\/\" \/>\n<meta property=\"og:site_name\" content=\"HEIFEI POWER\" \/>\n<meta property=\"article:modified_time\" content=\"2024-09-05T14:30:45+00:00\" \/>\n<meta property=\"og:image\" content=\"https:\/\/www.powerforevercharger.com\/wp-content\/uploads\/2024\/09\/1\u4e3b\u56fe1-47.jpg\" \/>\n\t<meta property=\"og:image:width\" content=\"2000\" \/>\n\t<meta property=\"og:image:height\" content=\"2000\" \/>\n\t<meta property=\"og:image:type\" content=\"image\/jpeg\" \/>\n<meta name=\"twitter:card\" content=\"summary_large_image\" \/>\n<meta name=\"twitter:label1\" content=\"Tiempo de lectura\" \/>\n\t<meta name=\"twitter:data1\" content=\"2 minutos\" \/>\n<script type=\"application\/ld+json\" class=\"yoast-schema-graph\">{\"@context\":\"https:\/\/schema.org\",\"@graph\":[{\"@type\":\"WebPage\",\"@id\":\"https:\/\/www.powerforevercharger.com\/product\/customized-110v-120v-14-6v-15a-29-2v-10a-43-8v-06a-58-4v-05a-portable-lifepo4-waterproof-battery-charger-ac-to-dc-chargers\/\",\"url\":\"https:\/\/www.powerforevercharger.com\/product\/customized-110v-120v-14-6v-15a-29-2v-10a-43-8v-06a-58-4v-05a-portable-lifepo4-waterproof-battery-charger-ac-to-dc-chargers\/\",\"name\":\"Customized 110V 120V 14.6V 15A 29.2V 10A 43.8V 06A 58.4V 05A Portable Lifepo4 Waterproof Battery Charger AC to DC Chargers - HEIFEI POWER\",\"isPartOf\":{\"@id\":\"https:\/\/www.powerforevercharger.com\/es\/#website\"},\"datePublished\":\"2024-09-05T09:07:33+00:00\",\"dateModified\":\"2024-09-05T14:30:45+00:00\",\"breadcrumb\":{\"@id\":\"https:\/\/www.powerforevercharger.com\/product\/customized-110v-120v-14-6v-15a-29-2v-10a-43-8v-06a-58-4v-05a-portable-lifepo4-waterproof-battery-charger-ac-to-dc-chargers\/#breadcrumb\"},\"inLanguage\":\"es\",\"potentialAction\":[{\"@type\":\"ReadAction\",\"target\":[\"https:\/\/www.powerforevercharger.com\/product\/customized-110v-120v-14-6v-15a-29-2v-10a-43-8v-06a-58-4v-05a-portable-lifepo4-waterproof-battery-charger-ac-to-dc-chargers\/\"]}]},{\"@type\":\"BreadcrumbList\",\"@id\":\"https:\/\/www.powerforevercharger.com\/product\/customized-110v-120v-14-6v-15a-29-2v-10a-43-8v-06a-58-4v-05a-portable-lifepo4-waterproof-battery-charger-ac-to-dc-chargers\/#breadcrumb\",\"itemListElement\":[{\"@type\":\"ListItem\",\"position\":1,\"name\":\"\u9996\u9875\",\"item\":\"https:\/\/www.powerforevercharger.com\/\"},{\"@type\":\"ListItem\",\"position\":2,\"name\":\"Shop\",\"item\":\"https:\/\/www.powerforevercharger.com\/es\/shop\/\"},{\"@type\":\"ListItem\",\"position\":3,\"name\":\"Customized 110V 120V 14.6V 15A 29.2V 10A 43.8V 06A 58.4V 05A Portable Lifepo4 Waterproof Battery Charger AC to DC Chargers\"}]},{\"@type\":\"WebSite\",\"@id\":\"https:\/\/www.powerforevercharger.com\/es\/#website\",\"url\":\"https:\/\/www.powerforevercharger.com\/es\/\",\"name\":\"HEIFEI POWER\",\"description\":\"\",\"publisher\":{\"@id\":\"https:\/\/www.powerforevercharger.com\/es\/#organization\"},\"potentialAction\":[{\"@type\":\"SearchAction\",\"target\":{\"@type\":\"EntryPoint\",\"urlTemplate\":\"https:\/\/www.powerforevercharger.com\/es\/?s={search_term_string}\"},\"query-input\":\"required name=search_term_string\"}],\"inLanguage\":\"es\"},{\"@type\":\"Organization\",\"@id\":\"https:\/\/www.powerforevercharger.com\/es\/#organization\",\"name\":\"HEIFEI POWER\",\"url\":\"https:\/\/www.powerforevercharger.com\/es\/\",\"logo\":{\"@type\":\"ImageObject\",\"inLanguage\":\"es\",\"@id\":\"https:\/\/www.powerforevercharger.com\/es\/#\/schema\/logo\/image\/\",\"url\":\"https:\/\/www.powerforevercharger.com\/wp-content\/uploads\/2024\/05\/logoNws2.png\",\"contentUrl\":\"https:\/\/www.powerforevercharger.com\/wp-content\/uploads\/2024\/05\/logoNws2.png\",\"width\":258,\"height\":100,\"caption\":\"HEIFEI POWER\"},\"image\":{\"@id\":\"https:\/\/www.powerforevercharger.com\/es\/#\/schema\/logo\/image\/\"}}]}<\/script>\n<!-- \/ Yoast SEO plugin. -->","yoast_head_json":{"title":"Customized 110V 120V 14.6V 15A 29.2V 10A 43.8V 06A 58.4V 05A Portable Lifepo4 Waterproof Battery Charger AC to DC Chargers - HEIFEI POWER","robots":{"index":"index","follow":"follow","max-snippet":"max-snippet:-1","max-image-preview":"max-image-preview:large","max-video-preview":"max-video-preview:-1"},"canonical":"https:\/\/www.powerforevercharger.com\/es\/producto\/customized-110v-120v-14-6v-15a-29-2v-10a-43-8v-06a-58-4v-05a-portable-lifepo4-waterproof-battery-charger-ac-to-dc-chargers\/","og_locale":"es_ES","og_type":"article","og_title":"Customized 110V 120V 14.6V 15A 29.2V 10A 43.8V 06A 58.4V 05A Portable Lifepo4 Waterproof Battery Charger AC to DC Chargers - HEIFEI POWER","og_description":"The product shell adopts integrated extruded aluminum sealing structure, The active cooling fan adopts potting structure design to ensure long service life.\u00a0Reliable product engineering and years of industry validation make the charger suitable for use in harsh environments. This\u00a0charger uses die-cast aluminum technology and has mounting holes. It can be used as a car charger. [&hellip;]","og_url":"https:\/\/www.powerforevercharger.com\/es\/producto\/customized-110v-120v-14-6v-15a-29-2v-10a-43-8v-06a-58-4v-05a-portable-lifepo4-waterproof-battery-charger-ac-to-dc-chargers\/","og_site_name":"HEIFEI POWER","article_modified_time":"2024-09-05T14:30:45+00:00","og_image":[{"width":2000,"height":2000,"url":"https:\/\/www.powerforevercharger.com\/wp-content\/uploads\/2024\/09\/1\u4e3b\u56fe1-47.jpg","type":"image\/jpeg"}],"twitter_card":"summary_large_image","twitter_misc":{"Tiempo de lectura":"2 minutos"},"schema":{"@context":"https:\/\/schema.org","@graph":[{"@type":"WebPage","@id":"https:\/\/www.powerforevercharger.com\/product\/customized-110v-120v-14-6v-15a-29-2v-10a-43-8v-06a-58-4v-05a-portable-lifepo4-waterproof-battery-charger-ac-to-dc-chargers\/","url":"https:\/\/www.powerforevercharger.com\/product\/customized-110v-120v-14-6v-15a-29-2v-10a-43-8v-06a-58-4v-05a-portable-lifepo4-waterproof-battery-charger-ac-to-dc-chargers\/","name":"Customized 110V 120V 14.6V 15A 29.2V 10A 43.8V 06A 58.4V 05A Portable Lifepo4 Waterproof Battery Charger AC to DC Chargers - HEIFEI POWER","isPartOf":{"@id":"https:\/\/www.powerforevercharger.com\/es\/#website"},"datePublished":"2024-09-05T09:07:33+00:00","dateModified":"2024-09-05T14:30:45+00:00","breadcrumb":{"@id":"https:\/\/www.powerforevercharger.com\/product\/customized-110v-120v-14-6v-15a-29-2v-10a-43-8v-06a-58-4v-05a-portable-lifepo4-waterproof-battery-charger-ac-to-dc-chargers\/#breadcrumb"},"inLanguage":"es","potentialAction":[{"@type":"ReadAction","target":["https:\/\/www.powerforevercharger.com\/product\/customized-110v-120v-14-6v-15a-29-2v-10a-43-8v-06a-58-4v-05a-portable-lifepo4-waterproof-battery-charger-ac-to-dc-chargers\/"]}]},{"@type":"BreadcrumbList","@id":"https:\/\/www.powerforevercharger.com\/product\/customized-110v-120v-14-6v-15a-29-2v-10a-43-8v-06a-58-4v-05a-portable-lifepo4-waterproof-battery-charger-ac-to-dc-chargers\/#breadcrumb","itemListElement":[{"@type":"ListItem","position":1,"name":"\u9996\u9875","item":"https:\/\/www.powerforevercharger.com\/"},{"@type":"ListItem","position":2,"name":"Shop","item":"https:\/\/www.powerforevercharger.com\/es\/shop\/"},{"@type":"ListItem","position":3,"name":"Customized 110V 120V 14.6V 15A 29.2V 10A 43.8V 06A 58.4V 05A Portable Lifepo4 Waterproof Battery Charger AC to DC Chargers"}]},{"@type":"WebSite","@id":"https:\/\/www.powerforevercharger.com\/es\/#website","url":"https:\/\/www.powerforevercharger.com\/es\/","name":"HEIFEI POWER","description":"","publisher":{"@id":"https:\/\/www.powerforevercharger.com\/es\/#organization"},"potentialAction":[{"@type":"SearchAction","target":{"@type":"EntryPoint","urlTemplate":"https:\/\/www.powerforevercharger.com\/es\/?s={search_term_string}"},"query-input":"required name=search_term_string"}],"inLanguage":"es"},{"@type":"Organization","@id":"https:\/\/www.powerforevercharger.com\/es\/#organization","name":"HEIFEI POWER","url":"https:\/\/www.powerforevercharger.com\/es\/","logo":{"@type":"ImageObject","inLanguage":"es","@id":"https:\/\/www.powerforevercharger.com\/es\/#\/schema\/logo\/image\/","url":"https:\/\/www.powerforevercharger.com\/wp-content\/uploads\/2024\/05\/logoNws2.png","contentUrl":"https:\/\/www.powerforevercharger.com\/wp-content\/uploads\/2024\/05\/logoNws2.png","width":258,"height":100,"caption":"HEIFEI POWER"},"image":{"@id":"https:\/\/www.powerforevercharger.com\/es\/#\/schema\/logo\/image\/"}}]}},"_links":{"self":[{"href":"https:\/\/www.powerforevercharger.com\/es\/wp-json\/wp\/v2\/product\/4894","targetHints":{"allow":["GET"]}}],"collection":[{"href":"https:\/\/www.powerforevercharger.com\/es\/wp-json\/wp\/v2\/product"}],"about":[{"href":"https:\/\/www.powerforevercharger.com\/es\/wp-json\/wp\/v2\/types\/product"}],"replies":[{"embeddable":true,"href":"https:\/\/www.powerforevercharger.com\/es\/wp-json\/wp\/v2\/comments?post=4894"}],"version-history":[{"count":2,"href":"https:\/\/www.powerforevercharger.com\/es\/wp-json\/wp\/v2\/product\/4894\/revisions"}],"predecessor-version":[{"id":5099,"href":"https:\/\/www.powerforevercharger.com\/es\/wp-json\/wp\/v2\/product\/4894\/revisions\/5099"}],"wp:featuredmedia":[{"embeddable":true,"href":"https:\/\/www.powerforevercharger.com\/es\/wp-json\/wp\/v2\/media\/4895"}],"wp:attachment":[{"href":"https:\/\/www.powerforevercharger.com\/es\/wp-json\/wp\/v2\/media?parent=4894"}],"wp:term":[{"taxonomy":"product_cat","embeddable":true,"href":"https:\/\/www.powerforevercharger.com\/es\/wp-json\/wp\/v2\/product_cat?post=4894"},{"taxonomy":"product_tag","embeddable":true,"href":"https:\/\/www.powerforevercharger.com\/es\/wp-json\/wp\/v2\/product_tag?post=4894"}],"curies":[{"name":"wp","href":"https:\/\/api.w.org\/{rel}","templated":true}]}}