{"id":5285,"date":"2026-04-20T10:56:22","date_gmt":"2026-04-20T02:56:22","guid":{"rendered":"https:\/\/www.powerforevercharger.com\/?post_type=product&#038;p=5285"},"modified":"2026-04-20T10:56:22","modified_gmt":"2026-04-20T02:56:22","slug":"2000w-waterproof-charger-48v-30a-35a-charger-for-58-3v-58-4v-58-8v-lithium-battery-lifepo4-200ah-300ah-battery-golf-cart-2","status":"publish","type":"product","link":"https:\/\/www.powerforevercharger.com\/es\/producto\/2000w-waterproof-charger-48v-30a-35a-charger-for-58-3v-58-4v-58-8v-lithium-battery-lifepo4-200ah-300ah-battery-golf-cart-2\/","title":{"rendered":"2000W 84V 20A Onboard Battery Charger"},"content":{"rendered":"<p>La carcasa del producto adopta una estructura de sellado integrada de aluminio extruido. El ventilador de refrigeraci\u00f3n activa adopta un dise\u00f1o de estructura de encapsulado para garantizar una larga vida \u00fatil. La fiabilidad de la ingenier\u00eda de producto y los a\u00f1os de validaci\u00f3n industrial hacen que el cargador sea adecuado para su uso en entornos dif\u00edciles.<\/p>\n<p>Los productos adoptan tecnolog\u00edas de resonancia activa PFC &amp;LLC de medio puente, protecci\u00f3n de hardware fiable y protecci\u00f3n de autocomprobaci\u00f3n de tensi\u00f3n y corriente; Estrategia de carga perfecta. Garantiza que el proceso de carga sea muy seguro.<\/p>\n<p>CNC bus; auxiliar de bajo voltaje 12V; luz indicadora de tres colores puede ser conectada externamente; bloqueo de carga (el sistema de alimentaci\u00f3n del veh\u00edculo puede ser bloqueado a trav\u00e9s del contacto seco del rel\u00e9 durante la carga). Satisface las necesidades de carga en diversas ocasiones.<\/p>\n<p>est\u00e1 dise\u00f1ado con m\u00faltiples funciones de seguridad, como protecci\u00f3n contra sobrecarga, protecci\u00f3n contra cortocircuitos y protecci\u00f3n contra polaridad inversa, para evitar cualquier da\u00f1o a la bater\u00eda o al propio cargador. El cargador tambi\u00e9n est\u00e1 dise\u00f1ado para detectar autom\u00e1ticamente el nivel de carga de la bater\u00eda y ajustar la velocidad de carga en consecuencia, garantizando una carga segura y eficiente en todo momento.<\/p>\n<table width=\"1411\">\n<tbody>\n<tr>\n<td width=\"255\">Modelo\uff1a<\/td>\n<td width=\"421\">QA2000A-48V35A<\/td>\n<td width=\"313\">Shell:<\/td>\n<td width=\"421\">Alumiunim<\/td>\n<\/tr>\n<tr>\n<td width=\"255\">Entrada de CA:<\/td>\n<td width=\"421\">180-264VAC\uff1b45-65Hz<\/td>\n<td width=\"313\">Tama\u00f1o:<\/td>\n<td width=\"421\">287*168*70 mm 11,3*6,61*2,76 pulgadas<\/td>\n<\/tr>\n<tr>\n<td width=\"255\">Corriente de entrada m\u00e1xima:<\/td>\n<td>16A@220VAC<\/td>\n<td width=\"313\">Peso\uff1a<\/td>\n<td width=\"421\">4.0kg<\/td>\n<\/tr>\n<tr>\n<td width=\"255\">Eficiencia m\u00e1xima:<\/td>\n<td width=\"421\">\u226593.0%<\/td>\n<td width=\"313\">Impermeable:<\/td>\n<td width=\"421\">IP67<\/td>\n<\/tr>\n<tr>\n<td width=\"255\">Ruido:<\/td>\n<td width=\"421\">\u226445dB<\/td>\n<td width=\"313\">Temperatura de funcionamiento\uff1a<\/td>\n<td width=\"421\">-30\u2103~65\u2103<\/td>\n<\/tr>\n<tr>\n<td width=\"255\">Color disponible<\/td>\n<td width=\"421\">\u00a0Amarillo mezcla de plata, Completo en plata;<br \/>\notros colores personalizables<\/td>\n<td width=\"313\">Temperatura de almacenamiento:<\/td>\n<td width=\"421\">-40\u2103~95\u2103<\/td>\n<\/tr>\n<tr>\n<td width=\"255\">Modo de control<\/td>\n<td width=\"421\">Chip de control digital independiente e inteligente<\/td>\n<td width=\"313\">Garant\u00eda<\/td>\n<td width=\"421\">2 a\u00f1os<\/td>\n<\/tr>\n<tr>\n<td width=\"255\">Factor de potencia<\/td>\n<td width=\"421\">\u22650.99<\/td>\n<td width=\"313\">MOQ:<\/td>\n<td width=\"421\">4 juegos<\/td>\n<\/tr>\n<tr>\n<td width=\"255\">Indicador LED Tipo1<br \/>\n<img decoding=\"async\" class=\"alignnone wp-image-2727\" src=\"https:\/\/www.powerforevercharger.com\/wp-content\/uploads\/2024\/09\/\u56fe\u72471-11.png\" alt=\"\" width=\"72\" height=\"69\" srcset=\"https:\/\/www.powerforevercharger.com\/wp-content\/uploads\/2024\/09\/\u56fe\u72471-11.png 271w, https:\/\/www.powerforevercharger.com\/wp-content\/uploads\/2024\/09\/\u56fe\u72471-11-13x12.png 13w\" sizes=\"(max-width: 72px) 100vw, 72px\" \/><\/td>\n<td width=\"421\">Luz roja intermitente: \u226490%<br \/>\nLuz verde intermitente: \u226590%<br \/>\nLa luz verde est\u00e1 siempre encendida: 100%<\/td>\n<td width=\"313\">Indicador LED Tipo2<br \/>\n<img decoding=\"async\" class=\"alignnone wp-image-2726\" src=\"https:\/\/www.powerforevercharger.com\/wp-content\/uploads\/2024\/09\/\u56fe\u72471-10.png\" alt=\"\" width=\"71\" height=\"70\" srcset=\"https:\/\/www.powerforevercharger.com\/wp-content\/uploads\/2024\/09\/\u56fe\u72471-10.png 196w, https:\/\/www.powerforevercharger.com\/wp-content\/uploads\/2024\/09\/\u56fe\u72471-10-150x150.png 150w, https:\/\/www.powerforevercharger.com\/wp-content\/uploads\/2024\/09\/\u56fe\u72471-10-12x12.png 12w, https:\/\/www.powerforevercharger.com\/wp-content\/uploads\/2024\/09\/\u56fe\u72471-10-100x100.png 100w, https:\/\/www.powerforevercharger.com\/wp-content\/uploads\/2024\/09\/\u56fe\u72471-10-50x50.png 50w\" sizes=\"(max-width: 71px) 100vw, 71px\" \/><\/td>\n<td width=\"421\">Luz roja intermitente: \u226480%<br \/>\nLuz amarilla intermitente: \u226580%<br \/>\nLuz verde intermitente: \u2248100%<br \/>\nLa luz verde est\u00e1 siempre encendida: 100%<\/td>\n<\/tr>\n<tr>\n<td width=\"255\">Curva de carga Personalizada<\/td>\n<td>S\u00ed (precarga, apagado autom\u00e1tico, protecci\u00f3n contra sobrecarga, etc.).<\/td>\n<td><\/td>\n<td><\/td>\n<\/tr>\n<tr>\n<td width=\"255\">Protecci\u00f3n:<\/td>\n<td colspan=\"3\" width=\"1156\">1.Protecci\u00f3n contra quemaduras,<br \/>\n2.Protecci\u00f3n contra la conexi\u00f3n inversa de las bater\u00edas<br \/>\n3.Protecci\u00f3n sin carga<br \/>\n4.Protecci\u00f3n contra cortocircuitos<br \/>\n5.Apagado autom\u00e1tico cuando est\u00e1 completamente cargada<\/td>\n<\/tr>\n<tr>\n<td width=\"255\">Paquete<\/td>\n<td colspan=\"3\" width=\"1156\">4 unidades por caja\uff1bEn caja de cart\u00f3n individual\uff08Con espuma\uff09\uff1a 390*240*175mm<br \/>\nDimensiones exteriores de la caja:50*41*37cm<\/td>\n<\/tr>\n<tr>\n<td width=\"255\">Aplicaci\u00f3n<\/td>\n<td colspan=\"3\" width=\"1156\">Es adecuado para bater\u00edas de plomo-\u00e1cido inundadas, bater\u00edas de plomo-\u00e1cido selladas, bater\u00edas de litio, bater\u00edas NI-MH, bater\u00edas de n\u00edquel-cadmio, etc.<\/td>\n<\/tr>\n<\/tbody>\n<\/table>\n<p><img fetchpriority=\"high\" decoding=\"async\" class=\"alignnone size-full wp-image-3950\" src=\"https:\/\/www.powerforevercharger.com\/wp-content\/uploads\/2024\/09\/Over-view-\u6587\u5b57\u4e0b\u9762\u7684\u56fe\u7247-41.jpg\" alt=\"\" width=\"2000\" height=\"2000\" srcset=\"https:\/\/www.powerforevercharger.com\/wp-content\/uploads\/2024\/09\/Over-view-\u6587\u5b57\u4e0b\u9762\u7684\u56fe\u7247-41.jpg 2000w, https:\/\/www.powerforevercharger.com\/wp-content\/uploads\/2024\/09\/Over-view-\u6587\u5b57\u4e0b\u9762\u7684\u56fe\u7247-41-300x300.jpg 300w, https:\/\/www.powerforevercharger.com\/wp-content\/uploads\/2024\/09\/Over-view-\u6587\u5b57\u4e0b\u9762\u7684\u56fe\u7247-41-1024x1024.jpg 1024w, https:\/\/www.powerforevercharger.com\/wp-content\/uploads\/2024\/09\/Over-view-\u6587\u5b57\u4e0b\u9762\u7684\u56fe\u7247-41-150x150.jpg 150w, https:\/\/www.powerforevercharger.com\/wp-content\/uploads\/2024\/09\/Over-view-\u6587\u5b57\u4e0b\u9762\u7684\u56fe\u7247-41-768x768.jpg 768w, https:\/\/www.powerforevercharger.com\/wp-content\/uploads\/2024\/09\/Over-view-\u6587\u5b57\u4e0b\u9762\u7684\u56fe\u7247-41-1536x1536.jpg 1536w, https:\/\/www.powerforevercharger.com\/wp-content\/uploads\/2024\/09\/Over-view-\u6587\u5b57\u4e0b\u9762\u7684\u56fe\u7247-41-12x12.jpg 12w, https:\/\/www.powerforevercharger.com\/wp-content\/uploads\/2024\/09\/Over-view-\u6587\u5b57\u4e0b\u9762\u7684\u56fe\u7247-41-600x600.jpg 600w, https:\/\/www.powerforevercharger.com\/wp-content\/uploads\/2024\/09\/Over-view-\u6587\u5b57\u4e0b\u9762\u7684\u56fe\u7247-41-100x100.jpg 100w, https:\/\/www.powerforevercharger.com\/wp-content\/uploads\/2024\/09\/Over-view-\u6587\u5b57\u4e0b\u9762\u7684\u56fe\u7247-41-50x50.jpg 50w\" sizes=\"(max-width: 2000px) 100vw, 2000px\" \/><\/p>","protected":false},"excerpt":{"rendered":"<p>Product shell adopts integrated extruded aluminum sealing structure, The active cooling fan adopts potting structure design to ensure long service life.\u00a0Reliable product engineering and years of industry validation make the charger suitable for use in harsh environments. The Products adopt active PFC &amp;LLC half-bridge resonance technologies, reliable hardware protection and voltage and current self-check protection; [&hellip;]<\/p>","protected":false},"featured_media":3937,"comment_status":"open","ping_status":"closed","template":"","meta":{"_acf_changed":false},"product_cat":[24],"product_tag":[],"class_list":{"0":"post-5285","1":"product","2":"type-product","3":"status-publish","4":"has-post-thumbnail","6":"product_cat-84v-charger","8":"first","9":"instock","10":"shipping-taxable","11":"product-type-simple"},"acf":[],"yoast_head":"<!-- This site is optimized with the Yoast SEO plugin v20.11 - https:\/\/yoast.com\/wordpress\/plugins\/seo\/ -->\n<title>2000W 84V 20A Onboard Battery Charger - HEIFEI POWER<\/title>\n<meta name=\"robots\" content=\"index, follow, max-snippet:-1, max-image-preview:large, max-video-preview:-1\" \/>\n<link rel=\"canonical\" href=\"https:\/\/www.powerforevercharger.com\/es\/producto\/2000w-waterproof-charger-48v-30a-35a-charger-for-58-3v-58-4v-58-8v-lithium-battery-lifepo4-200ah-300ah-battery-golf-cart-2\/\" \/>\n<meta property=\"og:locale\" content=\"es_ES\" \/>\n<meta property=\"og:type\" content=\"article\" \/>\n<meta property=\"og:title\" content=\"2000W 84V 20A Onboard Battery Charger - HEIFEI POWER\" \/>\n<meta property=\"og:description\" content=\"Product shell adopts integrated extruded aluminum sealing structure, The active cooling fan adopts potting structure design to ensure long service life.\u00a0Reliable product engineering and years of industry validation make the charger suitable for use in harsh environments. The Products adopt active PFC &amp;LLC half-bridge resonance technologies, reliable hardware protection and voltage and current self-check protection; [&hellip;]\" \/>\n<meta property=\"og:url\" content=\"https:\/\/www.powerforevercharger.com\/es\/producto\/2000w-waterproof-charger-48v-30a-35a-charger-for-58-3v-58-4v-58-8v-lithium-battery-lifepo4-200ah-300ah-battery-golf-cart-2\/\" \/>\n<meta property=\"og:site_name\" content=\"HEIFEI POWER\" \/>\n<meta property=\"og:image\" content=\"https:\/\/www.powerforevercharger.com\/wp-content\/uploads\/2024\/09\/\u4e3b\u56fe1.jpg\" \/>\n\t<meta property=\"og:image:width\" content=\"2000\" \/>\n\t<meta property=\"og:image:height\" content=\"2000\" \/>\n\t<meta property=\"og:image:type\" content=\"image\/jpeg\" \/>\n<meta name=\"twitter:card\" content=\"summary_large_image\" \/>\n<meta name=\"twitter:label1\" content=\"Tiempo de lectura\" \/>\n\t<meta name=\"twitter:data1\" content=\"3 minutos\" \/>\n<script type=\"application\/ld+json\" class=\"yoast-schema-graph\">{\"@context\":\"https:\/\/schema.org\",\"@graph\":[{\"@type\":\"WebPage\",\"@id\":\"https:\/\/www.powerforevercharger.com\/product\/2000w-waterproof-charger-48v-30a-35a-charger-for-58-3v-58-4v-58-8v-lithium-battery-lifepo4-200ah-300ah-battery-golf-cart-2\/\",\"url\":\"https:\/\/www.powerforevercharger.com\/product\/2000w-waterproof-charger-48v-30a-35a-charger-for-58-3v-58-4v-58-8v-lithium-battery-lifepo4-200ah-300ah-battery-golf-cart-2\/\",\"name\":\"2000W 84V 20A Onboard Battery Charger - HEIFEI POWER\",\"isPartOf\":{\"@id\":\"https:\/\/www.powerforevercharger.com\/es\/#website\"},\"datePublished\":\"2026-04-20T02:56:22+00:00\",\"dateModified\":\"2026-04-20T02:56:22+00:00\",\"breadcrumb\":{\"@id\":\"https:\/\/www.powerforevercharger.com\/product\/2000w-waterproof-charger-48v-30a-35a-charger-for-58-3v-58-4v-58-8v-lithium-battery-lifepo4-200ah-300ah-battery-golf-cart-2\/#breadcrumb\"},\"inLanguage\":\"es\",\"potentialAction\":[{\"@type\":\"ReadAction\",\"target\":[\"https:\/\/www.powerforevercharger.com\/product\/2000w-waterproof-charger-48v-30a-35a-charger-for-58-3v-58-4v-58-8v-lithium-battery-lifepo4-200ah-300ah-battery-golf-cart-2\/\"]}]},{\"@type\":\"BreadcrumbList\",\"@id\":\"https:\/\/www.powerforevercharger.com\/product\/2000w-waterproof-charger-48v-30a-35a-charger-for-58-3v-58-4v-58-8v-lithium-battery-lifepo4-200ah-300ah-battery-golf-cart-2\/#breadcrumb\",\"itemListElement\":[{\"@type\":\"ListItem\",\"position\":1,\"name\":\"\u9996\u9875\",\"item\":\"https:\/\/www.powerforevercharger.com\/\"},{\"@type\":\"ListItem\",\"position\":2,\"name\":\"Shop\",\"item\":\"https:\/\/www.powerforevercharger.com\/es\/shop\/\"},{\"@type\":\"ListItem\",\"position\":3,\"name\":\"2000W 84V 20A Onboard Battery Charger\"}]},{\"@type\":\"WebSite\",\"@id\":\"https:\/\/www.powerforevercharger.com\/es\/#website\",\"url\":\"https:\/\/www.powerforevercharger.com\/es\/\",\"name\":\"HEIFEI POWER\",\"description\":\"\",\"publisher\":{\"@id\":\"https:\/\/www.powerforevercharger.com\/es\/#organization\"},\"potentialAction\":[{\"@type\":\"SearchAction\",\"target\":{\"@type\":\"EntryPoint\",\"urlTemplate\":\"https:\/\/www.powerforevercharger.com\/es\/?s={search_term_string}\"},\"query-input\":\"required name=search_term_string\"}],\"inLanguage\":\"es\"},{\"@type\":\"Organization\",\"@id\":\"https:\/\/www.powerforevercharger.com\/es\/#organization\",\"name\":\"HEIFEI POWER\",\"url\":\"https:\/\/www.powerforevercharger.com\/es\/\",\"logo\":{\"@type\":\"ImageObject\",\"inLanguage\":\"es\",\"@id\":\"https:\/\/www.powerforevercharger.com\/es\/#\/schema\/logo\/image\/\",\"url\":\"https:\/\/www.powerforevercharger.com\/wp-content\/uploads\/2024\/05\/logoNws2.png\",\"contentUrl\":\"https:\/\/www.powerforevercharger.com\/wp-content\/uploads\/2024\/05\/logoNws2.png\",\"width\":258,\"height\":100,\"caption\":\"HEIFEI POWER\"},\"image\":{\"@id\":\"https:\/\/www.powerforevercharger.com\/es\/#\/schema\/logo\/image\/\"}}]}<\/script>\n<!-- \/ Yoast SEO plugin. -->","yoast_head_json":{"title":"2000W 84V 20A Onboard Battery Charger - HEIFEI POWER","robots":{"index":"index","follow":"follow","max-snippet":"max-snippet:-1","max-image-preview":"max-image-preview:large","max-video-preview":"max-video-preview:-1"},"canonical":"https:\/\/www.powerforevercharger.com\/es\/producto\/2000w-waterproof-charger-48v-30a-35a-charger-for-58-3v-58-4v-58-8v-lithium-battery-lifepo4-200ah-300ah-battery-golf-cart-2\/","og_locale":"es_ES","og_type":"article","og_title":"2000W 84V 20A Onboard Battery Charger - HEIFEI POWER","og_description":"Product shell adopts integrated extruded aluminum sealing structure, The active cooling fan adopts potting structure design to ensure long service life.\u00a0Reliable product engineering and years of industry validation make the charger suitable for use in harsh environments. The Products adopt active PFC &amp;LLC half-bridge resonance technologies, reliable hardware protection and voltage and current self-check protection; [&hellip;]","og_url":"https:\/\/www.powerforevercharger.com\/es\/producto\/2000w-waterproof-charger-48v-30a-35a-charger-for-58-3v-58-4v-58-8v-lithium-battery-lifepo4-200ah-300ah-battery-golf-cart-2\/","og_site_name":"HEIFEI POWER","og_image":[{"width":2000,"height":2000,"url":"https:\/\/www.powerforevercharger.com\/wp-content\/uploads\/2024\/09\/\u4e3b\u56fe1.jpg","type":"image\/jpeg"}],"twitter_card":"summary_large_image","twitter_misc":{"Tiempo de lectura":"3 minutos"},"schema":{"@context":"https:\/\/schema.org","@graph":[{"@type":"WebPage","@id":"https:\/\/www.powerforevercharger.com\/product\/2000w-waterproof-charger-48v-30a-35a-charger-for-58-3v-58-4v-58-8v-lithium-battery-lifepo4-200ah-300ah-battery-golf-cart-2\/","url":"https:\/\/www.powerforevercharger.com\/product\/2000w-waterproof-charger-48v-30a-35a-charger-for-58-3v-58-4v-58-8v-lithium-battery-lifepo4-200ah-300ah-battery-golf-cart-2\/","name":"2000W 84V 20A Onboard Battery Charger - HEIFEI POWER","isPartOf":{"@id":"https:\/\/www.powerforevercharger.com\/es\/#website"},"datePublished":"2026-04-20T02:56:22+00:00","dateModified":"2026-04-20T02:56:22+00:00","breadcrumb":{"@id":"https:\/\/www.powerforevercharger.com\/product\/2000w-waterproof-charger-48v-30a-35a-charger-for-58-3v-58-4v-58-8v-lithium-battery-lifepo4-200ah-300ah-battery-golf-cart-2\/#breadcrumb"},"inLanguage":"es","potentialAction":[{"@type":"ReadAction","target":["https:\/\/www.powerforevercharger.com\/product\/2000w-waterproof-charger-48v-30a-35a-charger-for-58-3v-58-4v-58-8v-lithium-battery-lifepo4-200ah-300ah-battery-golf-cart-2\/"]}]},{"@type":"BreadcrumbList","@id":"https:\/\/www.powerforevercharger.com\/product\/2000w-waterproof-charger-48v-30a-35a-charger-for-58-3v-58-4v-58-8v-lithium-battery-lifepo4-200ah-300ah-battery-golf-cart-2\/#breadcrumb","itemListElement":[{"@type":"ListItem","position":1,"name":"\u9996\u9875","item":"https:\/\/www.powerforevercharger.com\/"},{"@type":"ListItem","position":2,"name":"Shop","item":"https:\/\/www.powerforevercharger.com\/es\/shop\/"},{"@type":"ListItem","position":3,"name":"2000W 84V 20A Onboard Battery Charger"}]},{"@type":"WebSite","@id":"https:\/\/www.powerforevercharger.com\/es\/#website","url":"https:\/\/www.powerforevercharger.com\/es\/","name":"HEIFEI POWER","description":"","publisher":{"@id":"https:\/\/www.powerforevercharger.com\/es\/#organization"},"potentialAction":[{"@type":"SearchAction","target":{"@type":"EntryPoint","urlTemplate":"https:\/\/www.powerforevercharger.com\/es\/?s={search_term_string}"},"query-input":"required name=search_term_string"}],"inLanguage":"es"},{"@type":"Organization","@id":"https:\/\/www.powerforevercharger.com\/es\/#organization","name":"HEIFEI POWER","url":"https:\/\/www.powerforevercharger.com\/es\/","logo":{"@type":"ImageObject","inLanguage":"es","@id":"https:\/\/www.powerforevercharger.com\/es\/#\/schema\/logo\/image\/","url":"https:\/\/www.powerforevercharger.com\/wp-content\/uploads\/2024\/05\/logoNws2.png","contentUrl":"https:\/\/www.powerforevercharger.com\/wp-content\/uploads\/2024\/05\/logoNws2.png","width":258,"height":100,"caption":"HEIFEI POWER"},"image":{"@id":"https:\/\/www.powerforevercharger.com\/es\/#\/schema\/logo\/image\/"}}]}},"_links":{"self":[{"href":"https:\/\/www.powerforevercharger.com\/es\/wp-json\/wp\/v2\/product\/5285","targetHints":{"allow":["GET"]}}],"collection":[{"href":"https:\/\/www.powerforevercharger.com\/es\/wp-json\/wp\/v2\/product"}],"about":[{"href":"https:\/\/www.powerforevercharger.com\/es\/wp-json\/wp\/v2\/types\/product"}],"replies":[{"embeddable":true,"href":"https:\/\/www.powerforevercharger.com\/es\/wp-json\/wp\/v2\/comments?post=5285"}],"version-history":[{"count":1,"href":"https:\/\/www.powerforevercharger.com\/es\/wp-json\/wp\/v2\/product\/5285\/revisions"}],"predecessor-version":[{"id":5286,"href":"https:\/\/www.powerforevercharger.com\/es\/wp-json\/wp\/v2\/product\/5285\/revisions\/5286"}],"wp:featuredmedia":[{"embeddable":true,"href":"https:\/\/www.powerforevercharger.com\/es\/wp-json\/wp\/v2\/media\/3937"}],"wp:attachment":[{"href":"https:\/\/www.powerforevercharger.com\/es\/wp-json\/wp\/v2\/media?parent=5285"}],"wp:term":[{"taxonomy":"product_cat","embeddable":true,"href":"https:\/\/www.powerforevercharger.com\/es\/wp-json\/wp\/v2\/product_cat?post=5285"},{"taxonomy":"product_tag","embeddable":true,"href":"https:\/\/www.powerforevercharger.com\/es\/wp-json\/wp\/v2\/product_tag?post=5285"}],"curies":[{"name":"wp","href":"https:\/\/api.w.org\/{rel}","templated":true}]}}